{"id":3765,"date":"2025-11-26T13:06:22","date_gmt":"2025-11-26T11:06:22","guid":{"rendered":"https:\/\/medtradex.com\/product\/deconex-foam-plus\/"},"modified":"2025-11-26T13:33:07","modified_gmt":"2025-11-26T11:33:07","slug":"deconex-foam-plus","status":"publish","type":"product","link":"https:\/\/medtradex.com\/fr\/produit\/deconex-foam-plus\/","title":{"rendered":"deconex\u00ae FOAM PLUS"},"content":{"rendered":"<p><strong>Mousse de pr\u00e9traitement d\u00e9sinfectante -enzymatique<\/strong><\/p>\n<h3>Domaine d\u2019application<\/h3>\n<p>Mousse \u00e0 pulv\u00e9riser pr\u00eate \u00e0 l\u2019emploi pour le pr\u00e9traitement manuel de d\u00e9sinfection et de protection contre la corrosion des dispositifs m\u00e9dicaux thermostables non invasifs, c\u2019est-\u00e0-dire les instruments chirurgicaux retraitables, les instruments de chirurgie mini-invasive (CMI) et robotiques et leurs accessoires afin de simplifier le nettoyage ult\u00e9rieur.<\/p>\n<h3>Propri\u00e9t\u00e9s<\/h3>\n<p><strong>Pr\u00e9-nettoyage efficace<\/strong><\/p>\n<ul>\n<li>Emp\u00eache efficacement le dess\u00e8chement du sang et d\u2019autres souillures<\/li>\n<li>Simplifie consid\u00e9rablement le retraitement ult\u00e9rieur des instruments<\/li>\n<\/ul>\n<p><strong>Protection contre la contamination microbienne<\/strong><\/p>\n<ul>\n<li>Effet d\u00e9sinfectant : bact\u00e9ricide, levuricide, virucide limit\u00e9<\/li>\n<li>Efficace contre le SARS-CoV-2 (Corona)<\/li>\n<\/ul>\n<p><strong>Avantages suppl\u00e9mentaires<\/strong><\/p>\n<ul>\n<li>Pr\u00e9vient la corrosion pendant &gt;72 h<\/li>\n<li>Excellente compatibilit\u00e9 avec les mat\u00e9riaux<\/li>\n<li>Mousse stable et durable<\/li>\n<\/ul>\n<p><strong>Produit disponible en bouteille de\u00a0<\/strong><strong>0,5 L\u00a0<\/strong><strong>avec pulv\u00e9risateur pour usage manuel ou en bidon de 5 L pour utilisation avec l\u2019appareil Fast Foam.<\/strong><\/p>\n","protected":false},"excerpt":{"rendered":"<a class=\"button  button_full_width button_size_2\" href=\"\/wp-content\/uploads\/2025\/11\/deconex_FOAM_PLUS_NL_CH_MSDS.pdf\"     target=\"_blank\"    title=\"\"><span class=\"button_label\">Fiche de donn\u00e9es de s\u00e9curit\u00e9<\/span><\/a>\n\n","protected":false},"featured_media":3855,"template":"","meta":[],"product_brand":[561],"product_cat":[590,623],"product_tag":[630,631,633],"class_list":{"0":"post-3765","1":"product","2":"type-product","3":"status-publish","4":"has-post-thumbnail","6":"product_brand-borer-chemie","7":"product_cat-medical","8":"product_cat-instrument-reprocessing","9":"product_tag-csa","10":"product_tag-endoscopie","11":"product_tag-pre-desinfection","13":"first","14":"instock","15":"shipping-taxable","16":"product-type-simple"},"_links":{"self":[{"href":"https:\/\/medtradex.com\/fr\/wp-json\/wp\/v2\/product\/3765","targetHints":{"allow":["GET"]}}],"collection":[{"href":"https:\/\/medtradex.com\/fr\/wp-json\/wp\/v2\/product"}],"about":[{"href":"https:\/\/medtradex.com\/fr\/wp-json\/wp\/v2\/types\/product"}],"wp:featuredmedia":[{"embeddable":true,"href":"https:\/\/medtradex.com\/fr\/wp-json\/wp\/v2\/media\/3855"}],"wp:attachment":[{"href":"https:\/\/medtradex.com\/fr\/wp-json\/wp\/v2\/media?parent=3765"}],"wp:term":[{"taxonomy":"product_brand","embeddable":true,"href":"https:\/\/medtradex.com\/fr\/wp-json\/wp\/v2\/product_brand?post=3765"},{"taxonomy":"product_cat","embeddable":true,"href":"https:\/\/medtradex.com\/fr\/wp-json\/wp\/v2\/product_cat?post=3765"},{"taxonomy":"product_tag","embeddable":true,"href":"https:\/\/medtradex.com\/fr\/wp-json\/wp\/v2\/product_tag?post=3765"}],"curies":[{"name":"wp","href":"https:\/\/api.w.org\/{rel}","templated":true}]}}