{"id":3703,"date":"2025-08-14T14:24:10","date_gmt":"2025-08-14T12:24:10","guid":{"rendered":"https:\/\/medtradex.com\/product\/8e-zyme-eight-enzyme-cleaner\/"},"modified":"2025-11-26T12:02:41","modified_gmt":"2025-11-26T10:02:41","slug":"8e-zyme-eight-enzyme-cleaner","status":"publish","type":"product","link":"https:\/\/medtradex.com\/fr\/produit\/8e-zyme-eight-enzyme-cleaner\/","title":{"rendered":"8E-Zyme Eight Enzyme Cleaner"},"content":{"rendered":"<p><strong>8E-Zyme Eight Enzyme Cleaner<\/strong> est un d\u00e9tergent liquide formul\u00e9 avec 8 enzymes (6 types diff\u00e9rents) pour une utilisation dans les applications de nettoyage manuel, ultrasonique et automatis\u00e9. Ce produit peut \u00eatre utilis\u00e9 sur des instruments chirurgicaux, des endoscopes flexibles et rigides ainsi que d\u2019autres dispositifs m\u00e9dicaux pour \u00e9liminer le sang, les prot\u00e9ines, les glucides, le mucus et les lipides. <strong>8E-Zyme Eight Enzyme Cleaner<\/strong> est compatible avec l\u2019acier inoxydable, les plastiques, les \u00e9lastom\u00e8res et les m\u00e9taux tendres, y compris l\u2019aluminium.<\/p>\n<h3><strong>Caract\u00e9risitiques<\/strong><\/h3>\n<ul>\n<li>Syst\u00e8me multi-enzymatique avec 6 types d\u2019enzymes : prot\u00e9ase, lipase, mannanase, cellulase, amylase et pectate lyase (au total 8 enzymes).<\/li>\n<li>Colorant ajout\u00e9 pour une visibilit\u00e9 \u00e9lev\u00e9e dans l\u2019\u00e9vier ou le nettoyeur ultrasonique.<\/li>\n<li>Syst\u00e8me enzymatique\/nettoyage efficace.<\/li>\n<li>pH neutre et inhibiteurs de corrosion.<\/li>\n<li>Faible moussage.<\/li>\n<li>Biod\u00e9gradable.<\/li>\n<\/ul>\n<h3><strong>Avantages<\/strong><\/h3>\n<ul>\n<li>Nettoyage \u00e0 large spectre du sang, des graisses, du mucus et autres contaminants.<\/li>\n<li>Chimie visible \u00e0 chaque utilisation.<\/li>\n<li>Compatible avec divers mat\u00e9riaux tels que l\u2019aluminium, l\u2019aluminium anodis\u00e9 et les plastiques.<\/li>\n<li>Facile \u00e0 rincer.<\/li>\n<li>Respectueux de l\u2019environnement.<\/li>\n<\/ul>\n","protected":false},"excerpt":{"rendered":"<a class=\"button  button_full_width button_size_2\" href=\"\/wp-content\/uploads\/2025\/11\/SDS_8E-Zyme_FR.pdf\"     target=\"_blank\"    title=\"\"><span class=\"button_label\">Fiche de donn\u00e9es de s\u00e9curit\u00e9<\/span><\/a>\n\n","protected":false},"featured_media":3862,"template":"","meta":[],"product_brand":[608],"product_cat":[590,623],"product_tag":[630,631],"class_list":{"0":"post-3703","1":"product","2":"type-product","3":"status-publish","4":"has-post-thumbnail","6":"product_brand-steris","7":"product_cat-medical","8":"product_cat-instrument-reprocessing","9":"product_tag-csa","10":"product_tag-endoscopie","12":"first","13":"instock","14":"shipping-taxable","15":"product-type-simple"},"_links":{"self":[{"href":"https:\/\/medtradex.com\/fr\/wp-json\/wp\/v2\/product\/3703","targetHints":{"allow":["GET"]}}],"collection":[{"href":"https:\/\/medtradex.com\/fr\/wp-json\/wp\/v2\/product"}],"about":[{"href":"https:\/\/medtradex.com\/fr\/wp-json\/wp\/v2\/types\/product"}],"wp:featuredmedia":[{"embeddable":true,"href":"https:\/\/medtradex.com\/fr\/wp-json\/wp\/v2\/media\/3862"}],"wp:attachment":[{"href":"https:\/\/medtradex.com\/fr\/wp-json\/wp\/v2\/media?parent=3703"}],"wp:term":[{"taxonomy":"product_brand","embeddable":true,"href":"https:\/\/medtradex.com\/fr\/wp-json\/wp\/v2\/product_brand?post=3703"},{"taxonomy":"product_cat","embeddable":true,"href":"https:\/\/medtradex.com\/fr\/wp-json\/wp\/v2\/product_cat?post=3703"},{"taxonomy":"product_tag","embeddable":true,"href":"https:\/\/medtradex.com\/fr\/wp-json\/wp\/v2\/product_tag?post=3703"}],"curies":[{"name":"wp","href":"https:\/\/api.w.org\/{rel}","templated":true}]}}