{"id":3702,"date":"2025-08-14T13:46:47","date_gmt":"2025-08-14T11:46:47","guid":{"rendered":"https:\/\/medtradex.com\/product\/revital-ox-bedside-concentrate-pre-cleaning-kit\/"},"modified":"2025-11-26T11:59:34","modified_gmt":"2025-11-26T09:59:34","slug":"revital-ox-bedside-concentrate-pre-cleaning-kit","status":"publish","type":"product","link":"https:\/\/medtradex.com\/fr\/produit\/revital-ox-bedside-concentrate-pre-cleaning-kit\/","title":{"rendered":"Revital-Ox\u00ae Bedside Concentrate Pre-Cleaning Kit"},"content":{"rendered":"<p><strong>Revital-Ox\u00ae Bedside Concentrate<\/strong> est un d\u00e9tergent enzymatique avec \u00e9ponge impr\u00e9gn\u00e9e, formul\u00e9 pour \u00e9liminer les prot\u00e9ines, les glucides et les lipides \u00e0 l\u2019ext\u00e9rieur et \u00e0 l\u2019int\u00e9rieur des endoscopes flexibles ou rigides ainsi que des instruments chirurgicaux.<\/p>\n<h3>Caract\u00e9ristiques<\/h3>\n<ul>\n<li>Concentr\u00e9<\/li>\n<li>Faible moussage<\/li>\n<li>Emballage individuel<\/li>\n<li>\u00c9ponge plate avec profil rainur\u00e9<\/li>\n<li>Grande surface<\/li>\n<\/ul>\n<h3>Avantages<\/h3>\n<ul>\n<li>Nouvelle solution enzymatique \u00e0 chaque proc\u00e9dure de pr\u00e9-nettoyage<\/li>\n<li>Facile \u00e0 rincer<\/li>\n<li>Tr\u00e8s maniable, usage unique<\/li>\n<li>S\u2019adapte facilement \u00e0 la forme de chaque instrument ; se range ais\u00e9ment dans un emballage compact<\/li>\n<li>Minimise le contact direct du personnel avec l\u2019instrument<\/li>\n<\/ul>\n","protected":false},"excerpt":{"rendered":"<a class=\"button  button_full_width button_size_2\" href=\"\/wp-content\/uploads\/2025\/11\/SDS_Revital-Ox-Bedside-Concentrate-kit_EN.pdf\"     target=\"_blank\"    title=\"\"><span class=\"button_label\">Fiche de donn\u00e9es de s\u00e9curit\u00e9<\/span><\/a>\n\n","protected":false},"featured_media":2670,"template":"","meta":[],"product_brand":[608],"product_cat":[590,623],"product_tag":[630,631,636],"class_list":{"0":"post-3702","1":"product","2":"type-product","3":"status-publish","4":"has-post-thumbnail","6":"product_brand-steris","7":"product_cat-medical","8":"product_cat-instrument-reprocessing","9":"product_tag-csa","10":"product_tag-endoscopie","11":"product_tag-pre-nettoyage","13":"first","14":"instock","15":"shipping-taxable","16":"product-type-simple"},"_links":{"self":[{"href":"https:\/\/medtradex.com\/fr\/wp-json\/wp\/v2\/product\/3702","targetHints":{"allow":["GET"]}}],"collection":[{"href":"https:\/\/medtradex.com\/fr\/wp-json\/wp\/v2\/product"}],"about":[{"href":"https:\/\/medtradex.com\/fr\/wp-json\/wp\/v2\/types\/product"}],"wp:featuredmedia":[{"embeddable":true,"href":"https:\/\/medtradex.com\/fr\/wp-json\/wp\/v2\/media\/2670"}],"wp:attachment":[{"href":"https:\/\/medtradex.com\/fr\/wp-json\/wp\/v2\/media?parent=3702"}],"wp:term":[{"taxonomy":"product_brand","embeddable":true,"href":"https:\/\/medtradex.com\/fr\/wp-json\/wp\/v2\/product_brand?post=3702"},{"taxonomy":"product_cat","embeddable":true,"href":"https:\/\/medtradex.com\/fr\/wp-json\/wp\/v2\/product_cat?post=3702"},{"taxonomy":"product_tag","embeddable":true,"href":"https:\/\/medtradex.com\/fr\/wp-json\/wp\/v2\/product_tag?post=3702"}],"curies":[{"name":"wp","href":"https:\/\/api.w.org\/{rel}","templated":true}]}}