{"id":3701,"date":"2025-08-14T12:58:46","date_gmt":"2025-08-14T10:58:46","guid":{"rendered":"https:\/\/medtradex.com\/product\/scope-check\/"},"modified":"2025-11-25T16:56:18","modified_gmt":"2025-11-25T14:56:18","slug":"scope-check","status":"publish","type":"product","link":"https:\/\/medtradex.com\/fr\/produit\/scope-check\/","title":{"rendered":"Scope-Check"},"content":{"rendered":"<h3>Test de Prot\u00e9ines extr\u00eamement rapide et pr\u00e9cis<\/h3>\n<p>Le\u00a0<strong>Brilliant Blue Scope Check<\/strong>\u00a0est un\u00a0<strong>test extr\u00eamement rapide<\/strong>\u00a0et\u00a0<strong>efficace<\/strong>\u00a0pour\u00a0<strong>d\u00e9tecter<\/strong>\u00a0de\u00a0<strong>faible taux<\/strong>\u00a0de\u00a0<strong>prot\u00e9ines<\/strong>\u00a0sur\u00a0<strong>tous<\/strong>\u00a0les\u00a0<strong>types<\/strong>\u00a0d&rsquo;<strong>endoscopes flexibles<\/strong>\u00a0apr\u00e8s d\u00e9sinfection et st\u00e9rilisation. Ce test est\u00a0<strong>conforme<\/strong>\u00a0\u00e0 la\u00a0<strong>norme CFPP0106<\/strong>\u00a0et est g\u00e9n\u00e9ralement consid\u00e9r\u00e9 et reconnu comme un des tests les plus sensibles disponibles sur le march\u00e9.<\/p>\n<h3>Caract\u00e9ristiques du produit<\/h3>\n<ul>\n<li><strong>D\u00e9tecte<\/strong>\u00a0les\u00a0<strong>prot\u00e9ines<\/strong>\u00a0(jusqu&rsquo;\u00e0\u00a0<strong>1 microgramme<\/strong>\u00a0-1\u03bcg-) en\u00a0<strong>10 secondes<\/strong>;<\/li>\n<li>Le\u00a0<strong>r\u00e9sultat<\/strong>\u00a0se traduit par un\u00a0<strong>changement<\/strong>\u00a0de\u00a0<strong>couleur clair<\/strong>\u00a0mais\u00a0<strong>consistant<\/strong>\u00a0du r\u00e9actif;<\/li>\n<li>Les\u00a0<strong>\u00e9couvillons<\/strong>\u00a0ont une\u00a0<strong>longueur<\/strong>\u00a0de\u00a0<strong>2,5 m<\/strong>;<\/li>\n<li><strong>\u00c9couvillons disponibles<\/strong>\u00a0en\u00a0<strong>3 diam\u00e8tres diff\u00e9rents<\/strong>, pour tester tous les types d&rsquo;endoscopes selon la\u00a0<strong>norme CFPP0106<\/strong>.<\/li>\n<\/ul>\n<div class=\"content_video iframe auto-wh\"><iframe style=\"\" class=\"scale-with-grid mcb-video\" src=\"https:\/\/www.youtube.com\/embed\/sJKpp0c1YPQ?wmode=opaque&amp;rel=0&amp;enablejsapi=1\" allowfullscreen><\/iframe>\n<\/div>\n\n","protected":false},"excerpt":{"rendered":"<a class=\"button  button_full_width button_size_2\" href=\"\/wp-content\/uploads\/2025\/08\/Data-Sheet-Medisafe-Valisafe-ScopeCheck-EN.pdf\"     target=\"_blank\"    title=\"\"><span class=\"button_label\">Brochure<\/span><\/a>\n\n","protected":false},"featured_media":3468,"template":"","meta":[],"product_brand":[608],"product_cat":[590,623],"product_tag":[630,631],"class_list":{"0":"post-3701","1":"product","2":"type-product","3":"status-publish","4":"has-post-thumbnail","6":"product_brand-steris","7":"product_cat-medical","8":"product_cat-instrument-reprocessing","9":"product_tag-csa","10":"product_tag-endoscopie","12":"first","13":"instock","14":"shipping-taxable","15":"product-type-simple"},"_links":{"self":[{"href":"https:\/\/medtradex.com\/fr\/wp-json\/wp\/v2\/product\/3701","targetHints":{"allow":["GET"]}}],"collection":[{"href":"https:\/\/medtradex.com\/fr\/wp-json\/wp\/v2\/product"}],"about":[{"href":"https:\/\/medtradex.com\/fr\/wp-json\/wp\/v2\/types\/product"}],"wp:featuredmedia":[{"embeddable":true,"href":"https:\/\/medtradex.com\/fr\/wp-json\/wp\/v2\/media\/3468"}],"wp:attachment":[{"href":"https:\/\/medtradex.com\/fr\/wp-json\/wp\/v2\/media?parent=3701"}],"wp:term":[{"taxonomy":"product_brand","embeddable":true,"href":"https:\/\/medtradex.com\/fr\/wp-json\/wp\/v2\/product_brand?post=3701"},{"taxonomy":"product_cat","embeddable":true,"href":"https:\/\/medtradex.com\/fr\/wp-json\/wp\/v2\/product_cat?post=3701"},{"taxonomy":"product_tag","embeddable":true,"href":"https:\/\/medtradex.com\/fr\/wp-json\/wp\/v2\/product_tag?post=3701"}],"curies":[{"name":"wp","href":"https:\/\/api.w.org\/{rel}","templated":true}]}}