{"id":3699,"date":"2025-08-14T12:17:14","date_gmt":"2025-08-14T10:17:14","guid":{"rendered":"https:\/\/medtradex.com\/product\/distal-tip-soaker\/"},"modified":"2025-11-25T16:50:50","modified_gmt":"2025-11-25T14:50:50","slug":"distal-tip-soaker","status":"publish","type":"product","link":"https:\/\/medtradex.com\/fr\/produit\/distal-tip-soaker\/","title":{"rendered":"Distal Tip Soaker"},"content":{"rendered":"<p>Medtradex vous propose -dans le segment du\u00a0<strong>Pr\u00e9-nettoyage<\/strong>&#8211; des\u00a0<strong>solutions innovantes<\/strong>\u00a0qui\u00a0<strong>augmentent l&rsquo;efficacit\u00e9 du nettoyage<\/strong>, fournissent les outils n\u00e9cessaires,\u00a0<strong>renforcent la s\u00e9curit\u00e9<\/strong>\u00a0et sont\u00a0<strong>beaucoup moins stressant<\/strong>\u00a0pour les employ\u00e9s qui utilisent ce mat\u00e9riel quotidiennement durant les trajets entre le bloc op\u00e9ratoire et le service de st\u00e9rilisation centrale.<\/p>\n<h3>Caract\u00e9ristiques<\/h3>\n<ul>\n<li><strong>Maintient<\/strong>\u00a0les\u00a0<strong>extr\u00e9mit\u00e9s distales<\/strong>\u00a0des instruments\u00a0<strong>humides<\/strong>\u00a0afin de faciliter leur nettoyage.<\/li>\n<li><strong>Action principale<\/strong>: garder les instruments humides entre leur service et la st\u00e9rilisation centrale.<\/li>\n<li>Convient pour\u00a0<strong>tous les instruments<\/strong>, y compris les\u00a0<strong>instruments creux complexes<\/strong>.<\/li>\n<li><strong>Efficace<\/strong>,\u00a0<strong>rapide<\/strong>\u00a0et\u00a0<strong>facile<\/strong>\u00a0\u00e0 utiliser.<\/li>\n<li>Le pr\u00e9-trempage dans le d\u00e9partement de st\u00e9rilisation n\u2019est plus n\u00e9cessaire.<\/li>\n<li><strong>Emp\u00eache<\/strong>\u00a0le\u00a0<strong>s\u00e9chage<\/strong>\u00a0et emp\u00eache la contamination organique.<\/li>\n<\/ul>\n<div class=\"content_video iframe auto-wh\"><iframe style=\"\" class=\"scale-with-grid mcb-video\" src=\"https:\/\/www.youtube.com\/embed\/pmVHCNCMwBo?wmode=opaque&amp;rel=0&amp;enablejsapi=1\" allowfullscreen><\/iframe>\n<\/div>\n\n","protected":false},"excerpt":{"rendered":"<a class=\"button  button_full_width button_size_2\" href=\"\/wp-content\/uploads\/2025\/08\/Brochure-Medisafe-Distal-Tip-Soaker-EN.pdf\"     target=\"_blank\"    title=\"\"><span class=\"button_label\">Brochure<\/span><\/a>\n\n","protected":false},"featured_media":3451,"template":"","meta":[],"product_brand":[608],"product_cat":[590,623],"product_tag":[630,636],"class_list":{"0":"post-3699","1":"product","2":"type-product","3":"status-publish","4":"has-post-thumbnail","6":"product_brand-steris","7":"product_cat-medical","8":"product_cat-instrument-reprocessing","9":"product_tag-csa","10":"product_tag-pre-nettoyage","12":"first","13":"instock","14":"shipping-taxable","15":"product-type-simple"},"_links":{"self":[{"href":"https:\/\/medtradex.com\/fr\/wp-json\/wp\/v2\/product\/3699","targetHints":{"allow":["GET"]}}],"collection":[{"href":"https:\/\/medtradex.com\/fr\/wp-json\/wp\/v2\/product"}],"about":[{"href":"https:\/\/medtradex.com\/fr\/wp-json\/wp\/v2\/types\/product"}],"wp:featuredmedia":[{"embeddable":true,"href":"https:\/\/medtradex.com\/fr\/wp-json\/wp\/v2\/media\/3451"}],"wp:attachment":[{"href":"https:\/\/medtradex.com\/fr\/wp-json\/wp\/v2\/media?parent=3699"}],"wp:term":[{"taxonomy":"product_brand","embeddable":true,"href":"https:\/\/medtradex.com\/fr\/wp-json\/wp\/v2\/product_brand?post=3699"},{"taxonomy":"product_cat","embeddable":true,"href":"https:\/\/medtradex.com\/fr\/wp-json\/wp\/v2\/product_cat?post=3699"},{"taxonomy":"product_tag","embeddable":true,"href":"https:\/\/medtradex.com\/fr\/wp-json\/wp\/v2\/product_tag?post=3699"}],"curies":[{"name":"wp","href":"https:\/\/api.w.org\/{rel}","templated":true}]}}