{"id":3698,"date":"2025-11-25T16:30:11","date_gmt":"2025-11-25T14:30:11","guid":{"rendered":"https:\/\/medtradex.com\/?post_type=product&#038;p=3698"},"modified":"2025-11-25T17:00:24","modified_gmt":"2025-11-25T15:00:24","slug":"si-pcf-s","status":"publish","type":"product","link":"https:\/\/medtradex.com\/fr\/produit\/si-pcf-s\/","title":{"rendered":"SI PCF \u2018S\u2019"},"content":{"rendered":"<p>Le nouveau <strong>High Powered SI PCF \u2018S\u2019<\/strong> nettoie et d\u00e9sinfecte jusqu\u2019\u00e0 <strong>40 instruments creux<\/strong> en <strong>un seul cycle ininterrompu<\/strong>. La station de retraitement des instruments peut \u00eatre utilis\u00e9e comme <strong>unit\u00e9 autonome, station de lavage double ou multiple.<\/strong><\/p>\n<h3>Principaux avantages et caract\u00e9ristiques<\/h3>\n<ul>\n<li>D\u00e9sinfection thermique (A\u2080 3000)<\/li>\n<li>Compatible avec la <strong>famille da Vinci<\/strong><\/li>\n<li>Produit moins de <strong>&lt;5 \u03bcg par cycle<\/strong><\/li>\n<li>Technologie <strong>Sonic Irrigation\u2122<\/strong><\/li>\n<li>Nouvel <strong>\u00e9cran tactile<\/strong> avec technologie d\u2019animation<\/li>\n<li><strong>G\u00e9n\u00e9rateur sonique<\/strong> am\u00e9lior\u00e9<\/li>\n<li>Chambre <strong>Reflectasonic<\/strong> \u2013 dur\u00e9e de vie extra longue<\/li>\n<li>Nouveau syst\u00e8me de commande convivial<\/li>\n<li>Connectivit\u00e9 <strong>via port USB<\/strong><\/li>\n<li>Capacit\u00e9 totale du r\u00e9servoir : <strong>72 litres<\/strong><\/li>\n<li>Traite jusqu\u2019\u00e0 <strong>40 instruments creux<\/strong><\/li>\n<li>\u00c9trier de s\u00e9curit\u00e9 avec couvercle \u00e0<strong> verrouillage automatique<\/strong><\/li>\n<li>Programme de <strong>r\u00e9utilisation de l\u2019eau<\/strong><\/li>\n<li>Compatible avec les syst\u00e8mes de <strong>tra\u00e7abilit\u00e9<\/strong><\/li>\n<li>Conforme \u00e0 <strong>HTM 01-01 \/ EN ISO 15883<\/strong><\/li>\n<li>Conforme \u00e0 <strong>AAMI TIR 30 &amp; 12<\/strong><\/li>\n<\/ul>\n","protected":false},"excerpt":{"rendered":"<p>&nbsp;<\/p>\n<p>&nbsp;<\/p>\n","protected":false},"featured_media":3857,"template":"","meta":[],"product_brand":[608],"product_cat":[590,623],"product_tag":[630,634],"class_list":{"0":"post-3698","1":"product","2":"type-product","3":"status-publish","4":"has-post-thumbnail","6":"product_brand-steris","7":"product_cat-medical","8":"product_cat-instrument-reprocessing","9":"product_tag-csa","10":"product_tag-nettoyage","12":"first","13":"instock","14":"shipping-taxable","15":"product-type-simple"},"_links":{"self":[{"href":"https:\/\/medtradex.com\/fr\/wp-json\/wp\/v2\/product\/3698","targetHints":{"allow":["GET"]}}],"collection":[{"href":"https:\/\/medtradex.com\/fr\/wp-json\/wp\/v2\/product"}],"about":[{"href":"https:\/\/medtradex.com\/fr\/wp-json\/wp\/v2\/types\/product"}],"wp:featuredmedia":[{"embeddable":true,"href":"https:\/\/medtradex.com\/fr\/wp-json\/wp\/v2\/media\/3857"}],"wp:attachment":[{"href":"https:\/\/medtradex.com\/fr\/wp-json\/wp\/v2\/media?parent=3698"}],"wp:term":[{"taxonomy":"product_brand","embeddable":true,"href":"https:\/\/medtradex.com\/fr\/wp-json\/wp\/v2\/product_brand?post=3698"},{"taxonomy":"product_cat","embeddable":true,"href":"https:\/\/medtradex.com\/fr\/wp-json\/wp\/v2\/product_cat?post=3698"},{"taxonomy":"product_tag","embeddable":true,"href":"https:\/\/medtradex.com\/fr\/wp-json\/wp\/v2\/product_tag?post=3698"}],"curies":[{"name":"wp","href":"https:\/\/api.w.org\/{rel}","templated":true}]}}