{"id":3697,"date":"2025-08-13T15:04:01","date_gmt":"2025-08-13T13:04:01","guid":{"rendered":"https:\/\/medtradex.com\/product\/pcf-pro\/"},"modified":"2025-11-25T17:31:45","modified_gmt":"2025-11-25T15:31:45","slug":"pcf-pro","status":"publish","type":"product","link":"https:\/\/medtradex.com\/fr\/produit\/pcf-pro\/","title":{"rendered":"PCF Pro"},"content":{"rendered":"<h3>Nettoyage automatis\u00e9<\/h3>\n<p>Medtradex fournit une gamme d\u2019appareils qui ont \u00e9t\u00e9 d\u00e9velopp\u00e9s afin de <strong>r\u00e9duire<\/strong>\u00a0le\u00a0<strong>nettoyage manuel<\/strong>\u00a0\u00e0 son minimum, si cela est n\u00e9cessaire. Gr\u00e2ce \u00e0 la combinaison du\u00a0<strong>rin\u00e7age \u00e0 haute pression<\/strong>\u00a0et de l&rsquo;<strong>activit\u00e9 ultrasonique<\/strong>, il se cr\u00e9e un effet m\u00e9canique s\u2019appliquant \u00e0 des endroits qui ne sont pas accessibles manuellement (notamment les lumi\u00e8res des instruments creux). L&rsquo;<strong>ensemble du processus<\/strong>\u00a0est\u00a0<strong>tra\u00e7able<\/strong>\u00a0et\u00a0<strong>valid\u00e9<\/strong>\u00a0selon la\u00a0<strong>norme EN15883<\/strong>.<\/p>\n<h3>Caract\u00e9ristiques<\/h3>\n<ul>\n<li>Capable de connecter\u00a0<strong>jusqu&rsquo;\u00e0 60 instruments creux<\/strong>,\u00a0<strong>48 bras da Vinci\u00ae<\/strong>\u00a0et\u00a0<strong>instruments traditionnels<\/strong>;<\/li>\n<li><strong>Irrigation puissante<\/strong>\u00a0(3 Bar): Afin de faciliter le nettoyage des instruments creux, creux complexes et traditionnels;<\/li>\n<li><strong>Processus enti\u00e8rement valid\u00e9<\/strong>: pr\u00e9lavage, lavage, s\u00e8chage de la lumi\u00e8re des instruments creux par\u00a0<strong>air puls\u00e9<\/strong>.<\/li>\n<li><strong>Chargement ais\u00e9<\/strong>, lev\u00e9e et abaissement des\u00a0<strong>paniers automatiques<\/strong>, chaque panier s&rsquo;arr\u00eate \u00e0 la m\u00eame hauteur afin de charger et d&rsquo;enlever le mat\u00e9riel.<\/li>\n<li><strong>Syst\u00e8me informatique int\u00e9gr\u00e9<\/strong>\u00a0pour assurer les validations et tracabilit\u00e9 des cycles.<\/li>\n<li><strong>Silencieux<\/strong><\/li>\n<li><strong>Ecran tactile<\/strong>\u00a0<strong>intuitif<\/strong>\u00a0et facile \u00e0 utiliser.<\/li>\n<li>Irrigation et ultrasons combin\u00e9s: Afin de faciliter et optimaliser le nettoyage de la lumi\u00e8re interne des instruments creux.<\/li>\n<li><strong>D\u00e9sinfection thermique<\/strong>: Rin\u00e7age final \u00e0 temp\u00e9rature \u00e9l\u00e9v\u00e9e afin de d\u00e9sinfecter les instruments aux\u00a0<strong>normes \u00ab\u00a0A03000\u00a0\u00bb<\/strong>.<\/li>\n<\/ul>\n","protected":false},"excerpt":{"rendered":"<p>&nbsp;<\/p>\n<p>&nbsp;<\/p>\n","protected":false},"featured_media":3443,"template":"","meta":[],"product_brand":[608],"product_cat":[590,623],"product_tag":[630,634],"class_list":{"0":"post-3697","1":"product","2":"type-product","3":"status-publish","4":"has-post-thumbnail","6":"product_brand-steris","7":"product_cat-medical","8":"product_cat-instrument-reprocessing","9":"product_tag-csa","10":"product_tag-nettoyage","12":"first","13":"instock","14":"shipping-taxable","15":"product-type-simple"},"_links":{"self":[{"href":"https:\/\/medtradex.com\/fr\/wp-json\/wp\/v2\/product\/3697","targetHints":{"allow":["GET"]}}],"collection":[{"href":"https:\/\/medtradex.com\/fr\/wp-json\/wp\/v2\/product"}],"about":[{"href":"https:\/\/medtradex.com\/fr\/wp-json\/wp\/v2\/types\/product"}],"wp:featuredmedia":[{"embeddable":true,"href":"https:\/\/medtradex.com\/fr\/wp-json\/wp\/v2\/media\/3443"}],"wp:attachment":[{"href":"https:\/\/medtradex.com\/fr\/wp-json\/wp\/v2\/media?parent=3697"}],"wp:term":[{"taxonomy":"product_brand","embeddable":true,"href":"https:\/\/medtradex.com\/fr\/wp-json\/wp\/v2\/product_brand?post=3697"},{"taxonomy":"product_cat","embeddable":true,"href":"https:\/\/medtradex.com\/fr\/wp-json\/wp\/v2\/product_cat?post=3697"},{"taxonomy":"product_tag","embeddable":true,"href":"https:\/\/medtradex.com\/fr\/wp-json\/wp\/v2\/product_tag?post=3697"}],"curies":[{"name":"wp","href":"https:\/\/api.w.org\/{rel}","templated":true}]}}