{"id":3696,"date":"2025-08-13T13:02:52","date_gmt":"2025-08-13T11:02:52","guid":{"rendered":"https:\/\/medtradex.com\/product\/fast-foam\/"},"modified":"2026-01-28T15:05:39","modified_gmt":"2026-01-28T13:05:39","slug":"fast-foam","status":"publish","type":"product","link":"https:\/\/medtradex.com\/fr\/produit\/fast-foam\/","title":{"rendered":"Fast Foam"},"content":{"rendered":"<p><strong>Syst\u00e8me de Pr\u00e9traitement des Instruments M\u00e9dicaux<\/strong><\/p>\n<h3>R\u00e9duit consid\u00e9rablement le temps de nettoyage<\/h3>\n<p>Les responsables de la st\u00e9rilisation sont aujourd\u2019hui sous pression pour am\u00e9liorer le flux de travail tout en respectant des normes plus \u00e9lev\u00e9es de propret\u00e9 des instruments chirurgicaux. Knight a con\u00e7u un syst\u00e8me qui recouvre rapidement et facilement les surfaces externes et internes des instruments avec des d\u00e9tergents moussants de pr\u00e9traitement, avant que la charge biologique n\u2019ait le temps de durcir. <strong>Fast Foam<\/strong> comprend deux tiges-applicateur pour une utilisation avec des bacs d\u2019instruments et des canaux d\u2019instruments. La tige unique pour canaux applique la mousse dans les zones difficiles d\u2019acc\u00e8s afin de lancer le processus de pr\u00e9traitement. Ce syst\u00e8me automatique de d\u00e9tergent produit suffisamment de mousse pour recouvrir un bac complet d\u2019instruments en quelques secondes !<\/p>\n<h3>Avantages principaux<\/h3>\n<ul>\n<li>R\u00e9duit le temps de nettoyage<\/li>\n<li>Volume de mousse 10x sup\u00e9rieur pour une meilleure couverture des instruments souill\u00e9s<\/li>\n<li>Recouvrement rapide et mousse durable pour les instruments dans le bac<\/li>\n<li>Tige d\u2019irrigation pour instruments \u00e0 lumi\u00e8re<\/li>\n<li>Pulv\u00e9risation automatique \u00e9liminant les actions manuelles des seringues \u00e0 piston<\/li>\n<li>Tige-applicateur de mousse durable et l\u00e9g\u00e8re<\/li>\n<li>Application simple et facile<\/li>\n<\/ul>\n<p><strong>\u00c0 utiliser avec<a href=\"https:\/\/medtradex.com\/fr\/produit\/deconex-foam-active\/\"> deconex\u00ae FOAM ACTIVE<\/a><\/strong><\/p>\n","protected":false},"excerpt":{"rendered":"<a class=\"button  button_full_width button_size_2\" href=\"\/wp-content\/uploads\/2025\/11\/FF-Brochure-FR.pdf\"     target=\"_blank\"    title=\"\"><span class=\"button_label\">Brochure<\/span><\/a>\n\n","protected":false},"featured_media":3433,"template":"","meta":[],"product_brand":[607],"product_cat":[590,623],"product_tag":[634,633],"class_list":{"0":"post-3696","1":"product","2":"type-product","3":"status-publish","4":"has-post-thumbnail","6":"product_brand-knight","7":"product_cat-medical","8":"product_cat-instrument-reprocessing","9":"product_tag-nettoyage","10":"product_tag-pre-desinfection","12":"first","13":"instock","14":"shipping-taxable","15":"product-type-simple"},"_links":{"self":[{"href":"https:\/\/medtradex.com\/fr\/wp-json\/wp\/v2\/product\/3696","targetHints":{"allow":["GET"]}}],"collection":[{"href":"https:\/\/medtradex.com\/fr\/wp-json\/wp\/v2\/product"}],"about":[{"href":"https:\/\/medtradex.com\/fr\/wp-json\/wp\/v2\/types\/product"}],"wp:featuredmedia":[{"embeddable":true,"href":"https:\/\/medtradex.com\/fr\/wp-json\/wp\/v2\/media\/3433"}],"wp:attachment":[{"href":"https:\/\/medtradex.com\/fr\/wp-json\/wp\/v2\/media?parent=3696"}],"wp:term":[{"taxonomy":"product_brand","embeddable":true,"href":"https:\/\/medtradex.com\/fr\/wp-json\/wp\/v2\/product_brand?post=3696"},{"taxonomy":"product_cat","embeddable":true,"href":"https:\/\/medtradex.com\/fr\/wp-json\/wp\/v2\/product_cat?post=3696"},{"taxonomy":"product_tag","embeddable":true,"href":"https:\/\/medtradex.com\/fr\/wp-json\/wp\/v2\/product_tag?post=3696"}],"curies":[{"name":"wp","href":"https:\/\/api.w.org\/{rel}","templated":true}]}}