{"id":3695,"date":"2025-08-13T12:33:59","date_gmt":"2025-08-13T10:33:59","guid":{"rendered":"https:\/\/medtradex.com\/product\/deconex-34-gr\/"},"modified":"2025-12-03T12:16:57","modified_gmt":"2025-12-03T10:16:57","slug":"deconex-34-gr","status":"publish","type":"product","link":"https:\/\/medtradex.com\/fr\/produit\/deconex-34-gr\/","title":{"rendered":"deconex\u00ae 34 GR"},"content":{"rendered":"<h3><strong>Nettoyage efficace et concentr\u00e9<\/strong><\/h3>\n<p>Le <strong>nettoyage<\/strong>, la\u00a0<strong>d\u00e9sinfection<\/strong>\u00a0et la\u00a0<strong>st\u00e9rilisation fr\u00e9quente<\/strong>\u00a0des\u00a0<strong>instruments chirurgicaux<\/strong>\u00a0en\u00a0<strong>acier inoxydable<\/strong>\u00a0peuvent faire en sorte que ces instruments\u00a0<strong>perdent leur aspect neuf<\/strong>\u00a0au fil du temps. Les causes possibles: une\u00a0<strong>d\u00e9coloration<\/strong>\u00a0progressive, des\u00a0<strong>taches d\u2019eau<\/strong>\u00a0imprim\u00e9es sur les instruments, des\u00a0<strong>mat\u00e9riaux ternes<\/strong>, de la\u00a0<strong>rouille<\/strong>, \u2026\u00a0Ces effets\u00a0<strong>r\u00e9duisent<\/strong>\u00a0la\u00a0<strong>fonctionnalit\u00e9<\/strong>\u00a0des instruments (les pi\u00e8ces pivotantes et mobiles) et donc en m\u00eame temps leur\u00a0<strong>dur\u00e9e de vie<\/strong>.<\/p>\n<p>Un instrument chirurgical peut donc facilement \u00eatre\u00a0<strong>refus\u00e9 au bloc op\u00e9ratoire<\/strong>\u00a0\u00e0 cause de sa d\u00e9coloration le faisant alors appara\u00eetre comme \u00e9tant sale.\u00a0Il y a plusieurs\u00a0<strong>facteurs<\/strong>\u00a0qui peuvent en \u00eatre la cause:<\/p>\n<ul>\n<li>Une\u00a0<strong>eau de mauvaise qualit\u00e9<\/strong><\/li>\n<li>Un\u00a0<strong>nettoyage<\/strong>\u00a0inad\u00e9quat<\/li>\n<li>L\u2019utilisation de\u00a0<strong>mauvais produits<\/strong>\/produits chimiques\/d\u00e9sinfectants<\/li>\n<li>Un\u00a0<strong>processus<\/strong>\u00a0non optimal<\/li>\n<li>Une\u00a0<strong>vapeur de mauvaise qualit\u00e9<\/strong>\u00a0dans le st\u00e9rilisateur<\/li>\n<\/ul>\n<p><strong>deconex\u00ae 34 GR<\/strong>\u00a0est un\u00a0<strong>concentr\u00e9 de nettoyage acide<\/strong>\u00a0pour les\u00a0<strong>instruments chirurgicaux<\/strong>\u00a0en\u00a0<strong>acier inoxydable<\/strong>. Il est utilis\u00e9 pour l\u2019<strong>\u00e9limination<\/strong>\u00a0des\u00a0<strong>d\u00e9colorations<\/strong>, des\u00a0<strong>taches d\u2019eau<\/strong>, de la\u00a0<strong>premi\u00e8re rouille\/rouille transf\u00e9r\u00e9e<\/strong>\u00a0et des\u00a0<strong>incrustations<\/strong>\u00a0qui sont la cons\u00e9quence d\u2019un\u00a0<strong>retraitement insuffisant<\/strong>.<\/p>\n<p>Si de tels\u00a0<strong>dommages<\/strong>\u00a0sur des\u00a0<strong>instruments<\/strong>\u00a0devaient \u00eatre observ\u00e9s, le\u00a0<strong>processus<\/strong>\u00a0en entier doit \u00eatre\u00a0<strong>contr\u00f4l\u00e9<\/strong>. Les instruments concern\u00e9s doivent \u00eatre trait\u00e9s avec deconex\u00ae 34GR, soit dans un\u00a0<strong>bain \u00e0 ultrasons<\/strong>\u00a0soit dans un\u00a0<strong>appareil de nettoyage<\/strong>\u00a0et de\u00a0<strong>d\u00e9sinfection<\/strong>.\u00a0Les nouveaux instruments peuvent\u00a0<strong>avant<\/strong>\u00a0leur\u00a0<strong>premi\u00e8re utilisation<\/strong>\u00a0aussi \u00eatre trait\u00e9s avec deconex\u00ae 34 GR.<\/p>\n<p>Malgr\u00e9 ce pr\u00e9traitement, les\u00a0<strong>instruments<\/strong>, r\u00e9alis\u00e9s dans un\u00a0<strong>acier<\/strong>\u00a0de\u00a0<strong>moins bonne qualit\u00e9<\/strong>, peuvent pr\u00e9senter une\u00a0<strong>coloration grise\/noire irr\u00e9versible<\/strong>\u00a0apr\u00e8s la premi\u00e8re st\u00e9rilisation. En traitant de tels instruments avec deconex\u00ae 34 GR pr\u00e9alablement au premier cycle, la d\u00e9coloration peut \u00eatre \u00e9vit\u00e9e.\u00a0Deconex\u00ae 34 GR peut aussi \u00eatre utilis\u00e9 pour l\u2019<strong>\u00e9limination<\/strong>\u00a0de\u00a0<strong>d\u00e9p\u00f4t de silicates<\/strong>\u00a0sur la\u00a0<strong>paroi de la chambre<\/strong>\u00a0de la\u00a0<strong>machine \u00e0 laver<\/strong>.<\/p>\n<p><strong>Optimisez aujourd\u2019hui votre m\u00e9thode de nettoyage et emp\u00eachez l\u2019apparition d\u2019instruments d\u00e9color\u00e9s et ternes.<\/strong><\/p>\n","protected":false},"excerpt":{"rendered":"<a class=\"button  button_full_width button_size_2\" href=\"\/wp-content\/uploads\/2025\/11\/DB_deconex_34_GR_FR_V2.0_230803.pdf\"     target=\"_blank\"    title=\"\"><span class=\"button_label\">Manuel d'utilisateur<\/span><\/a>\n\n","protected":false},"featured_media":3425,"template":"","meta":[],"product_brand":[561],"product_cat":[590,623],"product_tag":[630,634,639],"class_list":{"0":"post-3695","1":"product","2":"type-product","3":"status-publish","4":"has-post-thumbnail","6":"product_brand-borer-chemie","7":"product_cat-medical","8":"product_cat-instrument-reprocessing","9":"product_tag-csa","10":"product_tag-nettoyage","11":"product_tag-passivation","13":"first","14":"instock","15":"shipping-taxable","16":"product-type-simple"},"_links":{"self":[{"href":"https:\/\/medtradex.com\/fr\/wp-json\/wp\/v2\/product\/3695","targetHints":{"allow":["GET"]}}],"collection":[{"href":"https:\/\/medtradex.com\/fr\/wp-json\/wp\/v2\/product"}],"about":[{"href":"https:\/\/medtradex.com\/fr\/wp-json\/wp\/v2\/types\/product"}],"wp:featuredmedia":[{"embeddable":true,"href":"https:\/\/medtradex.com\/fr\/wp-json\/wp\/v2\/media\/3425"}],"wp:attachment":[{"href":"https:\/\/medtradex.com\/fr\/wp-json\/wp\/v2\/media?parent=3695"}],"wp:term":[{"taxonomy":"product_brand","embeddable":true,"href":"https:\/\/medtradex.com\/fr\/wp-json\/wp\/v2\/product_brand?post=3695"},{"taxonomy":"product_cat","embeddable":true,"href":"https:\/\/medtradex.com\/fr\/wp-json\/wp\/v2\/product_cat?post=3695"},{"taxonomy":"product_tag","embeddable":true,"href":"https:\/\/medtradex.com\/fr\/wp-json\/wp\/v2\/product_tag?post=3695"}],"curies":[{"name":"wp","href":"https:\/\/api.w.org\/{rel}","templated":true}]}}