{"id":3694,"date":"2025-08-13T12:18:52","date_gmt":"2025-08-13T10:18:52","guid":{"rendered":"https:\/\/medtradex.com\/product\/deconex-twin-ph10-twin-zyme\/"},"modified":"2025-11-20T16:09:44","modified_gmt":"2025-11-20T14:09:44","slug":"deconex-twin-ph10-twin-zyme","status":"publish","type":"product","link":"https:\/\/medtradex.com\/fr\/produit\/deconex-twin-ph10-twin-zyme\/","title":{"rendered":"deconex\u00ae TWIN PH10\/TWIN-ZYME"},"content":{"rendered":"<h3><strong>Nettoyant \u00e0 deux composants<\/strong><\/h3>\n<p><strong>deconex\u00ae TWIN PH10\/TWIN-ZYME<\/strong>\u00a0est un\u00a0<strong>nettoyant<\/strong>\u00a0\u00e0\u00a0<strong>2-composants<\/strong>\u00a0alcalin\u00a0<strong>doux<\/strong>\u00a0tr\u00e8s efficace. Il est extr\u00eamement doux pour les mat\u00e9riaux et est utilis\u00e9 pour\u00a0<strong>nettoyer<\/strong>\u00a0sans compromis\u00a0<strong>tous les instruments<\/strong>\u00a0et\u00a0<strong>ustensiles m\u00e9dicaux<\/strong>, y compris les instruments de CMI, les instruments dentaires, les appareils d&rsquo;anesth\u00e9sie et de ventilation, le mat\u00e9riel de service en caoutchouc, latex ou plastique, ainsi que les endoscopes rigides et souples dans les laveurs-d\u00e9sinfecteur (LD et LD-E).<\/p>\n<h3><strong>Propri\u00e9t\u00e9s<\/strong><\/h3>\n<p><strong>deconex\u00ae TWIN PH10\/TWIN-ZYME<\/strong>\u00a0est un\u00a0<strong>concept unique de nettoyage double<\/strong>, form\u00e9 d\u2019un\u00a0<strong>composant l\u00e9g\u00e8rement alcalin<\/strong>\u00a0(deconex\u00ae TWIN PH10) et d\u2019un\u00a0<strong>composant multi-enzymatique<\/strong>\u00a0(deconex\u00ae TWIN-ZYME), qui permet d\u2019<strong>utiliser<\/strong>\u00a0des\u00a0<strong>ingr\u00e9dients<\/strong>\u00a0qui, s&rsquo;ils \u00e9taient combin\u00e9s dans un seul produit, interf\u00e9reraient et seraient moins efficaces. Dans le\u00a0<strong>syst\u00e8me \u00e0 2 composants<\/strong>, des composants importants, tels que des\u00a0<strong>enzymes<\/strong>\u00a0et des\u00a0<strong>agents complexants<\/strong>\u00a0peuvent rester\u00a0<strong>s\u00e9par\u00e9s<\/strong>\u00a0jusqu&rsquo;au\u00a0<strong>moment<\/strong>\u00a0o\u00f9 ils sont\u00a0<strong>dilu\u00e9s<\/strong>\u00a0et\u00a0<strong>inject\u00e9s<\/strong>\u00a0dans l&rsquo;eau dans l&rsquo;appareil de lavage et de d\u00e9sinfection. Cela permet d\u2019<strong>augmenter la stabilit\u00e9<\/strong>\u00a0des diff\u00e9rents\u00a0<strong>\u00e9l\u00e9ments<\/strong>\u00a0et de leur offrir \u00e9galement la possibilit\u00e9 d\u2019agir en synergie.<\/p>\n<p>Le nettoyant \u00e0 2 composants deconex\u00ae TWIN PH10\/TWIN ZYME est ainsi\u00a0<strong>sup\u00e9rieur<\/strong>\u00a0\u00e0 n&rsquo;<strong>importe quel d\u00e9tergent alcalin doux traditionnel<\/strong>, tant en termes de compatibilit\u00e9 avec les mat\u00e9riaux qu\u2019en termes de performance de nettoyage. Il est\u00a0<strong>tr\u00e8s efficace<\/strong>\u00a0pour\u00a0<strong>\u00e9liminer<\/strong>\u00a0le\u00a0<strong>sang<\/strong>, les\u00a0<strong>r\u00e9sidus tissulaires<\/strong>, les\u00a0<strong>prot\u00e9ines<\/strong>, les\u00a0<strong>graisses<\/strong>, les\u00a0<strong>hydrates de carbone<\/strong>, le mucus, les mati\u00e8res f\u00e9cales et autres contaminations des instruments chirurgicaux en m\u00e9tal, plastique et verre.<\/p>\n","protected":false},"excerpt":{"rendered":"<a class=\"button  button_full_width button_size_2\" href=\"\/wp-content\/uploads\/2025\/11\/DB_deconex_TWIN_PH10_TWIN_ZYME_FR_V1.1.pdf\"     target=\"_blank\"    title=\"\"><span class=\"button_label\">Manuel d'utilisateur<\/span><\/a>\n\n","protected":false},"featured_media":3418,"template":"","meta":[],"product_brand":[561],"product_cat":[590,623],"product_tag":[630,631,634,633],"class_list":{"0":"post-3694","1":"product","2":"type-product","3":"status-publish","4":"has-post-thumbnail","6":"product_brand-borer-chemie","7":"product_cat-medical","8":"product_cat-instrument-reprocessing","9":"product_tag-csa","10":"product_tag-endoscopie","11":"product_tag-nettoyage","12":"product_tag-pre-desinfection","14":"first","15":"instock","16":"shipping-taxable","17":"product-type-simple"},"_links":{"self":[{"href":"https:\/\/medtradex.com\/fr\/wp-json\/wp\/v2\/product\/3694","targetHints":{"allow":["GET"]}}],"collection":[{"href":"https:\/\/medtradex.com\/fr\/wp-json\/wp\/v2\/product"}],"about":[{"href":"https:\/\/medtradex.com\/fr\/wp-json\/wp\/v2\/types\/product"}],"wp:featuredmedia":[{"embeddable":true,"href":"https:\/\/medtradex.com\/fr\/wp-json\/wp\/v2\/media\/3418"}],"wp:attachment":[{"href":"https:\/\/medtradex.com\/fr\/wp-json\/wp\/v2\/media?parent=3694"}],"wp:term":[{"taxonomy":"product_brand","embeddable":true,"href":"https:\/\/medtradex.com\/fr\/wp-json\/wp\/v2\/product_brand?post=3694"},{"taxonomy":"product_cat","embeddable":true,"href":"https:\/\/medtradex.com\/fr\/wp-json\/wp\/v2\/product_cat?post=3694"},{"taxonomy":"product_tag","embeddable":true,"href":"https:\/\/medtradex.com\/fr\/wp-json\/wp\/v2\/product_tag?post=3694"}],"curies":[{"name":"wp","href":"https:\/\/api.w.org\/{rel}","templated":true}]}}