{"id":3693,"date":"2025-08-13T12:02:11","date_gmt":"2025-08-13T10:02:11","guid":{"rendered":"https:\/\/medtradex.com\/product\/deconex-prozyme-alka\/"},"modified":"2025-11-26T11:55:26","modified_gmt":"2025-11-26T09:55:26","slug":"deconex-prozyme-alka","status":"publish","type":"product","link":"https:\/\/medtradex.com\/fr\/produit\/deconex-prozyme-alka\/","title":{"rendered":"deconex\u00ae PROZYME ALKA-x"},"content":{"rendered":"<h3><strong>Traitement d\u2019instruments thermostables et thermolabiles<\/strong><\/h3>\n<p><strong>deconex\u00ae PROZYME ALKA-x<\/strong>\u00a0est un\u00a0<strong>d\u00e9tergent sp\u00e9cial non agressif<\/strong>\u00a0\u00e0 base d\u2019une\u00a0<strong>combinaison<\/strong>\u00a0ing\u00e9nieuse d\u2019<strong>enzymes<\/strong>\u00a0et d\u2019<strong>agents tensioactifs<\/strong>\u00a0pour le\u00a0<strong>traitement m\u00e9canique<\/strong>\u00a0d\u2019<strong>instruments thermostables<\/strong>\u00a0et\u00a0<strong>thermolabiles<\/strong>, tels que les instruments chirurgicaux et microchirurgicaux, les instruments de CMI, les endoscopes rigides et souples, les appareils d\u2019anesth\u00e9sie, les appareils respiratoires, le mat\u00e9riel de service, les instruments dentaires, les containers en aluminium et d\u2019autres dispositifs d\u2019aide m\u00e9dicale.<\/p>\n<p>Gr\u00e2ce \u00e0 sa composition et \u00e0 sa\u00a0<strong>formulation particuli\u00e8res<\/strong>, deconex\u00ae PROZYME ALKA-x <strong>\u00e9limine efficacement<\/strong>\u00a0une\u00a0<strong>large gamme de substances organiques<\/strong>\u00a0et de souillures telles que le\u00a0<strong>sang<\/strong>, les\u00a0<strong>r\u00e9sidus tissulaires<\/strong>, les\u00a0<strong>muqueuses<\/strong>\u00a0et les\u00a0<strong>biofilms<\/strong> pr\u00e9sents sur les instruments m\u00e9dicaux compos\u00e9s d\u2019une grande diversit\u00e9 de mat\u00e9riaux. En plus de ses performances de nettoyage et de sa polyvalence d\u2019utilisation, deconex\u00ae PROZYME ALKA-x se distingue aussi par diff\u00e9rentes autres propri\u00e9t\u00e9s:<\/p>\n<h3><strong>Propri\u00e9t\u00e9s<\/strong><\/h3>\n<ul>\n<li>Tr\u00e8s bonne compatibilit\u00e9 avec les mat\u00e9riaux<\/li>\n<li>\u00c9limination des biofilms<\/li>\n<li>Peu moussant<\/li>\n<li>Compatible avec l&rsquo;eau dure<\/li>\n<li>Pas de neutralisation n\u00e9cessaire<\/li>\n<li>Sans EDTA<\/li>\n<li>Sans NTA<\/li>\n<\/ul>\n","protected":false},"excerpt":{"rendered":"<a class=\"button  button_full_width button_size_2\" href=\"\/wp-content\/uploads\/2025\/11\/DB_deconex_PROZYME_ALKA-x_FR_V1.1.pdf\"     target=\"_blank\"    title=\"\"><span class=\"button_label\">Manuel d'utilisateur<\/span><\/a>\n\n","protected":false},"featured_media":3853,"template":"","meta":[],"product_brand":[561],"product_cat":[590,623],"product_tag":[630,631,634,633],"class_list":{"0":"post-3693","1":"product","2":"type-product","3":"status-publish","4":"has-post-thumbnail","6":"product_brand-borer-chemie","7":"product_cat-medical","8":"product_cat-instrument-reprocessing","9":"product_tag-csa","10":"product_tag-endoscopie","11":"product_tag-nettoyage","12":"product_tag-pre-desinfection","14":"first","15":"instock","16":"shipping-taxable","17":"product-type-simple"},"_links":{"self":[{"href":"https:\/\/medtradex.com\/fr\/wp-json\/wp\/v2\/product\/3693","targetHints":{"allow":["GET"]}}],"collection":[{"href":"https:\/\/medtradex.com\/fr\/wp-json\/wp\/v2\/product"}],"about":[{"href":"https:\/\/medtradex.com\/fr\/wp-json\/wp\/v2\/types\/product"}],"wp:featuredmedia":[{"embeddable":true,"href":"https:\/\/medtradex.com\/fr\/wp-json\/wp\/v2\/media\/3853"}],"wp:attachment":[{"href":"https:\/\/medtradex.com\/fr\/wp-json\/wp\/v2\/media?parent=3693"}],"wp:term":[{"taxonomy":"product_brand","embeddable":true,"href":"https:\/\/medtradex.com\/fr\/wp-json\/wp\/v2\/product_brand?post=3693"},{"taxonomy":"product_cat","embeddable":true,"href":"https:\/\/medtradex.com\/fr\/wp-json\/wp\/v2\/product_cat?post=3693"},{"taxonomy":"product_tag","embeddable":true,"href":"https:\/\/medtradex.com\/fr\/wp-json\/wp\/v2\/product_tag?post=3693"}],"curies":[{"name":"wp","href":"https:\/\/api.w.org\/{rel}","templated":true}]}}