{"id":3692,"date":"2025-08-13T11:38:14","date_gmt":"2025-08-13T09:38:14","guid":{"rendered":"https:\/\/medtradex.com\/product\/deconex-foam-active\/"},"modified":"2026-01-28T15:08:57","modified_gmt":"2026-01-28T13:08:57","slug":"deconex-foam-active","status":"publish","type":"product","link":"https:\/\/medtradex.com\/fr\/produit\/deconex-foam-active\/","title":{"rendered":"deconex\u00ae FOAM ACTIVE"},"content":{"rendered":"<p><strong>Pour le pr\u00e9traitement des instruments chirurgicaux<\/strong><\/p>\n<h3>Domaine d&rsquo;application<\/h3>\n<p>deconex\u00ae FOAM ACTIVE est une mousse nettoyante alcaline et enzymatique pr\u00eate \u00e0 l&#8217;emploi, formul\u00e9e sur la base d&rsquo;une combinaison sp\u00e9ciale d&rsquo;enzymes et de tensioactifs qui maintient les instruments chirurgicaux humides et les prot\u00e8ge de la corrosion pendant le transport du bloc op\u00e9ratoire \u00e0 l&rsquo;unit\u00e9 centrale de st\u00e9rilisation.<\/p>\n<h3>Propri\u00e9t\u00e9s<\/h3>\n<p>Gr\u00e2ce \u00e0 la composition et la formulation sp\u00e9ciales de deconex\u00ae FOAM ACTIVE, les instruments restent parfaitement humides et les r\u00e9sidus chirurgicaux ne dess\u00e8chent pas. deconex\u00ae FOAM ACTIVE prot\u00e8ge surtout les instruments trait\u00e9s contre la corrosion jusqu&rsquo;au retraitement \u00e0 l&rsquo;unit\u00e9 centrale de st\u00e9rilisation. Par ailleurs, deconex\u00ae FOAM ACTIVE est formul\u00e9 pour garantir la formation d&rsquo;une mousse stable, facile \u00e0 rincer et favorisant le retraitement \u00e0 l&rsquo;unit\u00e9 centrale de st\u00e9rilisation. deconex\u00ae FOAM ACTIVE contribue \u00e0 \u00e9liminer les contaminants organiques tels que le sang, les r\u00e9sidus tissulaires et muqueux des instruments m\u00e9dicaux fabriqu\u00e9s \u00e0 partir de diff\u00e9rents mat\u00e9riaux. deconex\u00ae FOAM ACTIVE est sans risque, durable et exempt d\u2019EDTA et NTA.<\/p>\n<p>deconex\u00ae FOAM ACTIVE pr\u00e9sente aussi diff\u00e9rentes propri\u00e9t\u00e9s:<\/p>\n<ul>\n<li>pr\u00e9vention du dess\u00e8chement des r\u00e9sidus chirurgicaux<\/li>\n<li>protection contre la corrosion<\/li>\n<li>rin\u00e7age ais\u00e9 m\u00eame \u00e0 temp\u00e9rature ambiante<\/li>\n<li>mousse stable<\/li>\n<li>bonne compatibilit\u00e9 avec divers mat\u00e9riaux<\/li>\n<\/ul>\n<p><strong>Produit disponible en bouteille de <\/strong><strong>0,5 L\u00a0<\/strong><strong>avec pulv\u00e9risateur pour usage manuel ou en bidon de 5 L pour utilisation avec <a href=\"https:\/\/medtradex.com\/fr\/produit\/fast-foam\/\">l\u2019appareil Fast Foam<\/a>.<\/strong><\/p>\n","protected":false},"excerpt":{"rendered":"<a class=\"button  button_full_width button_size_2\" href=\"\/wp-content\/uploads\/2025\/11\/SDS_deconex_FOAM_ACTIVE_BE_FR.pdf\"     target=\"_blank\"    title=\"\"><span class=\"button_label\">Fiche de donn\u00e9es de s\u00e9curit\u00e9<\/span><\/a>\n\n","protected":false},"featured_media":3398,"template":"","meta":[],"product_brand":[561],"product_cat":[590,623],"product_tag":[630,631,634,633],"class_list":{"0":"post-3692","1":"product","2":"type-product","3":"status-publish","4":"has-post-thumbnail","6":"product_brand-borer-chemie","7":"product_cat-medical","8":"product_cat-instrument-reprocessing","9":"product_tag-csa","10":"product_tag-endoscopie","11":"product_tag-nettoyage","12":"product_tag-pre-desinfection","14":"first","15":"instock","16":"shipping-taxable","17":"product-type-simple"},"_links":{"self":[{"href":"https:\/\/medtradex.com\/fr\/wp-json\/wp\/v2\/product\/3692","targetHints":{"allow":["GET"]}}],"collection":[{"href":"https:\/\/medtradex.com\/fr\/wp-json\/wp\/v2\/product"}],"about":[{"href":"https:\/\/medtradex.com\/fr\/wp-json\/wp\/v2\/types\/product"}],"wp:featuredmedia":[{"embeddable":true,"href":"https:\/\/medtradex.com\/fr\/wp-json\/wp\/v2\/media\/3398"}],"wp:attachment":[{"href":"https:\/\/medtradex.com\/fr\/wp-json\/wp\/v2\/media?parent=3692"}],"wp:term":[{"taxonomy":"product_brand","embeddable":true,"href":"https:\/\/medtradex.com\/fr\/wp-json\/wp\/v2\/product_brand?post=3692"},{"taxonomy":"product_cat","embeddable":true,"href":"https:\/\/medtradex.com\/fr\/wp-json\/wp\/v2\/product_cat?post=3692"},{"taxonomy":"product_tag","embeddable":true,"href":"https:\/\/medtradex.com\/fr\/wp-json\/wp\/v2\/product_tag?post=3692"}],"curies":[{"name":"wp","href":"https:\/\/api.w.org\/{rel}","templated":true}]}}