{"id":3691,"date":"2025-08-07T14:50:17","date_gmt":"2025-08-07T12:50:17","guid":{"rendered":"https:\/\/medtradex.com\/product\/sleepangel-neonatal-collection-mesi-voor-nicu\/"},"modified":"2025-11-19T16:15:33","modified_gmt":"2025-11-19T14:15:33","slug":"sleepangel-neonatal-collection-mesi-voor-nicu","status":"publish","type":"product","link":"https:\/\/medtradex.com\/fr\/produit\/sleepangel-neonatal-collection-mesi-voor-nicu\/","title":{"rendered":"SleepAngel Neonatal Collection MESI pour NICU"},"content":{"rendered":"<p><strong>Les surfaces souples <\/strong>constituent l&rsquo;un des maillons souvent n\u00e9glig\u00e9s de la cha\u00eene de transmission des infections<strong>.\u00a0 <\/strong>Pour s&rsquo;attaquer \u00e0 ce probl\u00e8me, Gabriel Scientific a invent\u00e9 la technologie de filtre PneumaPure\u00ae pour les surfaces souples. Cela a donn\u00e9 naissance \u00e0 une collection de produits cliniquement prouv\u00e9s comme offrant une barri\u00e8re contre la contamination microbienne.<\/p>\n<h3><strong>Gamme NICU avec technologie de filtre PneumaPure\u00ae<\/strong><\/h3>\n<p><strong>MESI<\/strong> (miel en estonien) est la gamme de positionneurs SleepAngel Medical NICU \u2013 une combinaison unique de viabilit\u00e9 tissulaire et de pr\u00e9vention des infections :<\/p>\n<ul>\n<li>Les formes des positionneurs et le choix des mat\u00e9riaux de rembourrage r\u00e9pondent aux besoins tissulaires sp\u00e9cifiques des nourrissons fragiles..<\/li>\n<li>La collection propose des motifs originaux, color\u00e9s et ludiques pour les petits patients.<\/li>\n<li>Les produits herm\u00e9tiquement scell\u00e9s sont ventil\u00e9s via la technologie de filtrage PneumaPure\u00ae : un filtre m\u00e9canique laisse circuler l\u2019air propre \u00e0 travers le coussin tout en bloquant les agents pathog\u00e8nes et les allerg\u00e8nes.<\/li>\n<\/ul>\n<h3><strong>Disponible dans cette gamme :<\/strong><\/h3>\n<ul>\n<li>Coussin de positionnement n\u00e9onatal fluidifi\u00e9 \u2013 S, M, L<\/li>\n<li>Pare-chocs n\u00e9onatal \u2013 Normal, Haut<\/li>\n<\/ul>\n","protected":false},"excerpt":{"rendered":"<a class=\"button  button_full_width button_size_2\" href=\"\/wp-content\/uploads\/2025\/11\/Sleep-Angel-Medical-NICU-FR.pdf\"     target=\"_blank\"    title=\"\"><span class=\"button_label\">Brochure<\/span><\/a>\n\n","protected":false},"featured_media":3384,"template":"","meta":[],"product_brand":[601],"product_cat":[611,590],"product_tag":[],"class_list":{"0":"post-3691","1":"product","2":"type-product","3":"status-publish","4":"has-post-thumbnail","6":"product_brand-sleepangel","7":"product_cat-prevention-des-infections","8":"product_cat-medical","10":"first","11":"instock","12":"shipping-taxable","13":"product-type-simple"},"_links":{"self":[{"href":"https:\/\/medtradex.com\/fr\/wp-json\/wp\/v2\/product\/3691","targetHints":{"allow":["GET"]}}],"collection":[{"href":"https:\/\/medtradex.com\/fr\/wp-json\/wp\/v2\/product"}],"about":[{"href":"https:\/\/medtradex.com\/fr\/wp-json\/wp\/v2\/types\/product"}],"wp:featuredmedia":[{"embeddable":true,"href":"https:\/\/medtradex.com\/fr\/wp-json\/wp\/v2\/media\/3384"}],"wp:attachment":[{"href":"https:\/\/medtradex.com\/fr\/wp-json\/wp\/v2\/media?parent=3691"}],"wp:term":[{"taxonomy":"product_brand","embeddable":true,"href":"https:\/\/medtradex.com\/fr\/wp-json\/wp\/v2\/product_brand?post=3691"},{"taxonomy":"product_cat","embeddable":true,"href":"https:\/\/medtradex.com\/fr\/wp-json\/wp\/v2\/product_cat?post=3691"},{"taxonomy":"product_tag","embeddable":true,"href":"https:\/\/medtradex.com\/fr\/wp-json\/wp\/v2\/product_tag?post=3691"}],"curies":[{"name":"wp","href":"https:\/\/api.w.org\/{rel}","templated":true}]}}