{"id":3690,"date":"2025-08-07T14:33:01","date_gmt":"2025-08-07T12:33:01","guid":{"rendered":"https:\/\/medtradex.com\/product\/sleepangel-medische-matras\/"},"modified":"2025-11-19T15:50:12","modified_gmt":"2025-11-19T13:50:12","slug":"sleepangel-medische-matras","status":"publish","type":"product","link":"https:\/\/medtradex.com\/fr\/produit\/sleepangel-medische-matras\/","title":{"rendered":"SleepAngel matelas m\u00e9dical"},"content":{"rendered":"<p><strong>Une gamme innovante de matelas et de coussins pour brancards, con\u00e7ue sur mesure pour les \u00e9tablissements de soins<\/strong><\/p>\n<p>Les surfaces souples contamin\u00e9es (oreillers, matelas, etc.) contribuent fortement \u00e0 la propagation des infections nosocomiales (IAS), mettant en danger la s\u00e9curit\u00e9 des patients et des soignants. Les surfaces souples \u00e9quip\u00e9es de la technologie de filtre PneumaPure\u00ae offrent une barri\u00e8re fiable contre la contamination microbienne et renforcent la s\u00e9curit\u00e9 dans les environnements de soins.<\/p>\n<p>Le matelas m\u00e9dical SleepAngel ne se contamine pas avec des organismes pathog\u00e8nes, constituant ainsi une \u00e9tape essentielle dans la pr\u00e9vention des contaminations crois\u00e9es par cette voie.<\/p>\n<h3><strong>Solution cibl\u00e9e pour des d\u00e9fis essentiels en soins<\/strong><\/h3>\n<ul>\n<li>Contr\u00f4le des infections<\/li>\n<li>Pr\u00e9vention des l\u00e9sions dues \u00e0 la pression<\/li>\n<li>Traitement s\u00fbr des patients<\/li>\n<li>Durabilit\u00e9<\/li>\n<\/ul>\n<h3><strong>Propri\u00e9t\u00e9s<\/strong><\/h3>\n<ul>\n<li>Technologie brevet\u00e9e PneumaPure\u00ae : permet la circulation de l\u2019air tout en bloquant les agents pathog\u00e8nes tels que MRSA, C. diff, E. coli, coronavirus et plus encore.<\/li>\n<li>Enveloppe ext\u00e9rieure herm\u00e9tiquement scell\u00e9e et imperm\u00e9able : emp\u00eache la p\u00e9n\u00e9tration des agents pathog\u00e8nes et facilite le nettoyage des surfaces souples.<\/li>\n<li>La gamme de matelas et de coussins pour brancards SleepAngel est con\u00e7ue avec un accent particulier sur la protection des points de pression (viabilit\u00e9 des tissus) et la pr\u00e9vention des infections.<\/li>\n<\/ul>\n<p>&nbsp;<\/p>\n","protected":false},"excerpt":{"rendered":"<a class=\"button  button_full_width button_size_2\" href=\"\/wp-content\/uploads\/2025\/11\/Sleep-Angel-Medical-x-Matress-FR.pdf\"     target=\"_blank\"    title=\"\"><span class=\"button_label\">Brochure<\/span><\/a>\n\n","protected":false},"featured_media":3372,"template":"","meta":[],"product_brand":[601],"product_cat":[611,590],"product_tag":[],"class_list":{"0":"post-3690","1":"product","2":"type-product","3":"status-publish","4":"has-post-thumbnail","6":"product_brand-sleepangel","7":"product_cat-prevention-des-infections","8":"product_cat-medical","10":"first","11":"instock","12":"shipping-taxable","13":"product-type-simple"},"_links":{"self":[{"href":"https:\/\/medtradex.com\/fr\/wp-json\/wp\/v2\/product\/3690","targetHints":{"allow":["GET"]}}],"collection":[{"href":"https:\/\/medtradex.com\/fr\/wp-json\/wp\/v2\/product"}],"about":[{"href":"https:\/\/medtradex.com\/fr\/wp-json\/wp\/v2\/types\/product"}],"wp:featuredmedia":[{"embeddable":true,"href":"https:\/\/medtradex.com\/fr\/wp-json\/wp\/v2\/media\/3372"}],"wp:attachment":[{"href":"https:\/\/medtradex.com\/fr\/wp-json\/wp\/v2\/media?parent=3690"}],"wp:term":[{"taxonomy":"product_brand","embeddable":true,"href":"https:\/\/medtradex.com\/fr\/wp-json\/wp\/v2\/product_brand?post=3690"},{"taxonomy":"product_cat","embeddable":true,"href":"https:\/\/medtradex.com\/fr\/wp-json\/wp\/v2\/product_cat?post=3690"},{"taxonomy":"product_tag","embeddable":true,"href":"https:\/\/medtradex.com\/fr\/wp-json\/wp\/v2\/product_tag?post=3690"}],"curies":[{"name":"wp","href":"https:\/\/api.w.org\/{rel}","templated":true}]}}