{"id":3688,"date":"2025-08-06T15:06:47","date_gmt":"2025-08-06T13:06:47","guid":{"rendered":"https:\/\/medtradex.com\/product\/sleepangel-medische-hoofdkussens\/"},"modified":"2025-11-19T16:16:20","modified_gmt":"2025-11-19T14:16:20","slug":"sleepangel-medische-hoofdkussens","status":"publish","type":"product","link":"https:\/\/medtradex.com\/fr\/produit\/sleepangel-medische-hoofdkussens\/","title":{"rendered":"SleepAngel oreillers m\u00e9dicaux"},"content":{"rendered":"<h3><strong>Un choix s\u00fbr et durable<\/strong><\/h3>\n<p>L&rsquo;oreiller soutient la t\u00eate \u00e0 un niveau confortable et assure un bon alignement de la colonne vert\u00e9brale. Il est positionn\u00e9 au plus pr\u00e8s des yeux, du nez, de la bouche et des oreilles du dormeur.<strong> Il est donc essentiel de fournir un oreiller s\u00fbr et qui offre un bon soutien.<\/strong><\/p>\n<p>Les oreillers SleepAngel dot\u00e9s de la technologie de filtrage PneumaPure\u00ae y parviennent en offrant \u00e0 vos patients un confort optimal et une hygi\u00e8ne imbattable, tout en r\u00e9duisant l&#8217;empreinte \u00e9cologique gr\u00e2ce \u00e0 une utilisation \u00e0 long terme.<\/p>\n<p><strong>Confort premium :<\/strong> Les oreillers SleepAngel sont utilis\u00e9s dans le monde entier dans les h\u00f4pitaux et les maisons de soins.<br \/>\n<strong>Pr\u00e9vention et contr\u00f4le des infections :<\/strong> Les positionneurs herm\u00e9tiquement scell\u00e9s sont ventil\u00e9s via le filtre PneumaPure\u00ae, formant une barri\u00e8re contre les liquides, les agents pathog\u00e8nes et les allerg\u00e8nes.<br \/>\n<strong>Choix durable :<\/strong> Les produits peuvent \u00eatre utilis\u00e9s en toute s\u00e9curit\u00e9 plus longtemps que les oreillers traditionnels et ne n\u00e9cessitent ni lavage ni nettoyage chimique.<\/p>\n<h3><strong>Avantages<\/strong><\/h3>\n<ul>\n<li>Pas de taches, pas d\u2019odeurs \u2013 toujours comme un oreiller neuf<\/li>\n<li>Aucun lavage ni nettoyage \u00e0 sec n\u00e9cessaire \u2013 il suffit d\u2019essuyer et de d\u00e9sinfecter, pas besoin de prot\u00e8ge-oreiller<\/li>\n<li>PrimaLoft\u00ae Bio\u2122 \u2013 option de garnissage en fibres synth\u00e9tiques durables et biod\u00e9gradables<\/li>\n<\/ul>\n","protected":false},"excerpt":{"rendered":"<a class=\"button  button_full_width button_size_2\" href=\"\/wp-content\/uploads\/2025\/11\/Sleep-Angel-Medical-pillow-FR.pdf\"     target=\"_blank\"    title=\"\"><span class=\"button_label\">Brochure<\/span><\/a>\n\n","protected":false},"featured_media":3330,"template":"","meta":[],"product_brand":[601],"product_cat":[611,590],"product_tag":[],"class_list":{"0":"post-3688","1":"product","2":"type-product","3":"status-publish","4":"has-post-thumbnail","6":"product_brand-sleepangel","7":"product_cat-prevention-des-infections","8":"product_cat-medical","10":"first","11":"instock","12":"shipping-taxable","13":"product-type-simple"},"_links":{"self":[{"href":"https:\/\/medtradex.com\/fr\/wp-json\/wp\/v2\/product\/3688","targetHints":{"allow":["GET"]}}],"collection":[{"href":"https:\/\/medtradex.com\/fr\/wp-json\/wp\/v2\/product"}],"about":[{"href":"https:\/\/medtradex.com\/fr\/wp-json\/wp\/v2\/types\/product"}],"wp:featuredmedia":[{"embeddable":true,"href":"https:\/\/medtradex.com\/fr\/wp-json\/wp\/v2\/media\/3330"}],"wp:attachment":[{"href":"https:\/\/medtradex.com\/fr\/wp-json\/wp\/v2\/media?parent=3688"}],"wp:term":[{"taxonomy":"product_brand","embeddable":true,"href":"https:\/\/medtradex.com\/fr\/wp-json\/wp\/v2\/product_brand?post=3688"},{"taxonomy":"product_cat","embeddable":true,"href":"https:\/\/medtradex.com\/fr\/wp-json\/wp\/v2\/product_cat?post=3688"},{"taxonomy":"product_tag","embeddable":true,"href":"https:\/\/medtradex.com\/fr\/wp-json\/wp\/v2\/product_tag?post=3688"}],"curies":[{"name":"wp","href":"https:\/\/api.w.org\/{rel}","templated":true}]}}