{"id":3686,"date":"2025-08-06T13:48:11","date_gmt":"2025-08-06T11:48:11","guid":{"rendered":"https:\/\/medtradex.com\/product\/bossklein-v-wipe-zero\/"},"modified":"2025-11-19T15:05:12","modified_gmt":"2025-11-19T13:05:12","slug":"bossklein-v-wipe-zero","status":"publish","type":"product","link":"https:\/\/medtradex.com\/fr\/produit\/bossklein-v-wipe-zero\/","title":{"rendered":"Bossklein V-Wipe ZERO"},"content":{"rendered":"<p><strong>Lingettes d\u00e9sinfectantes\u00a0<\/strong><strong>SANS ALCOOL <\/strong><strong>pour surfaces\u00a0<\/strong><\/p>\n<h3><strong>Propri\u00e9t\u00e9s<\/strong><\/h3>\n<p>Les lingettes <strong>Bossklein V-WIPE ZERO<\/strong> sont un nettoyant et d\u00e9sinfectant tr\u00e8s efficace, con\u00e7ues principalement pour le secteur dentaire et m\u00e9dical. Id\u00e9ales \u00e0 utiliser lorsque le temps est crucial, comme entre deux patients ou dans des zones tr\u00e8s fr\u00e9quent\u00e9es. La toute nouvelle formule ZERO sans alcool convient \u00e0 la plupart des surfaces non poreuses et nettoyables, m\u00eame celles sensibles \u00e0 l\u2019alcool.<\/p>\n<ul>\n<li>Temps de contact de seulement 60 secondes<\/li>\n<li>2-en-1 : Nettoie et d\u00e9sinfecte<\/li>\n<li>S\u00fbr pour les surfaces sensibles*<\/li>\n<li>Formule moderne et s\u00e9curis\u00e9e<\/li>\n<li>Double homologation : Dispositif m\u00e9dical &amp; Biocide<\/li>\n<li>Subtil parfum de pomme<\/li>\n<\/ul>\n<p>ZERO a \u00e9t\u00e9 rigoureusement test\u00e9 et prouv\u00e9 efficace contre toutes les bact\u00e9ries et levures. Les tests virucides EN 14476 d\u00e9montrent une efficacit\u00e9 contre tous les virus envelopp\u00e9s, y compris Coronavirus, VIH, H\u00e9patite et Influenza, en seulement 60 secondes. La formule r\u00e9vis\u00e9e utilise des composants chimiques modernes, plus s\u00fbrs et plus respectueux de l\u2019environnement. Elle contient un m\u00e9lange synergique de deux puissants biocides, est exempte de PHMB et inclut des agents nettoyants issus de ressources renouvelables.<\/p>\n<p>Bossklein V-WIPE ZERO est un produit 2-en-1. Il contient un agent nettoyant d\u2019origine naturelle qui aide \u00e0 \u00e9liminer la salet\u00e9 tout en d\u00e9sinfectant simultan\u00e9ment. Le subtil parfum de pomme laisse les surfaces et les espaces frais, propres et pr\u00eats pour le prochain visiteur.<\/p>\n<p>Les lingettes sont disponibles dans nos bo\u00eetes \u201cClassic\u201d, id\u00e9ales pour un usage quotidien \u00e9conomique. Chaque lingette mesure 200 x 200 mm et chaque emballage contient 200 lingettes Classic. Des bo\u00eetes r\u00e9utilisables ainsi que des recharges \u00e9conomiques sont disponibles.<\/p>\n<p>&nbsp;<\/p>\n<p><em>*Toujours tester d\u2019abord sur une zone discr\u00e8te. Ne pas utiliser sur le cuivre ou l\u2019aluminium.<\/em><\/p>\n","protected":false},"excerpt":{"rendered":"<a class=\"button  button_full_width button_size_2\" href=\"\/wp-content\/uploads\/2025\/11\/SDS-V-Wipe-ZERO-FR.pdf\"     target=\"_blank\"    title=\"\"><span class=\"button_label\">Fiche de donn\u00e9es de s\u00e9curit\u00e9<\/span><\/a>\n\n","protected":false},"featured_media":3288,"template":"","meta":[],"product_brand":[600],"product_cat":[611,590],"product_tag":[616,615],"class_list":{"0":"post-3686","1":"product","2":"type-product","3":"status-publish","4":"has-post-thumbnail","6":"product_brand-bossklein","7":"product_cat-prevention-des-infections","8":"product_cat-medical","9":"product_tag-nettoyage-desinfection","10":"product_tag-surfaces","12":"first","13":"instock","14":"shipping-taxable","15":"product-type-simple"},"_links":{"self":[{"href":"https:\/\/medtradex.com\/fr\/wp-json\/wp\/v2\/product\/3686","targetHints":{"allow":["GET"]}}],"collection":[{"href":"https:\/\/medtradex.com\/fr\/wp-json\/wp\/v2\/product"}],"about":[{"href":"https:\/\/medtradex.com\/fr\/wp-json\/wp\/v2\/types\/product"}],"wp:featuredmedia":[{"embeddable":true,"href":"https:\/\/medtradex.com\/fr\/wp-json\/wp\/v2\/media\/3288"}],"wp:attachment":[{"href":"https:\/\/medtradex.com\/fr\/wp-json\/wp\/v2\/media?parent=3686"}],"wp:term":[{"taxonomy":"product_brand","embeddable":true,"href":"https:\/\/medtradex.com\/fr\/wp-json\/wp\/v2\/product_brand?post=3686"},{"taxonomy":"product_cat","embeddable":true,"href":"https:\/\/medtradex.com\/fr\/wp-json\/wp\/v2\/product_cat?post=3686"},{"taxonomy":"product_tag","embeddable":true,"href":"https:\/\/medtradex.com\/fr\/wp-json\/wp\/v2\/product_tag?post=3686"}],"curies":[{"name":"wp","href":"https:\/\/api.w.org\/{rel}","templated":true}]}}