{"id":3685,"date":"2025-08-06T12:24:19","date_gmt":"2025-08-06T10:24:19","guid":{"rendered":"https:\/\/medtradex.com\/product\/oxivir-excel-wipe-flw\/"},"modified":"2025-11-19T13:10:23","modified_gmt":"2025-11-19T11:10:23","slug":"oxivir-excel-wipe-flw","status":"publish","type":"product","link":"https:\/\/medtradex.com\/fr\/produit\/oxivir-excel-wipe-flw\/","title":{"rendered":"Oxivir Excel wipe FLW"},"content":{"rendered":"<p><strong>Lingettes d\u00e9tergentes et d\u00e9sinfectantes pour les surfaces non poreuses<\/strong><\/p>\n<p>Oxivir Excel Wipe (num\u00e9ro d&rsquo;enregistrement BE-TEMP-033) est une lingette pr\u00eate \u00e0 l&#8217;emploi, qui nettoie et d\u00e9sinfecte en une seule \u00e9tape, tout en offrant un temps de contact court. Oxivir Excel Wipe a \u00e9t\u00e9 con\u00e7ue \u00e0 partir de la formulation brevet\u00e9e de peroxyde d&rsquo;hydrog\u00e8ne de Diversey (technologie AHP) et s&rsquo;utilise sur toutes les surfaces dures non poreuses, entre autres dans le secteur des soins de sant\u00e9.<\/p>\n<h3>Propri\u00e9t\u00e9s principales<\/h3>\n<ul>\n<li>Elimination des bact\u00e9ries, des virus et des levures<\/li>\n<li>Nettoyant efficace<\/li>\n<li>Utilisation s\u00fbre<\/li>\n<li>Facile \u00e0 utiliser, ne n\u00e9cessite aucune pr\u00e9paration<\/li>\n<li>Sans odeur<\/li>\n<li>Pas de rin\u00e7age requis<\/li>\n<li>Plus s\u00fbr pour l&rsquo;environnement et pour les utilisateurs car la substance active se d\u00e9compose en eau et en oxyg\u00e8ne<\/li>\n<\/ul>\n<h3>Avantages<\/h3>\n<ul>\n<li>Son efficacit\u00e9 \u00e0 large spectre apporte les plus hauts niveaux de protection. Test\u00e9 selon les normes europ\u00e9ennes de d\u00e9sinfection contre de multiples pathog\u00e8nes, ce produit a une revendication virale compl\u00e8te, y compris le Poliovirus, l&rsquo;Ad\u00e9novirus et le Norovirus de Murine. Le produit est efficace contre tous les virus envelopp\u00e9s tels que le VIH, le VHB, le VHC, la grippe, le virus de la vaccine et les coronavirus.<\/li>\n<li>S\u00fbr \u00e0 l&#8217;emploi, aucun EPI n&rsquo;est requis.<\/li>\n<li>Aucune classification de danger.<\/li>\n<li>Excellente action nettoyante et 10 fois plus rapide qu&rsquo;un d\u00e9sinfectant normal.<\/li>\n<li>La formulation AHP est douce pour les surfaces et prolonge la dur\u00e9e de vie des \u00e9quipements. Ne laisse aucun r\u00e9sidu.<\/li>\n<li>Convient aux zones \u00e0 haut risque telles que les h\u00f4pitaux et les \u00e9tablissements de sant\u00e9, mais peut \u00e9galement \u00eatre utilis\u00e9 dans le commerce de d\u00e9tail, les \u00e9tablissements d&rsquo;enseignement et d&rsquo;autres secteurs d&rsquo;activit\u00e9 (sauf zones de pr\u00e9paration et de transformation alimentaires).<\/li>\n<li>Am\u00e9liore le respect des normes de d\u00e9sinfection de 35 %.<\/li>\n<\/ul>\n","protected":false},"excerpt":{"rendered":"<a class=\"button  button_full_width button_size_2\" href=\"\/wp-content\/uploads\/2025\/11\/SDS_Oxivir-Excel-Wipe_FR.pdf\"     target=\"_blank\"    title=\"\"><span class=\"button_label\">Fiche de donn\u00e9es de s\u00e9curit\u00e9<\/span><\/a>\n\n","protected":false},"featured_media":3297,"template":"","meta":[],"product_brand":[599],"product_cat":[611,590],"product_tag":[616,615],"class_list":{"0":"post-3685","1":"product","2":"type-product","3":"status-publish","4":"has-post-thumbnail","6":"product_brand-diversey","7":"product_cat-prevention-des-infections","8":"product_cat-medical","9":"product_tag-nettoyage-desinfection","10":"product_tag-surfaces","12":"first","13":"instock","14":"shipping-taxable","15":"product-type-simple"},"_links":{"self":[{"href":"https:\/\/medtradex.com\/fr\/wp-json\/wp\/v2\/product\/3685","targetHints":{"allow":["GET"]}}],"collection":[{"href":"https:\/\/medtradex.com\/fr\/wp-json\/wp\/v2\/product"}],"about":[{"href":"https:\/\/medtradex.com\/fr\/wp-json\/wp\/v2\/types\/product"}],"wp:featuredmedia":[{"embeddable":true,"href":"https:\/\/medtradex.com\/fr\/wp-json\/wp\/v2\/media\/3297"}],"wp:attachment":[{"href":"https:\/\/medtradex.com\/fr\/wp-json\/wp\/v2\/media?parent=3685"}],"wp:term":[{"taxonomy":"product_brand","embeddable":true,"href":"https:\/\/medtradex.com\/fr\/wp-json\/wp\/v2\/product_brand?post=3685"},{"taxonomy":"product_cat","embeddable":true,"href":"https:\/\/medtradex.com\/fr\/wp-json\/wp\/v2\/product_cat?post=3685"},{"taxonomy":"product_tag","embeddable":true,"href":"https:\/\/medtradex.com\/fr\/wp-json\/wp\/v2\/product_tag?post=3685"}],"curies":[{"name":"wp","href":"https:\/\/api.w.org\/{rel}","templated":true}]}}