{"id":3684,"date":"2025-08-06T12:15:07","date_gmt":"2025-08-06T10:15:07","guid":{"rendered":"https:\/\/medtradex.com\/product\/oxivir-sporicide-wipe-ce\/"},"modified":"2025-11-19T12:39:45","modified_gmt":"2025-11-19T10:39:45","slug":"oxivir-sporicide-wipe-ce","status":"publish","type":"product","link":"https:\/\/medtradex.com\/fr\/produit\/oxivir-sporicide-wipe-ce\/","title":{"rendered":"Oxivir Sporicide Wipe CE"},"content":{"rendered":"<p><strong>Lingette d\u00e9tergente et d\u00e9sinfectante pour le mat\u00e9riel m\u00e9dical non invasif<\/strong><\/p>\n<p>Les lingettes Oxivir Sporicide Wipe nettoient et d\u00e9sinfectent en une seule \u00e9tape. Elles sont efficaces contre le Clostridium difficile et Bacillus subtilis gr\u00e2ce \u00e0 la technologie brevet\u00e9e de PHA (P\u00e9roxyde d\u2019Hydrog\u00e8ne Acc\u00e9l\u00e9r\u00e9).<br \/>\nLes lingettes Oxivir Sporicide Wipe sont destin\u00e9es \u00e0 une utilisation sur du mat\u00e9rial m\u00e9dical non invasif.<\/p>\n<h3>Propri\u00e9t\u00e9s principales<\/h3>\n<ul>\n<li>Efficace sur <strong>Clostridium difficile<\/strong> en 1 minute*.<\/li>\n<li>Sporicide, bact\u00e9ricide, virucide, levuricide, fongicide, en seulement 1 minute.<\/li>\n<li>Profil de s\u00e9curit\u00e9 positif pour les utilisateurs et les surfaces, par rapport aux autres sporicides.<\/li>\n<li>D\u00e9tergent efficace<\/li>\n<li>Sans parfum<\/li>\n<li>Se d\u00e9compose activement en eau et en oxyg\u00e8ne &#8211; Aucun r\u00e9sidu actif ne reste sur la surface.<\/li>\n<li>Ne contient ni chlore ni alcool<\/li>\n<\/ul>\n<h3>Avantages<\/h3>\n<ul>\n<li>Excellente r\u00e9ponse aux \u00e9pid\u00e9mies de <strong>Clostridium Difficile<\/strong><\/li>\n<li>Un spectre d\u2019efficacit\u00e9 large contre les autres souches pathog\u00e8nes procure les plus hauts standards de<br \/>\nprotection pour les patients et r\u00e9sidents<\/li>\n<li>Les temps de contact courts permettent de maintenir la surface humide, ce qui garantit l&rsquo;efficacit\u00e9 du<br \/>\nd\u00e9sinfectant<\/li>\n<li>Aucun rin\u00e7age n\u00e9cessaire<\/li>\n<li>Ne provoque pas d&rsquo;irritation respiratoire<\/li>\n<li>Convient aux zones \u00e0 haut risque dans le secteur de la sant\u00e9, notamment les unit\u00e9s de soins intensifs (ICU), les<br \/>\nunit\u00e9s de soins intensifs n\u00e9onatals (NICU), les chambres de patients et les chambres d&rsquo;isolement.<\/li>\n<\/ul>\n","protected":false},"excerpt":{"rendered":"<a class=\"button  button_full_width button_size_2\" href=\"\/wp-content\/uploads\/2025\/11\/SDS_Oxivir-Sporicide-Wipe-CE_FR.pdf\"     target=\"_blank\"    title=\"\"><span class=\"button_label\">Fiche de donn\u00e9es de s\u00e9curit\u00e9<\/span><\/a>\n\n","protected":false},"featured_media":3294,"template":"","meta":[],"product_brand":[599],"product_cat":[611,590],"product_tag":[616,615],"class_list":{"0":"post-3684","1":"product","2":"type-product","3":"status-publish","4":"has-post-thumbnail","6":"product_brand-diversey","7":"product_cat-prevention-des-infections","8":"product_cat-medical","9":"product_tag-nettoyage-desinfection","10":"product_tag-surfaces","12":"first","13":"instock","14":"shipping-taxable","15":"product-type-simple"},"_links":{"self":[{"href":"https:\/\/medtradex.com\/fr\/wp-json\/wp\/v2\/product\/3684","targetHints":{"allow":["GET"]}}],"collection":[{"href":"https:\/\/medtradex.com\/fr\/wp-json\/wp\/v2\/product"}],"about":[{"href":"https:\/\/medtradex.com\/fr\/wp-json\/wp\/v2\/types\/product"}],"wp:featuredmedia":[{"embeddable":true,"href":"https:\/\/medtradex.com\/fr\/wp-json\/wp\/v2\/media\/3294"}],"wp:attachment":[{"href":"https:\/\/medtradex.com\/fr\/wp-json\/wp\/v2\/media?parent=3684"}],"wp:term":[{"taxonomy":"product_brand","embeddable":true,"href":"https:\/\/medtradex.com\/fr\/wp-json\/wp\/v2\/product_brand?post=3684"},{"taxonomy":"product_cat","embeddable":true,"href":"https:\/\/medtradex.com\/fr\/wp-json\/wp\/v2\/product_cat?post=3684"},{"taxonomy":"product_tag","embeddable":true,"href":"https:\/\/medtradex.com\/fr\/wp-json\/wp\/v2\/product_tag?post=3684"}],"curies":[{"name":"wp","href":"https:\/\/api.w.org\/{rel}","templated":true}]}}