{"id":3657,"date":"2025-08-06T11:48:02","date_gmt":"2025-08-06T09:48:02","guid":{"rendered":"https:\/\/medtradex.com\/product\/oxivir-sporicide-ce-spray\/"},"modified":"2025-11-13T17:26:30","modified_gmt":"2025-11-13T15:26:30","slug":"oxivir-sporicide-ce-spray","status":"publish","type":"product","link":"https:\/\/medtradex.com\/fr\/produit\/oxivir-sporicide-ce-spray\/","title":{"rendered":"Oxivir Sporicide CE spray"},"content":{"rendered":"<p><strong>D\u00e9tergent et d\u00e9sinfectant pour les dispositifs m\u00e9dicaux non invasifs<\/strong><\/p>\n<p>Diversey Oxivir Sporicide CE est un nettoyant et d\u00e9sinfectant combin\u00e9 qui agit en une seule \u00e9tape et qui est efficace contre <em>Clostridium difficile<\/em>. Oxivir Sporicide Wipe CE dispose d&rsquo;une formule brevet\u00e9e \u00e0 base d&rsquo;AHP (Peroxyde d\u2019Hydrog\u00e8ne Acc\u00e9l\u00e9r\u00e9) \u00a0de Diversey et peut \u00eatre utilis\u00e9e sur des dispositifs m\u00e9dicaux non invasifs.<\/p>\n<h3>Propri\u00e9t\u00e9s<\/h3>\n<ul>\n<li style=\"list-style-type: none;\">\n<ul>\n<li>Efficace contre <em><strong>Clostridium Difficile<\/strong><\/em> en 1 minute*.<\/li>\n<li>Sporicide, bact\u00e9ricide, virusicide, levuricide, fongicide<\/li>\n<li>D\u00e9tergent efficace<\/li>\n<li>Inodore<\/li>\n<li>Se d\u00e9grade activement dans l&rsquo;eau et l&rsquo;oxyg\u00e8ne &#8211; Ne laisse aucun r\u00e9sidu actif sur le surface<\/li>\n<li>Ne contient pas de chlore ni d&rsquo;alcool<\/li>\n<li>Profil de s\u00e9curit\u00e9 positif pour les utilisateurs et les surfaces, par rapport aux autres sporicides<\/li>\n<\/ul>\n<\/li>\n<\/ul>\n<h3>Avantages<\/h3>\n<ul>\n<li>Excellente r\u00e9ponse aux \u00e9pid\u00e9mies de <em><strong>Clostridium Difficile<\/strong><\/em><\/li>\n<li>Un spectre d\u2019efficacit\u00e9 large contre les autres souches pathog\u00e8nes assure les plus hauts niveaux de protection des patients<\/li>\n<li>Les temps de contact courts maintiennent la surface humide, ce qui garantit l&rsquo;efficacit\u00e9 de la d\u00e9sinfection<\/li>\n<li>Ne provoque pas d&rsquo;irritation des voies respiratoires<\/li>\n<li>Convient pour les zones \u00e0 haut risque dans le secteur de la sant\u00e9, notamment les unit\u00e9s de soins intensifs, les unit\u00e9s de soins intensifs n\u00e9onatals, les chambres de patients et les chambres d&rsquo;isolement.<\/li>\n<li>La g\u00e2chette \u00e0 mousse assure une application efficace<\/li>\n<li><strong>Non destin\u00e9<\/strong> \u00e0 \u00eatre utilis\u00e9 sur des dispositifs m\u00e9dicaux invasifs<\/li>\n<\/ul>\n","protected":false},"excerpt":{"rendered":"<a class=\"button  button_full_width button_size_2\" href=\"\/wp-content\/uploads\/2025\/11\/SDS_Oxivir-Sporicide-CE_FR.pdf\"     target=\"_blank\"    title=\"\"><span class=\"button_label\">Fiche de donn\u00e9es de s\u00e9curit\u00e9<\/span><\/a>\n\n","protected":false},"featured_media":3291,"template":"","meta":[],"product_brand":[599],"product_cat":[611,590],"product_tag":[616,615],"class_list":{"0":"post-3657","1":"product","2":"type-product","3":"status-publish","4":"has-post-thumbnail","6":"product_brand-diversey","7":"product_cat-prevention-des-infections","8":"product_cat-medical","9":"product_tag-nettoyage-desinfection","10":"product_tag-surfaces","12":"first","13":"instock","14":"shipping-taxable","15":"product-type-simple"},"_links":{"self":[{"href":"https:\/\/medtradex.com\/fr\/wp-json\/wp\/v2\/product\/3657","targetHints":{"allow":["GET"]}}],"collection":[{"href":"https:\/\/medtradex.com\/fr\/wp-json\/wp\/v2\/product"}],"about":[{"href":"https:\/\/medtradex.com\/fr\/wp-json\/wp\/v2\/types\/product"}],"wp:featuredmedia":[{"embeddable":true,"href":"https:\/\/medtradex.com\/fr\/wp-json\/wp\/v2\/media\/3291"}],"wp:attachment":[{"href":"https:\/\/medtradex.com\/fr\/wp-json\/wp\/v2\/media?parent=3657"}],"wp:term":[{"taxonomy":"product_brand","embeddable":true,"href":"https:\/\/medtradex.com\/fr\/wp-json\/wp\/v2\/product_brand?post=3657"},{"taxonomy":"product_cat","embeddable":true,"href":"https:\/\/medtradex.com\/fr\/wp-json\/wp\/v2\/product_cat?post=3657"},{"taxonomy":"product_tag","embeddable":true,"href":"https:\/\/medtradex.com\/fr\/wp-json\/wp\/v2\/product_tag?post=3657"}],"curies":[{"name":"wp","href":"https:\/\/api.w.org\/{rel}","templated":true}]}}