{"id":3656,"date":"2025-08-06T11:25:18","date_gmt":"2025-08-06T09:25:18","guid":{"rendered":"https:\/\/medtradex.com\/product\/oxivir-plus\/"},"modified":"2025-11-13T15:59:45","modified_gmt":"2025-11-13T13:59:45","slug":"oxivir-plus","status":"publish","type":"product","link":"https:\/\/medtradex.com\/fr\/produit\/oxivir-plus\/","title":{"rendered":"Oxivir Plus"},"content":{"rendered":"<p><strong>D\u00e9tergent et d\u00e9sinfectant pour les surfaces dures non poreuses<\/strong><\/p>\n<p>Diversey Oxivir Plus (num\u00e9ro d&rsquo;autorisation BE-REG-00866) est un d\u00e9tergent et un d\u00e9sinfectant \u00e0 large spectre pour les surfaces dures non poreuses.<\/p>\n<h3>Propri\u00e9t\u00e9s<\/h3>\n<ul>\n<li>Bact\u00e9ricide, virucide (virus envelopp\u00e9s), levuricide et fongicide sur:<br \/>\na. Les surfaces dans les zones destin\u00e9es au s\u00e9jour de personnes ;<br \/>\nb. Les surfaces et \u00e9quipements dans les h\u00f4pitaux et autres \u00e9tablissements de soins de sant\u00e9 ;<br \/>\nc. Les surfaces dans les industries cosm\u00e9tiques et pharmaceutiques.<\/li>\n<li>Formulation acide brevet\u00e9e \u00e0 base de peroxyde d&rsquo;hydrog\u00e8ne<\/li>\n<li>Temps de contact courts<\/li>\n<li>Nettoyant efficace<\/li>\n<li>Sans odeur<\/li>\n<\/ul>\n<h3>Avantages<\/h3>\n<ul>\n<li>Test\u00e9 de mani\u00e8re approfondie par rapport aux normes europ\u00e9ennes et efficace contre de multiples agents pathog\u00e8nes tels que le VIH, le VHB, le VHC, la grippe aviaire, Pseudomonas aeruginosa, Staphylococcus aureus, Salmonella enterica, MRSA, VRE et Norovirus.<\/li>\n<li>Nettoie et d\u00e9sinfecte en une seule \u00e9tape, ce qui r\u00e9duit le temps de travail.<\/li>\n<li>Excellente performance de nettoyage, y compris le d\u00e9tartrage et la limitation du calcaire, ce qui \u00e9limine la n\u00e9cessit\u00e9 d&rsquo;un pr\u00e9-nettoyage.<\/li>\n<li>Bon profil de s\u00e9curit\u00e9 pour l&rsquo;utilisateur.<\/li>\n<li>La formule AHP est douce pour les surfaces, ce qui prolonge la dur\u00e9e de vie des \u00e9quipements.<\/li>\n<li>Bon profil environnemental. Le principe actif se d\u00e9compose en oxyg\u00e8ne et en eau.<\/li>\n<\/ul>\n","protected":false},"excerpt":{"rendered":"<a class=\"button  button_full_width button_size_2\" href=\"\/wp-content\/uploads\/2025\/11\/SDS_Oxivir-Plus-2x5L_FR.pdf\"     target=\"_blank\"    title=\"\"><span class=\"button_label\">Fiche de donn\u00e9es de s\u00e9curit\u00e9<\/span><\/a>\n\n<a class=\"button  button_full_width button_size_2\" href=\"\/wp-content\/uploads\/2025\/11\/Oxivir-Plus-fr-BE-fiche-technique.pdf\"     target=\"_blank\"    title=\"\"><span class=\"button_label\">Sp\u00e9cifications<\/span><\/a>\n\n","protected":false},"featured_media":3271,"template":"","meta":[],"product_brand":[599],"product_cat":[610,612,611,590],"product_tag":[616,615],"class_list":{"0":"post-3656","1":"product","2":"type-product","3":"status-publish","4":"has-post-thumbnail","6":"product_brand-diversey","7":"product_cat-industrie-fr","8":"product_cat-pharmaceutique-laboratoires","9":"product_cat-prevention-des-infections","10":"product_cat-medical","11":"product_tag-nettoyage-desinfection","12":"product_tag-surfaces","14":"first","15":"instock","16":"shipping-taxable","17":"product-type-simple"},"_links":{"self":[{"href":"https:\/\/medtradex.com\/fr\/wp-json\/wp\/v2\/product\/3656","targetHints":{"allow":["GET"]}}],"collection":[{"href":"https:\/\/medtradex.com\/fr\/wp-json\/wp\/v2\/product"}],"about":[{"href":"https:\/\/medtradex.com\/fr\/wp-json\/wp\/v2\/types\/product"}],"wp:featuredmedia":[{"embeddable":true,"href":"https:\/\/medtradex.com\/fr\/wp-json\/wp\/v2\/media\/3271"}],"wp:attachment":[{"href":"https:\/\/medtradex.com\/fr\/wp-json\/wp\/v2\/media?parent=3656"}],"wp:term":[{"taxonomy":"product_brand","embeddable":true,"href":"https:\/\/medtradex.com\/fr\/wp-json\/wp\/v2\/product_brand?post=3656"},{"taxonomy":"product_cat","embeddable":true,"href":"https:\/\/medtradex.com\/fr\/wp-json\/wp\/v2\/product_cat?post=3656"},{"taxonomy":"product_tag","embeddable":true,"href":"https:\/\/medtradex.com\/fr\/wp-json\/wp\/v2\/product_tag?post=3656"}],"curies":[{"name":"wp","href":"https:\/\/api.w.org\/{rel}","templated":true}]}}