{"id":3654,"date":"2025-07-31T12:07:05","date_gmt":"2025-07-31T10:07:05","guid":{"rendered":"https:\/\/medtradex.com\/product\/sure-instant-hand-sanitizer\/"},"modified":"2025-11-13T13:33:44","modified_gmt":"2025-11-13T11:33:44","slug":"sure-instant-hand-sanitizer","status":"publish","type":"product","link":"https:\/\/medtradex.com\/fr\/produit\/sure-instant-hand-sanitizer\/","title":{"rendered":"SURE Instant Hand Sanitizer"},"content":{"rendered":"<p><strong>Mousse d\u00e9sinfectante pour les mains, sans alcool, non class\u00e9e CLP, tr\u00e8s efficace, au parfum rafra\u00eechissant<\/strong><\/p>\n<p>Le d\u00e9sinfectant instantan\u00e9 pour les mains SURE fait partie d&rsquo;une gamme unique de produits professionnels \u00e0 base de plantes, 100 % biod\u00e9gradables*, pour tous les soins quotidiens et les soins personnels. Le d\u00e9sinfectant instantan\u00e9 pour les mains SURE offre une solution flexible d\u2019hygi\u00e8ne des mains qui ne n\u00e9cessite pas d\u2019eau. Il s\u2019agit d\u2019un d\u00e9sinfectant pour les mains en mousse non class\u00e9 et sans alcool qui offre une excellente efficacit\u00e9 et revitalise la peau. Il est efficace contre les bact\u00e9ries et les levures, mais aussi contre les virus comme le H1N1.<\/p>\n<p>Il contient un parfum 100% naturel pour cr\u00e9er une senteur rafra\u00eechissante. Le d\u00e9sinfectant instantan\u00e9 pour les mains SURE a un bon profil de s\u00e9curit\u00e9 ; il est biod\u00e9gradable, sans alcool ni triclosan et totalement non class\u00e9 pour une utilisation s\u00fbre lorsqu&rsquo;il est appliqu\u00e9 selon les instructions.<\/p>\n<h3>Propri\u00e9t\u00e9s<\/h3>\n<ul>\n<li>Contient des ingr\u00e9dients v\u00e9g\u00e9taux provenant de sources renouvelables<\/li>\n<li>100 % biod\u00e9gradable* et d\u00e9compos\u00e9 par des processus naturels<\/li>\n<li>Texture de mousse homog\u00e8ne et de haute qualit\u00e9<\/li>\n<li>D\u00e9sinfecte les mains en une seule \u00e9tape sans avoir besoin d&rsquo;eau<\/li>\n<li>\u00c0 base d&rsquo;acide lactique, un ingr\u00e9dient biologique d&rsquo;origine naturelle qui inhibe la croissance des micro-organismes<\/li>\n<li>Conforme aux normes EN test EN1500, EN13727, EN1276, EN13624 (levure), EN1650 (levure), EN14476 (Vaccinia Ankara modifi\u00e9e)<\/li>\n<li>Comprend un enregistrement de produit biocide BPR pour la d\u00e9sinfection des mains (EU-0016940-0000)<\/li>\n<li>Parfum 100% naturel pour une senteur rafra\u00eechissante<\/li>\n<li>Douceur de la peau largement test\u00e9e (Patch test)<\/li>\n<li>Aucune \u00e9valuation des risques environnementaux, aucun avertissement de s\u00e9curit\u00e9 pour les utilisateurs<\/li>\n<\/ul>\n<h3>Avantages<\/h3>\n<ul>\n<li>Exploiter le pouvoir de la nature pour r\u00e9duire l\u2019impact environnemental et apporter une tranquillit\u00e9 d\u2019esprit<\/li>\n<li>Se frotte facilement sur les mains et ne laisse aucun r\u00e9sidu collant gr\u00e2ce \u00e0 sa qualit\u00e9 et sa texture mousse homog\u00e8ne<\/li>\n<li>Tr\u00e8s efficace pour pr\u00e9venir la propagation des infections et prot\u00e9ger votre image et votre marque<\/li>\n<li>Une douceur \u00e9prouv\u00e9e pour prot\u00e9ger la sant\u00e9 de la peau de vos utilisateurs<\/li>\n<li>Non class\u00e9 pour garantir qu&rsquo;il est s\u00fbr, facile \u00e0 utiliser et prot\u00e8ge la sant\u00e9 de votre organisation<\/li>\n<li>Parfum rafra\u00eechissant pour rendre plus agr\u00e9able aux utilisateurs le respect de l&rsquo;hygi\u00e8ne des mains<\/li>\n<\/ul>\n","protected":false},"excerpt":{"rendered":"<a class=\"button  button_full_width button_size_2\" href=\"\/wp-content\/uploads\/2025\/11\/SUREInstantHandSanitizer-MS1003685_BE02_BE-FR.pdf\"     target=\"_blank\"    title=\"\"><span class=\"button_label\">Fiche de donn\u00e9es de s\u00e9curit\u00e9<\/span><\/a>\n\n<a class=\"button  button_full_width button_size_2\" href=\"\/wp-content\/uploads\/2025\/11\/K00146-PIS-SURE_Instant_Hand_Sanitizer-fr-BE.pdf\"     target=\"_blank\"    title=\"\"><span class=\"button_label\">Sp\u00e9cifications<\/span><\/a>\n\n","protected":false},"featured_media":3770,"template":"","meta":[],"product_brand":[599],"product_cat":[611,590],"product_tag":[616],"class_list":{"0":"post-3654","1":"product","2":"type-product","3":"status-publish","4":"has-post-thumbnail","6":"product_brand-diversey","7":"product_cat-prevention-des-infections","8":"product_cat-medical","9":"product_tag-nettoyage-desinfection","11":"first","12":"instock","13":"shipping-taxable","14":"product-type-simple"},"_links":{"self":[{"href":"https:\/\/medtradex.com\/fr\/wp-json\/wp\/v2\/product\/3654","targetHints":{"allow":["GET"]}}],"collection":[{"href":"https:\/\/medtradex.com\/fr\/wp-json\/wp\/v2\/product"}],"about":[{"href":"https:\/\/medtradex.com\/fr\/wp-json\/wp\/v2\/types\/product"}],"wp:featuredmedia":[{"embeddable":true,"href":"https:\/\/medtradex.com\/fr\/wp-json\/wp\/v2\/media\/3770"}],"wp:attachment":[{"href":"https:\/\/medtradex.com\/fr\/wp-json\/wp\/v2\/media?parent=3654"}],"wp:term":[{"taxonomy":"product_brand","embeddable":true,"href":"https:\/\/medtradex.com\/fr\/wp-json\/wp\/v2\/product_brand?post=3654"},{"taxonomy":"product_cat","embeddable":true,"href":"https:\/\/medtradex.com\/fr\/wp-json\/wp\/v2\/product_cat?post=3654"},{"taxonomy":"product_tag","embeddable":true,"href":"https:\/\/medtradex.com\/fr\/wp-json\/wp\/v2\/product_tag?post=3654"}],"curies":[{"name":"wp","href":"https:\/\/api.w.org\/{rel}","templated":true}]}}