{"id":3653,"date":"2025-07-31T11:50:24","date_gmt":"2025-07-31T09:50:24","guid":{"rendered":"https:\/\/medtradex.com\/product\/vk-air\/"},"modified":"2025-11-12T15:47:06","modified_gmt":"2025-11-12T13:47:06","slug":"vk-air","status":"publish","type":"product","link":"https:\/\/medtradex.com\/fr\/produit\/vk-air\/","title":{"rendered":"VK Air"},"content":{"rendered":"<h3><strong>IL Y A QUELQUE CHOSE DANS L&rsquo;AIR<\/strong><\/h3>\n<p><strong>Les purificateurs d&rsquo;air traditionnels<\/strong>\u00a0sont bien connus, disponibles partout et\u00a0<strong>filtrent<\/strong>\u00a0efficacement les particules de\u00a0<strong>pollen,<\/strong>\u00a0de\u00a0<strong>poussi\u00e8re<\/strong>\u00a0et de\u00a0<strong>fum\u00e9e.<\/strong>\u00a0Cette forme de purification de l&rsquo;air est une premi\u00e8re \u00e9tape importante, mais pas la\u00a0<strong>seule<\/strong>\u00a0<strong>\u00e9tape<\/strong>\u00a0vers une\u00a0<strong>meilleure qualit\u00e9<\/strong>\u00a0<strong>de l&rsquo;air int\u00e9rieur.<\/strong><\/p>\n<p>Le\u00a0<strong>concept de Radic8<\/strong>\u00a0va plus loin en mati\u00e8re de traitement de l&rsquo;air.<\/p>\n<h3><strong>Le polyvalent pour les espaces moyens et grands<\/strong><\/h3>\n<p>Le Radic8 VK 401\u00a0<strong>purifie<\/strong>\u00a0et\u00a0<strong>st\u00e9rilise<\/strong>\u00a0sans probl\u00e8me les espaces moyens \u00e0 grands (jusqu&rsquo;\u00e0 60 m\u00b2) gr\u00e2ce \u00e0 une combinaison:<\/p>\n<ul>\n<li>d&rsquo;un\u00a0<strong>pr\u00e9-filtre<\/strong><\/li>\n<li>d&rsquo;un\u00a0<strong>filtre<\/strong>\u00a0\u00e0\u00a0<strong>charbon actif<\/strong><\/li>\n<li>de la cellule r\u00e9acteur avec 8 lampes UV-C \u00e9quip\u00e9es de filtres en oxyde de titane<\/li>\n<\/ul>\n<p>Cet appareil assure la\u00a0<strong>filtration<\/strong>\u00a0des\u00a0<strong>particules<\/strong>\u00a0les plus\u00a0<strong>fines<\/strong>\u00a0et neutralise \u00e9galement:<\/p>\n<ul>\n<li>COVID-19 et d&rsquo;autres agents pathog\u00e8nes des voies r\u00e9spiratoires<\/li>\n<li>les\u00a0<strong>\u00e9l\u00e9ments polluants<\/strong>\u00a0pr\u00e9sent dans l&rsquo;<strong>air<\/strong>\u00a0(par exemple: le NO2 pr\u00e9sent dans les gaz d&rsquo;\u00e9chappement)<\/li>\n<li>Formald\u00e9hyde (pr\u00e9sent dans les meubles)<\/li>\n<li>les\u00a0<strong>COV<\/strong>\u00a0et\u00a0<strong>gaz toxiques<\/strong><\/li>\n<li>les\u00a0<strong>bact\u00e9ries<\/strong>\u00a0et les\u00a0<strong>virus<\/strong><\/li>\n<li>les\u00a0<strong>moisissures<\/strong><\/li>\n<\/ul>\n<h3><strong>Recommand\u00e9 pour<\/strong><\/h3>\n<ul>\n<li>les soins de sant\u00e9<\/li>\n<li>le cabinet dentaire<\/li>\n<li>les maisons de repos et de soins<\/li>\n<li>la pu\u00e9riculture<\/li>\n<li>les bureaux<\/li>\n<li>les cabinets v\u00e9t\u00e9rinaires<\/li>\n<li>les \u00e9coles<\/li>\n<li>les services d&rsquo;urgence<\/li>\n<li>les b\u00e2timents militaires<\/li>\n<li>&#8230;<\/li>\n<\/ul>\n<h3><strong>Caract\u00e9ristiques<\/strong><\/h3>\n<ul>\n<li>Poids: 9,2 KG<\/li>\n<li>Port\u00e9e:\u00a0<strong>60m\u00b2<\/strong><\/li>\n<li>Dimensions (L x H x P): 64 cm x 38 cm x 16,5 cm<\/li>\n<li>Convient pour\u00a0<strong>un\u00a0montage sur pied ou mural<\/strong><\/li>\n<li>Inclut la\u00a0<strong>t\u00e9l\u00e9commande<\/strong><\/li>\n<li>Eligible pour le certificat \u00ab\u00a0We Share Clean Air\u00a0\u00bb<\/li>\n<\/ul>\n","protected":false},"excerpt":{"rendered":"<a class=\"button  button_full_width button_size_2\" href=\"\/wp-content\/uploads\/2025\/07\/Brochure-Radic8-Range-EN-LowRes.pdf\"     target=\"_blank\"    title=\"\"><span class=\"button_label\">Brochure<\/span><\/a>\n\n","protected":false},"featured_media":3245,"template":"","meta":[],"product_brand":[556],"product_cat":[610,614,612,611,613,590],"product_tag":[632,638,616],"class_list":{"0":"post-3653","1":"product","2":"type-product","3":"status-publish","4":"has-post-thumbnail","6":"product_brand-radic8","7":"product_cat-industrie-fr","8":"product_cat-institutions-publiques","9":"product_cat-pharmaceutique-laboratoires","10":"product_cat-prevention-des-infections","11":"product_cat-transport-fr","12":"product_cat-medical","13":"product_tag-air","14":"product_tag-air-pur","15":"product_tag-nettoyage-desinfection","17":"first","18":"instock","19":"shipping-taxable","20":"product-type-simple"},"_links":{"self":[{"href":"https:\/\/medtradex.com\/fr\/wp-json\/wp\/v2\/product\/3653","targetHints":{"allow":["GET"]}}],"collection":[{"href":"https:\/\/medtradex.com\/fr\/wp-json\/wp\/v2\/product"}],"about":[{"href":"https:\/\/medtradex.com\/fr\/wp-json\/wp\/v2\/types\/product"}],"wp:featuredmedia":[{"embeddable":true,"href":"https:\/\/medtradex.com\/fr\/wp-json\/wp\/v2\/media\/3245"}],"wp:attachment":[{"href":"https:\/\/medtradex.com\/fr\/wp-json\/wp\/v2\/media?parent=3653"}],"wp:term":[{"taxonomy":"product_brand","embeddable":true,"href":"https:\/\/medtradex.com\/fr\/wp-json\/wp\/v2\/product_brand?post=3653"},{"taxonomy":"product_cat","embeddable":true,"href":"https:\/\/medtradex.com\/fr\/wp-json\/wp\/v2\/product_cat?post=3653"},{"taxonomy":"product_tag","embeddable":true,"href":"https:\/\/medtradex.com\/fr\/wp-json\/wp\/v2\/product_tag?post=3653"}],"curies":[{"name":"wp","href":"https:\/\/api.w.org\/{rel}","templated":true}]}}