{"id":3652,"date":"2025-07-31T11:45:15","date_gmt":"2025-07-31T09:45:15","guid":{"rendered":"https:\/\/medtradex.com\/product\/vk-pro\/"},"modified":"2025-11-12T16:34:15","modified_gmt":"2025-11-12T14:34:15","slug":"vk-pro","status":"publish","type":"product","link":"https:\/\/medtradex.com\/fr\/produit\/vk-pro\/","title":{"rendered":"VK Pro"},"content":{"rendered":"<h2><strong>IL Y A QUELQUE CHOSE DANS L&rsquo;AIR<\/strong><\/h2>\n<p><strong>Les purificateurs d&rsquo;air traditionnels<\/strong>\u00a0sont bien connus, disponibles partout et\u00a0<strong>filtrent<\/strong>\u00a0efficacement les particules de\u00a0<strong>pollen,<\/strong>\u00a0de\u00a0<strong>poussi\u00e8re<\/strong>\u00a0et de\u00a0<strong>fum\u00e9e.<\/strong>\u00a0Cette forme de purification de l&rsquo;air est une premi\u00e8re \u00e9tape importante, mais pas la\u00a0<strong>seule<\/strong>\u00a0<strong>\u00e9tape<\/strong>\u00a0vers une\u00a0<strong>meilleure qualit\u00e9<\/strong>\u00a0<strong>de l&rsquo;air int\u00e9rieur.<\/strong><\/p>\n<p>Le\u00a0<strong><a href=\"https:\/\/medtradex.com\/be-fr\/problematique\/pollution-air\/\">concept de Radic8<\/a><\/strong>\u00a0va plus loin en mati\u00e8re de traitement de l&rsquo;air.<\/p>\n<p><a href=\"https:\/\/medtradex.com\/be-fr\/problematique\/pollution-air\/\"><strong>Lire plus<\/strong><\/a><\/p>\n<h3><strong>Pour les grands espaces couverts<\/strong><\/h3>\n<p>La\u00a0<strong>VK 102<\/strong>\u00a0(avec les m\u00eames filtres m\u00e9caniques que la mod\u00e8le\u00a0<strong>VK 002<\/strong>) est adapt\u00e9 pour les espaces plut\u00f4t larges (jusque 165 m\u00b2) gr\u00e2ce \u00e0:<\/p>\n<ul>\n<li>un\u00a0<strong>ventilateur plus puissant<\/strong><strong>\u00a0(Premium Scirocco)<\/strong><\/li>\n<li>un\u00a0<strong>module de st\u00e9rilisation plus grand<\/strong><\/li>\n<\/ul>\n<p>Pour purifier et st\u00e9riliser l&rsquo;air dans les grands espaces, il est plus\u00a0<strong>rentable<\/strong>\u00a0et\u00a0<strong>\u00e9cologique<\/strong>\u00a0d&rsquo;installer un\u00a0<strong>seul appareil puissant<\/strong>, que plusieurs unit\u00e9s plus petites. Quand la technologie rencontre le design, la VK 102 est\u00a0<strong>performante<\/strong>\u00a0dans les\u00a0<strong>espaces<\/strong>\u00a0pr\u00e9sentant une\u00a0<strong>forte circulation d&rsquo;air<\/strong>\u00a0et de\u00a0<strong>personnes<\/strong>. Des endroits tels que les magasins, les salles d&rsquo;attente, les restaurants, les bureaux ou d&rsquo;autres environnements o\u00f9 de nombreuses personnes vont et viennent constituent l&rsquo;habitat naturel du VK 102. Cet appareil peut traiter rapidement toute pollution qui p\u00e9n\u00e8tre l&rsquo;espace a\u00e9rien int\u00e9rieur.<\/p>\n<p>Cet appareil assure la\u00a0<strong>filtration<\/strong>\u00a0des\u00a0<strong>particules<\/strong>\u00a0<strong>les plus fines<\/strong>\u00a0et\u00a0<strong>neutralise<\/strong>\u00a0\u00e9galement:<\/p>\n<ul>\n<li>les\u00a0<strong>\u00e9l\u00e9ments polluants<\/strong>\u00a0dans l&rsquo;<strong>air<\/strong>\u00a0(par exemple: le NO2 pr\u00e9sent dans les gaz d&rsquo;\u00e9chappement)<\/li>\n<li>le\u00a0<strong>formald\u00e9hyde<\/strong>\u00a0(pr\u00e9sent dans les meubles)<\/li>\n<li>les\u00a0<strong>COV<\/strong>\u00a0et\u00a0<strong>gaz toxiques<\/strong><\/li>\n<li>les\u00a0<strong>bact\u00e9ries<\/strong>\u00a0et les\u00a0<strong>virus<\/strong><\/li>\n<li>les\u00a0<strong>moisissures<\/strong><\/li>\n<\/ul>\n<h3><strong>Recommand\u00e9 pour<\/strong><\/h3>\n<ul>\n<li>les soins de sant\u00e9<\/li>\n<li>les cabinets dentaires<\/li>\n<li>les maisons de repos et de soins<\/li>\n<li>la pu\u00e9riculture<\/li>\n<li>les bureaux<\/li>\n<li>les cabinets v\u00e9t\u00e9rinaires<\/li>\n<li>les \u00e9coles<\/li>\n<li>les services d&rsquo;urgence<\/li>\n<li>les b\u00e2timents militaires<\/li>\n<li>&#8230;<\/li>\n<\/ul>\n<h3><strong>Caract\u00e9ristiques<\/strong><\/h3>\n<ul>\n<li>Poids: 46 KG<\/li>\n<li>Port\u00e9e:\u00a0<strong>165m\u00b2<\/strong><\/li>\n<li>Dimensions (L x H x P): 38 cm x 157 cm x 38 cm<\/li>\n<li>Convient pour un\u00a0<strong>montage sur pied<\/strong><\/li>\n<li>Inclut\u00a0<strong>2 t\u00e9l\u00e9commandes<\/strong><\/li>\n<li>Eligible pour le certificat \u00ab\u00a0We Share Clean Air\u00a0\u00bb<\/li>\n<\/ul>\n","protected":false},"excerpt":{"rendered":"<a class=\"button  button_full_width button_size_2\" href=\"\/wp-content\/uploads\/2025\/07\/Brochure-Radic8-Range-EN-LowRes.pdf\"     target=\"_blank\"    title=\"\"><span class=\"button_label\">Brochure<\/span><\/a>\n\n","protected":false},"featured_media":3236,"template":"","meta":[],"product_brand":[556],"product_cat":[610,614,612,611,590],"product_tag":[632,638,616],"class_list":{"0":"post-3652","1":"product","2":"type-product","3":"status-publish","4":"has-post-thumbnail","6":"product_brand-radic8","7":"product_cat-industrie-fr","8":"product_cat-institutions-publiques","9":"product_cat-pharmaceutique-laboratoires","10":"product_cat-prevention-des-infections","11":"product_cat-medical","12":"product_tag-air","13":"product_tag-air-pur","14":"product_tag-nettoyage-desinfection","16":"first","17":"instock","18":"shipping-taxable","19":"product-type-simple"},"_links":{"self":[{"href":"https:\/\/medtradex.com\/fr\/wp-json\/wp\/v2\/product\/3652","targetHints":{"allow":["GET"]}}],"collection":[{"href":"https:\/\/medtradex.com\/fr\/wp-json\/wp\/v2\/product"}],"about":[{"href":"https:\/\/medtradex.com\/fr\/wp-json\/wp\/v2\/types\/product"}],"wp:featuredmedia":[{"embeddable":true,"href":"https:\/\/medtradex.com\/fr\/wp-json\/wp\/v2\/media\/3236"}],"wp:attachment":[{"href":"https:\/\/medtradex.com\/fr\/wp-json\/wp\/v2\/media?parent=3652"}],"wp:term":[{"taxonomy":"product_brand","embeddable":true,"href":"https:\/\/medtradex.com\/fr\/wp-json\/wp\/v2\/product_brand?post=3652"},{"taxonomy":"product_cat","embeddable":true,"href":"https:\/\/medtradex.com\/fr\/wp-json\/wp\/v2\/product_cat?post=3652"},{"taxonomy":"product_tag","embeddable":true,"href":"https:\/\/medtradex.com\/fr\/wp-json\/wp\/v2\/product_tag?post=3652"}],"curies":[{"name":"wp","href":"https:\/\/api.w.org\/{rel}","templated":true}]}}