{"id":3629,"date":"2025-07-30T15:14:05","date_gmt":"2025-07-30T13:14:05","guid":{"rendered":"https:\/\/medtradex.com\/product\/hextio\/"},"modified":"2025-11-12T15:08:07","modified_gmt":"2025-11-12T13:08:07","slug":"hextio","status":"publish","type":"product","link":"https:\/\/medtradex.com\/fr\/produit\/hextio\/","title":{"rendered":"Hextio"},"content":{"rendered":"<h3><strong>Il y a quelque chose dans l&rsquo;air<\/strong><\/h3>\n<p><strong>Les purificateurs d&rsquo;air traditionnels<\/strong>\u00a0sont bien connus, disponibles partout et\u00a0<strong>filtrent<\/strong>\u00a0efficacement les particules de\u00a0<strong>pollen,<\/strong>\u00a0de\u00a0<strong>poussi\u00e8re<\/strong>\u00a0et de\u00a0<strong>fum\u00e9e.<\/strong>\u00a0Cette forme de purification de l&rsquo;air est une premi\u00e8re \u00e9tape importante, mais pas la\u00a0<strong>seule<\/strong>\u00a0<strong>\u00e9tape<\/strong>\u00a0vers une\u00a0<strong>meilleure qualit\u00e9<\/strong>\u00a0<strong>de l&rsquo;air int\u00e9rieur.<\/strong><\/p>\n<p>Le\u00a0<strong>concept de Radic8<\/strong>\u00a0va plus loin en mati\u00e8re de traitement de l&rsquo;air.<\/p>\n<p>La technologie du<strong>\u00a0Radic8 hextio<\/strong>\u00a0va encore\u00a0<strong>plus loin<\/strong>\u00a0et dans un deuxi\u00e8me temps,\u00a0<strong>st\u00e9rilise<\/strong>\u00a0<strong>l&rsquo;air<\/strong>\u00a0avec des\u00a0<strong>lampes UV-C<\/strong>, dispos\u00e9es dans une matrice de filtres en dioxyde de titane. Le r\u00e9sultat est\u00a0<strong>un flux d&rsquo;air am\u00e9lior\u00e9<\/strong>, dans lequel\u00a0<strong>les particules d&rsquo;air les plus petites<\/strong>\u00a0(et en outre les plus nocives) sont \u00e9galement\u00a0<strong>purifi\u00e9es.<\/strong>\u00a0Hextio\u00a0<strong>neutralise<\/strong>\u00a0les\u00a0<strong>nanoparticules<\/strong>\u00a0qui ne peuvent pas \u00eatre arr\u00eat\u00e9es par les\u00a0<strong>filtres HEPA<\/strong>\u00a0et convient parfaitement:<\/p>\n<ul>\n<li>pour pr\u00e9venir les rhumes.<\/li>\n<li>pour pr\u00e9venir la propagation de la grippe.<\/li>\n<li>pour r\u00e9duire la pr\u00e9sence de gaz toxiques tels que le NO2.<\/li>\n<\/ul>\n<h3><strong>Solution compacte pour les petits espaces<\/strong><\/h3>\n<p>Hextio est la s<strong>o<\/strong>lution la plus\u00a0<strong>efficace<\/strong>\u00a0pour la\u00a0<strong>pollution<\/strong>\u00a0de l&rsquo;air:<\/p>\n<ul>\n<li>\u00e0 la maison<\/li>\n<li>dans les chambres d&rsquo;h\u00f4tel<\/li>\n<li>dans les zones d&rsquo;attente<\/li>\n<li>dans les initiatives de garde d&rsquo;enfants<\/li>\n<li>dans les maisons de retraite et de soins<\/li>\n<li>dans les bureaux et autres environnements de travail.<\/li>\n<\/ul>\n<h3><strong>Caract\u00e9ristiques<\/strong><\/h3>\n<ul>\n<li>Poids: 1.2 KG<\/li>\n<li>Port\u00e9e: 20m\u00b2<\/li>\n<li>Dimensions (L x H x P): 12,6 cm x 33 cm x 10,6 cm<\/li>\n<li>Convient pour un\u00a0<strong>montage sur pied ou mural<\/strong><\/li>\n<li>Y compris la\u00a0<strong>fonction de d\u00e9sodorisation<\/strong><\/li>\n<li>Inclut la\u00a0<strong>t\u00e9l\u00e9commande<\/strong><\/li>\n<li>Comprend\u00a0<strong>2 filtres \u00e0 charbon de rechange<\/strong><\/li>\n<\/ul>\n","protected":false},"excerpt":{"rendered":"<a class=\"button  button_full_width button_size_2\" href=\"\/wp-content\/uploads\/2025\/07\/Radic8_Hextio-specifications.pdf\"     target=\"_blank\"    title=\"\"><span class=\"button_label\">Sp\u00e9cifications<\/span><\/a>\n\n<a class=\"button  button_full_width button_size_2\" href=\"\/wp-content\/uploads\/2025\/11\/utilisation-HEXTIO.pdf\"     target=\"_blank\"    title=\"\"><span class=\"button_label\">Manuel de l'utilisateur<\/span><\/a>\n\n","protected":false},"featured_media":3223,"template":"","meta":[],"product_brand":[556],"product_cat":[610,614,612,611,613,590],"product_tag":[632,638],"class_list":{"0":"post-3629","1":"product","2":"type-product","3":"status-publish","4":"has-post-thumbnail","6":"product_brand-radic8","7":"product_cat-industrie-fr","8":"product_cat-institutions-publiques","9":"product_cat-pharmaceutique-laboratoires","10":"product_cat-prevention-des-infections","11":"product_cat-transport-fr","12":"product_cat-medical","13":"product_tag-air","14":"product_tag-air-pur","16":"first","17":"instock","18":"shipping-taxable","19":"product-type-simple"},"_links":{"self":[{"href":"https:\/\/medtradex.com\/fr\/wp-json\/wp\/v2\/product\/3629","targetHints":{"allow":["GET"]}}],"collection":[{"href":"https:\/\/medtradex.com\/fr\/wp-json\/wp\/v2\/product"}],"about":[{"href":"https:\/\/medtradex.com\/fr\/wp-json\/wp\/v2\/types\/product"}],"wp:featuredmedia":[{"embeddable":true,"href":"https:\/\/medtradex.com\/fr\/wp-json\/wp\/v2\/media\/3223"}],"wp:attachment":[{"href":"https:\/\/medtradex.com\/fr\/wp-json\/wp\/v2\/media?parent=3629"}],"wp:term":[{"taxonomy":"product_brand","embeddable":true,"href":"https:\/\/medtradex.com\/fr\/wp-json\/wp\/v2\/product_brand?post=3629"},{"taxonomy":"product_cat","embeddable":true,"href":"https:\/\/medtradex.com\/fr\/wp-json\/wp\/v2\/product_cat?post=3629"},{"taxonomy":"product_tag","embeddable":true,"href":"https:\/\/medtradex.com\/fr\/wp-json\/wp\/v2\/product_tag?post=3629"}],"curies":[{"name":"wp","href":"https:\/\/api.w.org\/{rel}","templated":true}]}}