{"id":3628,"date":"2025-07-30T14:56:27","date_gmt":"2025-07-30T12:56:27","guid":{"rendered":"https:\/\/medtradex.com\/product\/operio-mobile\/"},"modified":"2025-11-12T14:53:28","modified_gmt":"2025-11-12T12:53:28","slug":"operio-mobile","status":"publish","type":"product","link":"https:\/\/medtradex.com\/fr\/produit\/operio-mobile\/","title":{"rendered":"Operio Mobile"},"content":{"rendered":"<h3><strong>De l&rsquo;air pur: la base de chaque vie<\/strong><\/h3>\n<p>Les <strong>infections du site op\u00e9ratoire<\/strong>\u00a0(ISO) restent un\u00a0<strong>probl\u00e8me majeur<\/strong>\u00a0dans tout types d&rsquo;interventions chirurgicales, occasionnant des\u00a0<strong>co\u00fbts tr\u00e8s \u00e9lev\u00e9s<\/strong>\u00a0et causant des\u00a0<strong>souffrances aigu\u00e9s<\/strong>\u00a0aux patients. Une\u00a0<strong>origine des ISO<\/strong>\u00a0est la\u00a0<strong>contamination a\u00e9rienne<\/strong>\u00a0par des\u00a0<strong>particules<\/strong>\u00a0de peau porteuses de bact\u00e9ries provenant des membres de l&rsquo;\u00e9quipe chirurgicale. Ces particules\u00a0<strong>s\u00e9dimentent<\/strong>\u00a0sur des\u00a0<strong>surfaces sensibles<\/strong>\u00a0en termes d&rsquo;asepsie chirurgicale (comme les instruments chirurgicaux).<\/p>\n<p>Avec le\u00a0<strong>Operio Mobile<\/strong>\u00a0de Toul Meditech, de l\u2019<strong>air ultra propre<\/strong>\u00a0est dirig\u00e9 sur les\u00a0<strong>instruments<\/strong>\u00a0et le champ chirurgical. Avec cette technologie, de\u00a0<strong>simples interventions<\/strong>\u00a0(par ex. des injections) et des\u00a0<strong>op\u00e9rations plus complexes<\/strong>\u00a0(par exemple les\u00a0<strong>cataractes<\/strong>) peuvent \u00eatre r\u00e9alis\u00e9es de mani\u00e8re aseptique.<\/p>\n<p>Les\u00a0<strong>syst\u00e8mes de plafonniers traditionnels<\/strong> standards sont affect\u00e9s dans leur utilisation par les \u00e9quipements et le personnel. Les <strong>turbulences<\/strong>\u00a0cr\u00e9\u00e9es am\u00e8nent des particules non-d\u00e9sir\u00e9es directement dans le champ critique de la zone op\u00e9ratoire.<\/p>\n<h3><strong>La barri\u00e8re st\u00e9rile unique<\/strong><\/h3>\n<p>Operio Mobile a une\u00a0<strong>barri\u00e8re st\u00e9rile unique<\/strong>\u00a0qui permet \u00e0 l\u2019unit\u00e9 d\u2019\u00eatre plac\u00e9e\u00a0<strong>pr\u00e8s de la table d\u2019op\u00e9ration<\/strong>. L\u2019unit\u00e9 fait circuler l\u2019air ambiant \u00e0 travers un\u00a0<strong>filtre HEPA<\/strong>\u00a0pour nettoyer l\u2019air des bact\u00e9ries et des particules qui emp\u00eache que des dangereuses particules portant des bact\u00e9ries ne viennent en contact de la plaie ainsi que sur les instruments pr\u00e8s de la plaie. L\u2019appareil est facile \u00e0 utiliser et \u00e0 transporter entre les salles op\u00e9ratoires et\/ou les salles de pr\u00e9parations.<\/p>\n<p><strong>Operio Mobile<\/strong>\u00a0peut \u00eatre utilis\u00e9 dans\u00a0<strong>tous les types<\/strong>\u00a0de\u00a0<strong>salles op\u00e9ratoires<\/strong>\u00a0et les salles de pr\u00e9parations chirurgicales,\u00a0<strong>ind\u00e9pendamment<\/strong>\u00a0du\u00a0<strong>syst\u00e8me de ventilation<\/strong>. Operio Mobile peut \u00e9galement \u00eatre utilis\u00e9\u00a0<strong>\u00e0 la place<\/strong>\u00a0d\u2019une\u00a0<strong>table \u00e0 instruments<\/strong>\u00a0pr\u00e8s de la plaie \u00e0 c\u00f4t\u00e9 du patient, ce qui permet de\u00a0<strong>gagner de la place<\/strong>.<\/p>\n<p>Cette version mobile de la table d\u2019instruments chirurgicaux st\u00e9riles vous permet\u00a0d\u2019ex\u00e9cuter des\u00a0<strong>interventions chirurgicales locales<\/strong>\u00a0en\u00a0<strong>absence d\u2019un bloc op\u00e9ratoire<\/strong>, plus sp\u00e9cifique\u00a0dans des espaces qui ne disposent pas d\u2019un courant d\u2019air laminaire. Cette table d\u2019instruments\u00a0<strong>r\u00e9pond<\/strong>\u00a0\u00e0 la\u00a0<strong>Classe ISO 5<\/strong>\u00a0et est extr\u00eamement utile durant des\u00a0<strong>interventions ophtalmologiques<\/strong>.<\/p>\n<h3><strong>La cha\u00eene n\u2019est apr\u00e8s tout aussi forte que son maillon le plus faible &#8230;<\/strong><\/h3>\n<p>La protection des instruments chirurgicaux est souvent n\u00e9glig\u00e9e. Tout comme ils repr\u00e9sentent la plus grande surface propice aux infections post-op\u00e9ratoires&#8230;\u00a0Prot\u00e9gez vos instruments chirurgicaux (des infections).\u00a0Mieux vaut pr\u00e9venir que gu\u00e9rir&#8230;\u00a0et cela devrait \u00eatre, ici, pris \u00e0 la lettre&#8230;<\/p>\n<p>&nbsp;<\/p>\n<div class=\"content_video iframe auto-wh\"><iframe style=\"\" class=\"scale-with-grid mcb-video\" src=\"https:\/\/www.youtube.com\/embed\/uNdtGl1hZtw?wmode=opaque&amp;rel=0&amp;enablejsapi=1\" allowfullscreen><\/iframe>\n<\/div>\n\n","protected":false},"excerpt":{"rendered":"<a class=\"button  button_full_width button_size_2\" href=\"\/wp-content\/uploads\/2025\/07\/Data-Sheet-Toul-Meditech-Operio-Mobile-EN.pdf\"     target=\"_blank\"    title=\"\"><span class=\"button_label\">Sp\u00e9cifications<\/span><\/a>\n\n","protected":false},"featured_media":3213,"template":"","meta":[],"product_brand":[559],"product_cat":[611,590],"product_tag":[638],"class_list":{"0":"post-3628","1":"product","2":"type-product","3":"status-publish","4":"has-post-thumbnail","6":"product_brand-surgicube-international","7":"product_cat-prevention-des-infections","8":"product_cat-medical","9":"product_tag-air-pur","11":"first","12":"instock","13":"shipping-taxable","14":"product-type-simple"},"_links":{"self":[{"href":"https:\/\/medtradex.com\/fr\/wp-json\/wp\/v2\/product\/3628","targetHints":{"allow":["GET"]}}],"collection":[{"href":"https:\/\/medtradex.com\/fr\/wp-json\/wp\/v2\/product"}],"about":[{"href":"https:\/\/medtradex.com\/fr\/wp-json\/wp\/v2\/types\/product"}],"wp:featuredmedia":[{"embeddable":true,"href":"https:\/\/medtradex.com\/fr\/wp-json\/wp\/v2\/media\/3213"}],"wp:attachment":[{"href":"https:\/\/medtradex.com\/fr\/wp-json\/wp\/v2\/media?parent=3628"}],"wp:term":[{"taxonomy":"product_brand","embeddable":true,"href":"https:\/\/medtradex.com\/fr\/wp-json\/wp\/v2\/product_brand?post=3628"},{"taxonomy":"product_cat","embeddable":true,"href":"https:\/\/medtradex.com\/fr\/wp-json\/wp\/v2\/product_cat?post=3628"},{"taxonomy":"product_tag","embeddable":true,"href":"https:\/\/medtradex.com\/fr\/wp-json\/wp\/v2\/product_tag?post=3628"}],"curies":[{"name":"wp","href":"https:\/\/api.w.org\/{rel}","templated":true}]}}