{"id":3627,"date":"2025-07-29T16:08:15","date_gmt":"2025-07-29T14:08:15","guid":{"rendered":"https:\/\/medtradex.com\/product\/x-node\/"},"modified":"2025-11-06T17:09:00","modified_gmt":"2025-11-06T15:09:00","slug":"x-node","status":"publish","type":"product","link":"https:\/\/medtradex.com\/fr\/produit\/x-node\/","title":{"rendered":"X-Node"},"content":{"rendered":"<p><strong>Le X-Node est un capteur de gaz sans fil et le compagnon id\u00e9al du Nocospray et du Nocomax. Le capteur Dr\u00e4ger, qui a fait ses preuves, mesure en temps r\u00e9el la concentration de peroxyde d&rsquo;hydrog\u00e8ne (H2O2). Gr\u00e2ce aux LED color\u00e9es de l&rsquo;appareil et \u00e0 l&rsquo;application mobile, vous pouvez voir imm\u00e9diatement la concentration en H2O2\u00a0 sans entrer dans la pi\u00e8ce.<\/strong><\/p>\n<p>Sur demande, le X-Node peut \u00eatre connect\u00e9 \u00e0 (votre propre) r\u00e9seau LoRa. Cela vous permet de lire les donn\u00e9es depuis n&rsquo;importe quel endroit et vous donne la possibilit\u00e9 de visualiser l&rsquo;historique sur un tableau de bord.<\/p>\n<h3><strong>Propri\u00e9t\u00e9s<\/strong><\/h3>\n<h3>MESURES<\/h3>\n<ul>\n<li>Choisissez parmi une large gamme de capteurs de gaz fiables Dr\u00e4ger (voir ci-dessous).<\/li>\n<li>Mesure de la temp\u00e9rature, de l&rsquo;humidit\u00e9 et de la pression atmosph\u00e9rique.<\/li>\n<li>LEDs de 3 couleurs (rouge, orange, vert) pour indiquer l&rsquo;\u00e9tat.<\/li>\n<li>Valeurs maximales autor\u00e9glables (sur 3 niveaux).<\/li>\n<li>Mesure en continu &#8211; aucun interrupteur marche\/arr\u00eat n&rsquo;est n\u00e9cessaire.<\/li>\n<\/ul>\n<h3>MONITORING<\/h3>\n<ul>\n<li>Application mobile (iOS et Android) incluse pour la lecture via Bluetooth.<\/li>\n<li>Compatible avec LoRa pour une surveillance \u00e0 distance au sein de votre organisation.<\/li>\n<\/ul>\n<h3>CABINET<\/h3>\n<ul>\n<li>Bo\u00eetier robuste avec protection IP65<\/li>\n<li>Convient pour \u00eatre suspendu ou pos\u00e9 sur une surface<\/li>\n<li>Autonomie de la batterie jusqu&rsquo;\u00e0 12 mois<\/li>\n<li>Rechargeable via micro-USB<\/li>\n<\/ul>\n<h3>Applications<\/h3>\n<ul>\n<li>Pour lib\u00e9rer en toute s\u00e9curit\u00e9 les pi\u00e8ces qui ont \u00e9t\u00e9 d\u00e9sinfect\u00e9es avec un n\u00e9bulisateur diffusant du H2O2, comme le\u00a0<strong>Nocospray<\/strong>\u00a0et le\u00a0<strong>Nocomax<\/strong>.<\/li>\n<li>Pour surveiller la qualit\u00e9 de l&rsquo;air dans les espaces publics tels que les bureaux et les \u00e9coles. La valeur maximale conseill\u00e9e est de 800-900 ppm de CO2 et une humidit\u00e9 comprise entre 40% et 60%.\u00a0<strong>Contactez-nous<\/strong>\u00a0pour une mesure gratuite sur votre site.<\/li>\n<li>Pour la s\u00e9curit\u00e9 dans les environnements industriels.<\/li>\n<\/ul>\n<h3>Capteurs<\/h3>\n<ul>\n<li>CO2 &#8211; dioxyde de carbone<\/li>\n<li>CI2 &#8211; chlore gazeux<\/li>\n<li>CO &#8211; Monoxyde de carbone<\/li>\n<li>H2 &#8211; Hydrog\u00e8ne gazeux<\/li>\n<li>H2O2 &#8211; peroxyde d&rsquo;hydrog\u00e8ne<\/li>\n<li>H2S &#8211; sulfure d&rsquo;hydrog\u00e8ne<\/li>\n<li>NH3 &#8211; ammoniac<\/li>\n<li>NO &#8211; monoxyde d&rsquo;azote<\/li>\n<li>NO2 &#8211; dioxyde d&rsquo;azote<\/li>\n<li>O2 &#8211; oxyg\u00e8ne gazeux<\/li>\n<li>O3 &#8211; ozone<\/li>\n<\/ul>\n<p>Si le capteur dont vous avez besoin ne figure pas dans la liste, veuillez\u00a0<strong>nous contacter<\/strong>.<\/p>\n","protected":false},"excerpt":{"rendered":"<a class=\"button  button_full_width button_size_2\" href=\"\/wp-content\/uploads\/2025\/07\/Brochure-Drager-X-node.pdf\"     target=\"_blank\"    title=\"\"><span class=\"button_label\">Brochure<\/span><\/a>\n\n","protected":false},"featured_media":3168,"template":"","meta":[],"product_brand":[567],"product_cat":[610,612,611,590],"product_tag":[632],"class_list":{"0":"post-3627","1":"product","2":"type-product","3":"status-publish","4":"has-post-thumbnail","6":"product_brand-drager","7":"product_cat-industrie-fr","8":"product_cat-pharmaceutique-laboratoires","9":"product_cat-prevention-des-infections","10":"product_cat-medical","11":"product_tag-air","13":"first","14":"instock","15":"shipping-taxable","16":"product-type-simple"},"_links":{"self":[{"href":"https:\/\/medtradex.com\/fr\/wp-json\/wp\/v2\/product\/3627","targetHints":{"allow":["GET"]}}],"collection":[{"href":"https:\/\/medtradex.com\/fr\/wp-json\/wp\/v2\/product"}],"about":[{"href":"https:\/\/medtradex.com\/fr\/wp-json\/wp\/v2\/types\/product"}],"wp:featuredmedia":[{"embeddable":true,"href":"https:\/\/medtradex.com\/fr\/wp-json\/wp\/v2\/media\/3168"}],"wp:attachment":[{"href":"https:\/\/medtradex.com\/fr\/wp-json\/wp\/v2\/media?parent=3627"}],"wp:term":[{"taxonomy":"product_brand","embeddable":true,"href":"https:\/\/medtradex.com\/fr\/wp-json\/wp\/v2\/product_brand?post=3627"},{"taxonomy":"product_cat","embeddable":true,"href":"https:\/\/medtradex.com\/fr\/wp-json\/wp\/v2\/product_cat?post=3627"},{"taxonomy":"product_tag","embeddable":true,"href":"https:\/\/medtradex.com\/fr\/wp-json\/wp\/v2\/product_tag?post=3627"}],"curies":[{"name":"wp","href":"https:\/\/api.w.org\/{rel}","templated":true}]}}