{"id":3626,"date":"2025-07-29T15:54:16","date_gmt":"2025-07-29T13:54:16","guid":{"rendered":"https:\/\/medtradex.com\/product\/bioxx1\/"},"modified":"2025-11-26T11:51:36","modified_gmt":"2025-11-26T09:51:36","slug":"bioxx1","status":"publish","type":"product","link":"https:\/\/medtradex.com\/fr\/produit\/bioxx1\/","title":{"rendered":"Bioxx1"},"content":{"rendered":"<p>Le Bioxx1 <strong>surveille<\/strong>\u00a0en continu la\u00a0<strong>concentration<\/strong>\u00a0en\u00a0<strong>peroxyde d\u2019hydrog\u00e8ne<\/strong>\u00a0dans l\u2019<strong>air<\/strong>, la\u00a0<strong>temp\u00e9rature ambiante<\/strong>, l\u2019<strong>humidit\u00e9<\/strong>\u00a0et la\u00a0<strong>dur\u00e9e<\/strong>\u00a0de\u00a0<strong>n\u00e9bulisation<\/strong>\u00a0du H<sub>2<\/sub>O<sub>2<\/sub>. Les\u00a0<strong>donn\u00e9es collect\u00e9es<\/strong>\u00a0sont\u00a0<strong>envoy\u00e9es<\/strong>\u00a0et stock\u00e9es sur une\u00a0<strong>plateforme en ligne<\/strong>. L\u2019<strong>utilisateur<\/strong>\u00a0dispose d\u2019un\u00a0<strong>acc\u00e8s<\/strong>\u00a0en\u00a0<strong>temps r\u00e9el<\/strong>\u00a0\u00e0 ces donn\u00e9es, o\u00f9 et quand il le souhaite. Des\u00a0<strong>rapports fiables<\/strong>\u00a0garantissent la\u00a0<strong>possibilit\u00e9<\/strong>\u00a0de\u00a0<strong>suivi<\/strong>\u00a0et de\u00a0<strong>contr\u00f4le<\/strong>.<\/p>\n<h3><strong>Caract\u00e9ristiques<\/strong><\/h3>\n<ul>\n<li>Monitoring \/ validation du cycle de d\u00e9contamination<\/li>\n<li>Affiche les stades du cycle de d\u00e9contamination<\/li>\n<li>Acc\u00e8s en temps r\u00e9el aux donn\u00e9es<\/li>\n<li>Donn\u00e9es disponibles en ligne 24hr sur 24 et 7 jours sur 7<\/li>\n<li>Rapports garantissant le suivi et le contr\u00f4le<\/li>\n<\/ul>\n<h3><strong>Application<\/strong><\/h3>\n<p>\u00c0 utiliser avec le\u00a0<strong>Nocospray<\/strong>.<\/p>\n<div class=\"content_video iframe auto-wh\"><iframe style=\"\" class=\"scale-with-grid mcb-video\" src=\"https:\/\/www.youtube.com\/embed\/EGc9G_53JOc?wmode=opaque&amp;rel=0&amp;enablejsapi=1\" allowfullscreen><\/iframe>\n<\/div>\n\n","protected":false},"excerpt":{"rendered":"<a class=\"button  button_full_width button_size_2\" href=\"\/wp-content\/uploads\/2025\/07\/Brochure-Microtronics-Bioxx1-EN.pdf\"     target=\"_blank\"    title=\"\"><span class=\"button_label\">Brochure<\/span><\/a>\n\n<a class=\"button  button_full_width button_size_2\" href=\"\/wp-content\/uploads\/2025\/07\/Data-Sheet-Microtronics-Bioxx1-EN.pdf\"     target=\"_blank\"    title=\"\"><span class=\"button_label\">Sp\u00e9cifications<\/span><\/a>\n\n","protected":false},"featured_media":3157,"template":"","meta":[],"product_brand":[560],"product_cat":[611,590],"product_tag":[616,635],"class_list":{"0":"post-3626","1":"product","2":"type-product","3":"status-publish","4":"has-post-thumbnail","6":"product_brand-microtronics","7":"product_cat-prevention-des-infections","8":"product_cat-medical","9":"product_tag-nettoyage-desinfection","10":"product_tag-validation","12":"first","13":"instock","14":"shipping-taxable","15":"product-type-simple"},"_links":{"self":[{"href":"https:\/\/medtradex.com\/fr\/wp-json\/wp\/v2\/product\/3626","targetHints":{"allow":["GET"]}}],"collection":[{"href":"https:\/\/medtradex.com\/fr\/wp-json\/wp\/v2\/product"}],"about":[{"href":"https:\/\/medtradex.com\/fr\/wp-json\/wp\/v2\/types\/product"}],"wp:featuredmedia":[{"embeddable":true,"href":"https:\/\/medtradex.com\/fr\/wp-json\/wp\/v2\/media\/3157"}],"wp:attachment":[{"href":"https:\/\/medtradex.com\/fr\/wp-json\/wp\/v2\/media?parent=3626"}],"wp:term":[{"taxonomy":"product_brand","embeddable":true,"href":"https:\/\/medtradex.com\/fr\/wp-json\/wp\/v2\/product_brand?post=3626"},{"taxonomy":"product_cat","embeddable":true,"href":"https:\/\/medtradex.com\/fr\/wp-json\/wp\/v2\/product_cat?post=3626"},{"taxonomy":"product_tag","embeddable":true,"href":"https:\/\/medtradex.com\/fr\/wp-json\/wp\/v2\/product_tag?post=3626"}],"curies":[{"name":"wp","href":"https:\/\/api.w.org\/{rel}","templated":true}]}}