{"id":3624,"date":"2025-07-29T15:34:39","date_gmt":"2025-07-29T13:34:39","guid":{"rendered":"https:\/\/medtradex.com\/product\/moveosiphon-st24\/"},"modified":"2025-11-06T16:32:34","modified_gmt":"2025-11-06T14:32:34","slug":"moveosiphon-st24","status":"publish","type":"product","link":"https:\/\/medtradex.com\/fr\/produit\/moveosiphon-st24\/","title":{"rendered":"MoveoSiphon ST24"},"content":{"rendered":"<h3>Le siphon classique: une source active d\u2019\u00e9mission de germes nosocomiaux<\/h3>\n<p>Les\u00a0<strong>siphons<\/strong>\u00a0install\u00e9s en-dessous des bassins dans des\u00a0<strong>h\u00f4pitaux<\/strong>\u00a0repr\u00e9sentent des\u00a0<strong>sources actives<\/strong>\u00a0d\u2019\u00e9mission de\u00a0<strong>germes nosocomiaux<\/strong>, formant de mani\u00e8re automatique des bioa\u00e9rosols infectieux. La cons\u00e9quence: l\u2019infection de patients par des germes situ\u00e9s au niveau des bassins. De\u00a0nombreux\u00a0<strong>examens cliniques<\/strong>\u00a0ont d\u00e9montr\u00e9 que les\u00a0<strong>siphons traditionnels<\/strong>\u00a0ne\u00a0<strong>r\u00e9pondent pas<\/strong>\u00a0aux\u00a0<strong>exigences hygi\u00e9niques<\/strong>\u00a0s\u2019appliquant aux traitements m\u00e9dicaux intensifs et invasifs.<\/p>\n<p><em>MoveoSiphon ST24<\/em>\u00a0est un syst\u00e8me de d\u00e9sinfection de siphons install\u00e9s au niveau des installations sanitaires dans les h\u00f4pitaux. La\u00a0<strong>d\u00e9sinfection thermique<\/strong>\u00a0permanente et enti\u00e8rement automatis\u00e9e permet d\u2019emp\u00eacher la formation de bioa\u00e9rosols infectieux et l\u2019infection de patients par des germes situ\u00e9s au niveau des bassins.<\/p>\n<p><strong>Caract\u00e9ristiques<\/strong><\/p>\n<ul>\n<li>D\u00e9sinfection thermique permanente (technologie de pasteurisation)<\/li>\n<li>Nettoyage \u00e9lectrom\u00e9canique<\/li>\n<li>R\u00e9duction de la colonisation de patients<\/li>\n<li>R\u00e9duction des infections nosocomiales<\/li>\n<li>R\u00e9duction de la consommation d\u2019antibiotiques<\/li>\n<\/ul>\n<div class=\"content_video iframe auto-wh\"><iframe style=\"\" class=\"scale-with-grid mcb-video\" src=\"https:\/\/www.youtube.com\/embed\/Ai95WH45Ft4?wmode=opaque&amp;rel=0&amp;enablejsapi=1\" allowfullscreen><\/iframe>\n<\/div>\n\n","protected":false},"excerpt":{"rendered":"<a class=\"button  button_full_width button_size_2\" href=\"\/wp-content\/uploads\/2025\/11\/Brochure-Moveomed-MoveoSiphon-ST24-FR.pdf\"     target=\"_blank\"    title=\"\"><span class=\"button_label\">Brochure<\/span><\/a>\n\n","protected":false},"featured_media":2896,"template":"","meta":[],"product_brand":[557],"product_cat":[611,590],"product_tag":[637,616],"class_list":{"0":"post-3624","1":"product","2":"type-product","3":"status-publish","4":"has-post-thumbnail","6":"product_brand-moveomed","7":"product_cat-prevention-des-infections","8":"product_cat-medical","9":"product_tag-arrivee-et-evacuation-deau","10":"product_tag-nettoyage-desinfection","12":"first","13":"instock","14":"featured","15":"shipping-taxable","16":"product-type-simple"},"_links":{"self":[{"href":"https:\/\/medtradex.com\/fr\/wp-json\/wp\/v2\/product\/3624","targetHints":{"allow":["GET"]}}],"collection":[{"href":"https:\/\/medtradex.com\/fr\/wp-json\/wp\/v2\/product"}],"about":[{"href":"https:\/\/medtradex.com\/fr\/wp-json\/wp\/v2\/types\/product"}],"wp:featuredmedia":[{"embeddable":true,"href":"https:\/\/medtradex.com\/fr\/wp-json\/wp\/v2\/media\/2896"}],"wp:attachment":[{"href":"https:\/\/medtradex.com\/fr\/wp-json\/wp\/v2\/media?parent=3624"}],"wp:term":[{"taxonomy":"product_brand","embeddable":true,"href":"https:\/\/medtradex.com\/fr\/wp-json\/wp\/v2\/product_brand?post=3624"},{"taxonomy":"product_cat","embeddable":true,"href":"https:\/\/medtradex.com\/fr\/wp-json\/wp\/v2\/product_cat?post=3624"},{"taxonomy":"product_tag","embeddable":true,"href":"https:\/\/medtradex.com\/fr\/wp-json\/wp\/v2\/product_tag?post=3624"}],"curies":[{"name":"wp","href":"https:\/\/api.w.org\/{rel}","templated":true}]}}