{"id":3623,"date":"2025-07-24T16:03:06","date_gmt":"2025-07-24T14:03:06","guid":{"rendered":"https:\/\/medtradex.com\/product\/kits-voor-incas-s-p-r-i-z\/"},"modified":"2025-11-06T16:22:49","modified_gmt":"2025-11-06T14:22:49","slug":"kits-voor-incas-s-p-r-i-z","status":"publish","type":"product","link":"https:\/\/medtradex.com\/fr\/produit\/kits-voor-incas-s-p-r-i-z\/","title":{"rendered":"Kits pour INCAS S.P.R.I.Z."},"content":{"rendered":"<p>Le fonctionnement de nos aspirateurs est garanti de mani\u00e8re simple et s\u00e9curis\u00e9e gr\u00e2ce \u00e0 un KIT sp\u00e9cial d\u2019une journ\u00e9e, certifi\u00e9 classe IIa, fabriqu\u00e9 en salle blanche (ISO 8). Gr\u00e2ce \u00e0 ce KIT, les professionnels de sant\u00e9 disposent toujours de tout ce dont ils ont besoin pour utiliser les aspirateurs au quotidien, dans un seul et m\u00eame paquet, ce qui \u00e9limine le risque d\u2019erreurs dans la gestion de l\u2019aspirateur.<\/p>\n<p>Pour garantir des performances optimales, plusieurs types de kits sont produits, chacun con\u00e7u pour des applications sp\u00e9cifiques :<\/p>\n<ul>\n<li>Kit pour les blocs op\u00e9ratoires en urologie, les soins intensifs et les services de soins.<\/li>\n<li>Kit pour les blocs op\u00e9ratoires en orthop\u00e9die.<\/li>\n<li>Kit pour la dialyse.<\/li>\n<\/ul>\n","protected":false},"excerpt":{"rendered":"<p>&nbsp;<\/p>\n<p>&nbsp;<\/p>\n","protected":false},"featured_media":3138,"template":"","meta":[],"product_brand":[568],"product_cat":[611,590],"product_tag":[628],"class_list":{"0":"post-3623","1":"product","2":"type-product","3":"status-publish","4":"has-post-thumbnail","6":"product_brand-incas","7":"product_cat-prevention-des-infections","8":"product_cat-medical","9":"product_tag-gestion-de-fluides-biologiques","11":"first","12":"instock","13":"shipping-taxable","14":"product-type-simple"},"_links":{"self":[{"href":"https:\/\/medtradex.com\/fr\/wp-json\/wp\/v2\/product\/3623","targetHints":{"allow":["GET"]}}],"collection":[{"href":"https:\/\/medtradex.com\/fr\/wp-json\/wp\/v2\/product"}],"about":[{"href":"https:\/\/medtradex.com\/fr\/wp-json\/wp\/v2\/types\/product"}],"wp:featuredmedia":[{"embeddable":true,"href":"https:\/\/medtradex.com\/fr\/wp-json\/wp\/v2\/media\/3138"}],"wp:attachment":[{"href":"https:\/\/medtradex.com\/fr\/wp-json\/wp\/v2\/media?parent=3623"}],"wp:term":[{"taxonomy":"product_brand","embeddable":true,"href":"https:\/\/medtradex.com\/fr\/wp-json\/wp\/v2\/product_brand?post=3623"},{"taxonomy":"product_cat","embeddable":true,"href":"https:\/\/medtradex.com\/fr\/wp-json\/wp\/v2\/product_cat?post=3623"},{"taxonomy":"product_tag","embeddable":true,"href":"https:\/\/medtradex.com\/fr\/wp-json\/wp\/v2\/product_tag?post=3623"}],"curies":[{"name":"wp","href":"https:\/\/api.w.org\/{rel}","templated":true}]}}