{"id":3622,"date":"2025-07-30T14:37:06","date_gmt":"2025-07-30T12:37:06","guid":{"rendered":"https:\/\/medtradex.com\/product\/steristay-instrument-table\/"},"modified":"2025-11-06T17:28:22","modified_gmt":"2025-11-06T15:28:22","slug":"steristay-instrument-table","status":"publish","type":"product","link":"https:\/\/medtradex.com\/fr\/produit\/steristay-instrument-table\/","title":{"rendered":"Steristay Instrument Table"},"content":{"rendered":"<h3><strong>De l&rsquo;air pur: la base de chaque vie<\/strong><\/h3>\n<p>Chaque personne dans un bloc op\u00e9ratoire \u00e9met <strong>entre 1.000 et 10.000 particules par minute<\/strong>.\u00a0<strong>Dix pourcents<\/strong>\u00a0de ces particules contiennent des\u00a0<strong>bact\u00e9ries<\/strong>\u00a0qui s\u00e9dimentent sur des\u00a0<strong>surfaces sensibles<\/strong>\u00a0(comme des instruments chirurgicaux).\u00a0<strong>70%<\/strong>\u00a0de tous les\u00a0<strong>infections post-op\u00e9ratoires<\/strong>\u00a0proviennent des\u00a0<strong>instruments chirurgicaux contamin\u00e9s<\/strong>.<\/p>\n<p>D\u00e9couvrez le SteriStay de Toul Meditech. En cr\u00e9ant une\u00a0<strong>zone d&rsquo;air st\u00e9rile<\/strong>, couvrant la\u00a0<strong>table d\u2019instruments chirurgicaux<\/strong>, qui est maintenue pendant toute l&rsquo;intervention chirurgicale, le patient peut \u00eatre prot\u00e9g\u00e9 contre une contamination a\u00e9rienne.\u00a0<strong>Emp\u00eachons<\/strong>\u00a0les particules porteuses de bact\u00e9ries de\u00a0<strong>descendre<\/strong>\u00a0sur les\u00a0<strong>surfaces critiques<\/strong>:<\/p>\n<ul>\n<li>Les instruments chirurgicaux;<\/li>\n<li>La blessure du patient;<\/li>\n<\/ul>\n<p><strong>Sans cette pr\u00e9vention<\/strong>, il existe toujours un\u00a0<strong>risque potentiel<\/strong>\u00a0d&rsquo;<strong>infection<\/strong>\u00a0lors de vos interventions.<\/p>\n<h3><strong>La cha\u00eene n\u2019est apr\u00e8s tout aussi forte que son maillon le plus faible &#8230;<\/strong><\/h3>\n<p>La protection des instruments chirurgicaux est souvent n\u00e9glig\u00e9e. Tout comme ils repr\u00e9sentent la plus grande surface propice aux infections post-op\u00e9ratoires&#8230;\u00a0Prot\u00e9gez vos instruments chirurgicaux (des infections).\u00a0Mieux vaut pr\u00e9venir que gu\u00e9rir&#8230;\u00a0et cela devrait \u00eatre, ici, pris \u00e0 la lettre&#8230;<\/p>\n<div class=\"content_video iframe auto-wh\"><iframe style=\"\" class=\"scale-with-grid mcb-video\" src=\"https:\/\/www.youtube.com\/embed\/HuzNPIRslMY?wmode=opaque&amp;rel=0&amp;enablejsapi=1\" allowfullscreen><\/iframe>\n<\/div>\n\n","protected":false},"excerpt":{"rendered":"<a class=\"button  button_full_width button_size_2\" href=\"\/wp-content\/uploads\/2025\/07\/Brochure-Toul-Meditech-Steristay-Surgicube-2-EN.pdf\"     target=\"_blank\"    title=\"\"><span class=\"button_label\">Brochure<\/span><\/a>\n\n<a class=\"button  button_full_width button_size_2\" href=\"\/wp-content\/uploads\/2025\/07\/Data-Sheet-Toul-Meditech-Steristay-EN.pdf\"     target=\"_blank\"    title=\"\"><span class=\"button_label\">Sp\u00e9cifications<\/span><\/a>\n\n","protected":false},"featured_media":3191,"template":"","meta":[],"product_brand":[559],"product_cat":[611,590],"product_tag":[638],"class_list":{"0":"post-3622","1":"product","2":"type-product","3":"status-publish","4":"has-post-thumbnail","6":"product_brand-surgicube-international","7":"product_cat-prevention-des-infections","8":"product_cat-medical","9":"product_tag-air-pur","11":"first","12":"instock","13":"featured","14":"shipping-taxable","15":"product-type-simple"},"_links":{"self":[{"href":"https:\/\/medtradex.com\/fr\/wp-json\/wp\/v2\/product\/3622","targetHints":{"allow":["GET"]}}],"collection":[{"href":"https:\/\/medtradex.com\/fr\/wp-json\/wp\/v2\/product"}],"about":[{"href":"https:\/\/medtradex.com\/fr\/wp-json\/wp\/v2\/types\/product"}],"wp:featuredmedia":[{"embeddable":true,"href":"https:\/\/medtradex.com\/fr\/wp-json\/wp\/v2\/media\/3191"}],"wp:attachment":[{"href":"https:\/\/medtradex.com\/fr\/wp-json\/wp\/v2\/media?parent=3622"}],"wp:term":[{"taxonomy":"product_brand","embeddable":true,"href":"https:\/\/medtradex.com\/fr\/wp-json\/wp\/v2\/product_brand?post=3622"},{"taxonomy":"product_cat","embeddable":true,"href":"https:\/\/medtradex.com\/fr\/wp-json\/wp\/v2\/product_cat?post=3622"},{"taxonomy":"product_tag","embeddable":true,"href":"https:\/\/medtradex.com\/fr\/wp-json\/wp\/v2\/product_tag?post=3622"}],"curies":[{"name":"wp","href":"https:\/\/api.w.org\/{rel}","templated":true}]}}