{"id":3621,"date":"2025-07-24T15:44:06","date_gmt":"2025-07-24T13:44:06","guid":{"rendered":"https:\/\/medtradex.com\/product\/s-p-r-i-z\/"},"modified":"2025-11-06T16:19:07","modified_gmt":"2025-11-06T14:19:07","slug":"s-p-r-i-z","status":"publish","type":"product","link":"https:\/\/medtradex.com\/fr\/produit\/s-p-r-i-z\/","title":{"rendered":"S.P.R.I.Z."},"content":{"rendered":"<p><strong>Le grand fr\u00e8re du d\u00e9j\u00e0 familier SUPER S.HO.W.\u00ae<\/strong><\/p>\n<h3>Ce qui caract\u00e9rise le S.P.R.I.Z.:<\/h3>\n<ul>\n<li>Filtre ULPA &#8211; Retient jusqu&rsquo;\u00e0 99,9995 % des contaminants (virus, bact\u00e9ries, spores).<\/li>\n<li>Clapet \u00e0 bille motoris\u00e9 : il garantit l&rsquo;\u00e9tanch\u00e9it\u00e9 de l&rsquo;unit\u00e9 et guide l&rsquo;air \u00e0 travers le filtre ULPA.<\/li>\n<li>Syst\u00e8me RFID &#8211; la capsule de d\u00e9sinfectant utilis\u00e9e pour la d\u00e9sinfection quotidienne de l&rsquo;unit\u00e9 est v\u00e9rifi\u00e9e quant \u00e0 sa date d&rsquo;expiration.<\/li>\n<li>Un syst\u00e8me brevet\u00e9 qui donne une grande pr\u00e9cision au niveau du volume du liquide aspir\u00e9.<\/li>\n<\/ul>\n<h3>Applications<\/h3>\n<p>Aspiration de liquides biologiques, m\u00eame pour les grands volumes :<\/p>\n<p>Pour les interventions en salle d\u2019op\u00e9ration<\/p>\n<ul>\n<li>En urologie : TURP, TURV, PCNL<\/li>\n<li>En orthop\u00e9die : interventions en arthroscopie (hanche, \u00e9paule, genou)<\/li>\n<li>En gyn\u00e9cologie: hyst\u00e9roscopie<\/li>\n<li>Vidange des cell savers<\/li>\n<\/ul>\n<p>Pour le lavage de la vessie en s\u00e9jour d\u2019urologie<\/p>\n<p>Dans les unit\u00e9s de soins intensifs pour la vidange :<\/p>\n<ul>\n<li>Des poches CVVH<\/li>\n<li>Des poches d\u2019urine<\/li>\n<\/ul>\n<p>Dans le service de dialyse pour l\u2019aspiration du dialysat<\/p>\n<h3>Caract\u00e9ristiques et avantages<\/h3>\n<ul>\n<li><strong>Capacit\u00e9 de stockage de\u00a065 litres\u00a0<\/strong>pour les liquides biologiques<\/li>\n<li><strong>Appareil mobile<\/strong>\u00a0: les batteries int\u00e9gr\u00e9es permettent de l\u2019utiliser ind\u00e9pendamment du r\u00e9seau \u00e9lectrique, ce qui vous permet de le placer toujours au meilleur endroit.<\/li>\n<li><strong>Technologie silencieuse<\/strong>\u00a0: la pompe d\u2019aspiration est extr\u00eamement discr\u00e8te.<\/li>\n<li><strong>Autonettoyage<\/strong>\u00a0: l\u2019appareil effectue automatiquement une d\u00e9sinfection interne chaque jour.<\/li>\n<li><strong>Kit quotidien<\/strong>\u00a0: un seul kit suffit pour travailler avec l\u2019appareil pendant une journ\u00e9e, quel que soit le nombre de patients, ce qui pr\u00e9sente des avantages \u00e9cologiques et \u00e9conomiques.<\/li>\n<li><strong>Circuit ferm\u00e9<\/strong>\u00a0: les liquides biologiques, mais aussi le sang et l\u2019urine sont aspir\u00e9s directement dans l\u2019appareil, sans aucun risque de contact direct pour les utilisateurs.<\/li>\n<li><strong>Ergonomique<\/strong>:\u00a0plus de d\u00e9placement de charges lourdes (seaux ou poches de r\u00e9colte).<\/li>\n<li><strong>\u00c9cologique<\/strong>:<strong>\u00a0<\/strong>S.P.R.I.Z. r\u00e9duit l\u2019utilisation de contenants en plastique jetables et les quantit\u00e9s de d\u00e9chets m\u00e9dicaux.<\/li>\n<\/ul>\n<h3>D\u00e9monstration<\/h3>\n<p>\u00cates-vous int\u00e9ress\u00e9(e) par une d\u00e9monstration sur site? Veuillez contacter\u00a0notre commercial dans votre r\u00e9gion<\/p>\n<div class=\"content_video iframe auto-wh\"><iframe style=\"\" class=\"scale-with-grid mcb-video\" src=\"https:\/\/www.youtube.com\/embed\/bHUZ4GtpUME?wmode=opaque&amp;rel=0&amp;enablejsapi=1\" allowfullscreen><\/iframe>\n<\/div>\n\n","protected":false},"excerpt":{"rendered":"<a class=\"button  button_full_width button_size_2\" href=\"\/wp-content\/uploads\/2025\/11\/Brochure-SPRIZ_IN.CAS_FR-2024-modifiche.pdf\"     target=\"_blank\"    title=\"\"><span class=\"button_label\">Brochure<\/span><\/a>\n\n","protected":false},"featured_media":3128,"template":"","meta":[],"product_brand":[568],"product_cat":[611,590],"product_tag":[628],"class_list":{"0":"post-3621","1":"product","2":"type-product","3":"status-publish","4":"has-post-thumbnail","6":"product_brand-incas","7":"product_cat-prevention-des-infections","8":"product_cat-medical","9":"product_tag-gestion-de-fluides-biologiques","11":"first","12":"instock","13":"featured","14":"shipping-taxable","15":"product-type-simple"},"_links":{"self":[{"href":"https:\/\/medtradex.com\/fr\/wp-json\/wp\/v2\/product\/3621","targetHints":{"allow":["GET"]}}],"collection":[{"href":"https:\/\/medtradex.com\/fr\/wp-json\/wp\/v2\/product"}],"about":[{"href":"https:\/\/medtradex.com\/fr\/wp-json\/wp\/v2\/types\/product"}],"wp:featuredmedia":[{"embeddable":true,"href":"https:\/\/medtradex.com\/fr\/wp-json\/wp\/v2\/media\/3128"}],"wp:attachment":[{"href":"https:\/\/medtradex.com\/fr\/wp-json\/wp\/v2\/media?parent=3621"}],"wp:term":[{"taxonomy":"product_brand","embeddable":true,"href":"https:\/\/medtradex.com\/fr\/wp-json\/wp\/v2\/product_brand?post=3621"},{"taxonomy":"product_cat","embeddable":true,"href":"https:\/\/medtradex.com\/fr\/wp-json\/wp\/v2\/product_cat?post=3621"},{"taxonomy":"product_tag","embeddable":true,"href":"https:\/\/medtradex.com\/fr\/wp-json\/wp\/v2\/product_tag?post=3621"}],"curies":[{"name":"wp","href":"https:\/\/api.w.org\/{rel}","templated":true}]}}