{"id":3620,"date":"2025-07-24T15:24:16","date_gmt":"2025-07-24T13:24:16","guid":{"rendered":"https:\/\/medtradex.com\/product\/flightcase-voor-nocospray\/"},"modified":"2025-11-06T16:06:30","modified_gmt":"2025-11-06T14:06:30","slug":"flightcase-voor-nocospray","status":"publish","type":"product","link":"https:\/\/medtradex.com\/fr\/produit\/flightcase-voor-nocospray\/","title":{"rendered":"Flightcase pour Nocospray"},"content":{"rendered":"<p>Rangez le <strong>Nocospray<\/strong> et ses accessoires en toute s\u00e9curit\u00e9 dans cette flightcase robuste. La flightcase est \u00e9quip\u00e9e de deux roues solides et d\u2019une poign\u00e9e. L\u2019int\u00e9rieur offre suffisamment d\u2019espace pour au moins un Nocospray et trois bouteilles de liquide de 1 litre (Nocolyse)<\/p>\n","protected":false},"excerpt":{"rendered":"<p>&nbsp;<\/p>\n<p>&nbsp;<\/p>\n","protected":false},"featured_media":3124,"template":"","meta":[],"product_brand":[597],"product_cat":[590],"product_tag":[],"class_list":{"0":"post-3620","1":"product","2":"type-product","3":"status-publish","4":"has-post-thumbnail","6":"product_brand-mercura","7":"product_cat-medical","9":"first","10":"instock","11":"shipping-taxable","12":"product-type-simple"},"_links":{"self":[{"href":"https:\/\/medtradex.com\/fr\/wp-json\/wp\/v2\/product\/3620","targetHints":{"allow":["GET"]}}],"collection":[{"href":"https:\/\/medtradex.com\/fr\/wp-json\/wp\/v2\/product"}],"about":[{"href":"https:\/\/medtradex.com\/fr\/wp-json\/wp\/v2\/types\/product"}],"wp:featuredmedia":[{"embeddable":true,"href":"https:\/\/medtradex.com\/fr\/wp-json\/wp\/v2\/media\/3124"}],"wp:attachment":[{"href":"https:\/\/medtradex.com\/fr\/wp-json\/wp\/v2\/media?parent=3620"}],"wp:term":[{"taxonomy":"product_brand","embeddable":true,"href":"https:\/\/medtradex.com\/fr\/wp-json\/wp\/v2\/product_brand?post=3620"},{"taxonomy":"product_cat","embeddable":true,"href":"https:\/\/medtradex.com\/fr\/wp-json\/wp\/v2\/product_cat?post=3620"},{"taxonomy":"product_tag","embeddable":true,"href":"https:\/\/medtradex.com\/fr\/wp-json\/wp\/v2\/product_tag?post=3620"}],"curies":[{"name":"wp","href":"https:\/\/api.w.org\/{rel}","templated":true}]}}