{"id":3619,"date":"2025-07-24T15:20:00","date_gmt":"2025-07-24T13:20:00","guid":{"rendered":"https:\/\/medtradex.com\/product\/trolley-voor-nocospray\/"},"modified":"2025-11-06T16:03:17","modified_gmt":"2025-11-06T14:03:17","slug":"trolley-voor-nocospray","status":"publish","type":"product","link":"https:\/\/medtradex.com\/fr\/produit\/trolley-voor-nocospray\/","title":{"rendered":"Trolley pour Nocospray"},"content":{"rendered":"<p>Bien que le <strong>Nocospray<\/strong> soit extr\u00eamement compact et mobile, il est n\u00e9anmoins pratique d\u2019am\u00e9nager un emplacement fixe incluant \u00e9galement les accessoires et les liquides. Ce chariot mobile pratique r\u00e9pond \u00e0 ce besoin.<\/p>\n<p>Le chariot est \u00e9quip\u00e9 de roues \u00e0 roulement fluide et est disponible avec ou sans tiroir. Le tiroir offre suffisamment d\u2019espace pour, entre autres :<\/p>\n<ul>\n<li>Kit Bioxx<\/li>\n<li>Nocolyse<\/li>\n<li>T\u00e9l\u00e9commande<\/li>\n<li>Gants<\/li>\n<\/ul>\n<p>Pour une s\u00e9curit\u00e9 accrue, le Nocospray peut \u00eatre fix\u00e9 au chariot, et le tiroir peut \u00eatre \u00e9quip\u00e9 d\u2019une serrure \u00e9lectronique SAFE-O-MATIC. Cette serrure peut \u00eatre ouverte \u00e0 l\u2019aide d\u2019un badge ou d\u2019un code num\u00e9rique.<\/p>\n<p><strong>Dimensions<\/strong><br \/>\nHauteur : 59 cm (89 cm avec la barre)<br \/>\nLargeur : 62 cm<br \/>\nProfondeur : 47 cm<\/p>\n","protected":false},"excerpt":{"rendered":"<p>&nbsp;<\/p>\n<p>&nbsp;<\/p>\n","protected":false},"featured_media":3114,"template":"","meta":[],"product_brand":[566],"product_cat":[590],"product_tag":[],"class_list":{"0":"post-3619","1":"product","2":"type-product","3":"status-publish","4":"has-post-thumbnail","6":"product_brand-medtradex","7":"product_cat-medical","9":"first","10":"instock","11":"shipping-taxable","12":"product-type-simple"},"_links":{"self":[{"href":"https:\/\/medtradex.com\/fr\/wp-json\/wp\/v2\/product\/3619","targetHints":{"allow":["GET"]}}],"collection":[{"href":"https:\/\/medtradex.com\/fr\/wp-json\/wp\/v2\/product"}],"about":[{"href":"https:\/\/medtradex.com\/fr\/wp-json\/wp\/v2\/types\/product"}],"wp:featuredmedia":[{"embeddable":true,"href":"https:\/\/medtradex.com\/fr\/wp-json\/wp\/v2\/media\/3114"}],"wp:attachment":[{"href":"https:\/\/medtradex.com\/fr\/wp-json\/wp\/v2\/media?parent=3619"}],"wp:term":[{"taxonomy":"product_brand","embeddable":true,"href":"https:\/\/medtradex.com\/fr\/wp-json\/wp\/v2\/product_brand?post=3619"},{"taxonomy":"product_cat","embeddable":true,"href":"https:\/\/medtradex.com\/fr\/wp-json\/wp\/v2\/product_cat?post=3619"},{"taxonomy":"product_tag","embeddable":true,"href":"https:\/\/medtradex.com\/fr\/wp-json\/wp\/v2\/product_tag?post=3619"}],"curies":[{"name":"wp","href":"https:\/\/api.w.org\/{rel}","templated":true}]}}