{"id":3618,"date":"2025-07-24T14:53:16","date_gmt":"2025-07-24T12:53:16","guid":{"rendered":"https:\/\/medtradex.com\/product\/sanivap\/"},"modified":"2025-11-26T11:50:45","modified_gmt":"2025-11-26T09:50:45","slug":"sanivap","status":"publish","type":"product","link":"https:\/\/medtradex.com\/fr\/produit\/sanivap\/","title":{"rendered":"Sanivap"},"content":{"rendered":"<p>Le Sanivap est un syst\u00e8me de <strong>bionettoyage<\/strong>\u00a0et de\u00a0<strong>bio-d\u00e9sinfection<\/strong>\u00a02-en-1 pour les surfaces et les dispositifs m\u00e9dicaux. Son efficacit\u00e9 repose sur la vapeur tr\u00e8s chaude, qui dissout facilement la salet\u00e9, le biofilm, les graisses et les prot\u00e9ines. Ainsi, en une seule op\u00e9ration, il \u00e9limine \u00e0 la fois les contaminants et les agents pathog\u00e8nes.<\/p>\n<h3><strong>Efficacit\u00e9<\/strong><\/h3>\n<ul>\n<li>Contre les virus : norovirus, ad\u00e9novirus, COVID-19<\/li>\n<li>Contre les BMR (bact\u00e9ries multir\u00e9sistantes) : MRSA, A. baumanii, K. pneumoniae<\/li>\n<li>Contre les (myco)bact\u00e9ries : E. coli, P. aeruginosa<\/li>\n<li>Contre les spores : C. difficile, B. cereus, B. subtilis<\/li>\n<li>Contre les champignons et levures : C. albicans<\/li>\n<li>Contre les salissures tenaces<\/li>\n<li>Le Sanivap est \u00e9galement disponible avec une injection de peroxyde d\u2019hydrog\u00e8ne pour une efficacit\u00e9 accrue contre les spores.<\/li>\n<\/ul>\n<h3><strong>Caract\u00e9ristiques<\/strong><\/h3>\n<ul>\n<li>Une solution simple pour toutes les surfaces et \u00e9quipements.<\/li>\n<li>Diff\u00e9rents accessoires, entre autres, associ\u00e9s \u00e0 des supports en microfibre offrent un syst\u00e8me ergonomique aux applications vari\u00e9es.<\/li>\n<li>Fonctionne avec de l\u2019eau du robinet.<\/li>\n<li>Aucun produit chimique ni biocide. Le Sanivap est donc 100% \u00e9co-responsable.<\/li>\n<li>Aucun r\u00e9sidu.<\/li>\n<li>N\u2019endommage pas les surfaces.<\/li>\n<\/ul>\n<h3><strong>Homologations<\/strong><\/h3>\n<ul>\n<li>ISO 13485<\/li>\n<li>Marquage CE (dispositif m\u00e9dical de classe IIa)<\/li>\n<li>Conforme \u00e0 le norme AFNOR NF T72-110.<\/li>\n<\/ul>\n<div class=\"content_video iframe auto-wh\"><iframe style=\"\" class=\"scale-with-grid mcb-video\" src=\"https:\/\/www.youtube.com\/embed\/pkQQ955Avnk?wmode=opaque&amp;rel=0&amp;enablejsapi=1\" allowfullscreen><\/iframe>\n<\/div>\n\n","protected":false},"excerpt":{"rendered":"<a class=\"button  button_full_width button_size_2\" href=\"\/wp-content\/uploads\/2025\/11\/brochure_sante_web.pdf\"     target=\"_blank\"    title=\"\"><span class=\"button_label\">Brochure<\/span><\/a>\n\n","protected":false},"featured_media":3104,"template":"","meta":[],"product_brand":[564],"product_cat":[611,590],"product_tag":[616,615],"class_list":{"0":"post-3618","1":"product","2":"type-product","3":"status-publish","4":"has-post-thumbnail","6":"product_brand-sanivap","7":"product_cat-prevention-des-infections","8":"product_cat-medical","9":"product_tag-nettoyage-desinfection","10":"product_tag-surfaces","12":"first","13":"instock","14":"featured","15":"shipping-taxable","16":"product-type-simple"},"_links":{"self":[{"href":"https:\/\/medtradex.com\/fr\/wp-json\/wp\/v2\/product\/3618","targetHints":{"allow":["GET"]}}],"collection":[{"href":"https:\/\/medtradex.com\/fr\/wp-json\/wp\/v2\/product"}],"about":[{"href":"https:\/\/medtradex.com\/fr\/wp-json\/wp\/v2\/types\/product"}],"wp:featuredmedia":[{"embeddable":true,"href":"https:\/\/medtradex.com\/fr\/wp-json\/wp\/v2\/media\/3104"}],"wp:attachment":[{"href":"https:\/\/medtradex.com\/fr\/wp-json\/wp\/v2\/media?parent=3618"}],"wp:term":[{"taxonomy":"product_brand","embeddable":true,"href":"https:\/\/medtradex.com\/fr\/wp-json\/wp\/v2\/product_brand?post=3618"},{"taxonomy":"product_cat","embeddable":true,"href":"https:\/\/medtradex.com\/fr\/wp-json\/wp\/v2\/product_cat?post=3618"},{"taxonomy":"product_tag","embeddable":true,"href":"https:\/\/medtradex.com\/fr\/wp-json\/wp\/v2\/product_tag?post=3618"}],"curies":[{"name":"wp","href":"https:\/\/api.w.org\/{rel}","templated":true}]}}