{"id":3617,"date":"2025-07-24T14:31:13","date_gmt":"2025-07-24T12:31:13","guid":{"rendered":"https:\/\/medtradex.com\/product\/kingspan-cleansafe\/"},"modified":"2025-11-06T15:29:05","modified_gmt":"2025-11-06T13:29:05","slug":"kingspan-cleansafe","status":"publish","type":"product","link":"https:\/\/medtradex.com\/fr\/produit\/kingspan-cleansafe\/","title":{"rendered":"Kingspan CLEANsafe"},"content":{"rendered":"<h3><strong>Espace de d\u00e9contamination polyvalent et de haute qualit\u00e9<\/strong><\/h3>\n<p>La ma\u00eetrise des risques de contamination, le nettoyage efficace et la d\u00e9contamination sont des concepts bien connus dans le secteur de la transformation alimentaire et du commerce de d\u00e9tail. Mais ils sont d\u00e9sormais aussi des enjeux soci\u00e9taux largement reconnus et partag\u00e9s. Dans un contexte en constante \u00e9volution comme celui de l\u2019industrie alimentaire ou du retail, il est plus que jamais crucial de r\u00e9duire les risques de contamination, de prot\u00e9ger vos employ\u00e9s et votre r\u00f4le dans la cha\u00eene.<\/p>\n<p><strong>Cr\u00e9er un environnement optimal<\/strong><\/p>\n<p>La s\u00e9curit\u00e9 de ce qui entre dans votre b\u00e2timent \u2014 personnes ou objets \u2014 est aujourd\u2019hui une priorit\u00e9 absolue. C\u2019est pourquoi, en collaboration avec Oxy\u2019Pharm, une unit\u00e9 de d\u00e9contamination a \u00e9t\u00e9 d\u00e9velopp\u00e9e. Cette unit\u00e9 permet de d\u00e9sinfecter rapidement et en toute s\u00e9curit\u00e9 une grande vari\u00e9t\u00e9 de mat\u00e9riaux (palettes, bo\u00eetes, chariots, bacs, etc.) en vrac. Ainsi, les objets manipul\u00e9s par de nombreuses mains redeviennent parfaitement s\u00fbrs pour chaque collaborateur, fournisseur ou client.<\/p>\n<p><strong>L\u2019unit\u00e9 de d\u00e9contamination met l\u2019accent sur la s\u00e9curit\u00e9, l\u2019efficacit\u00e9 et la facilit\u00e9 d\u2019utilisation :<\/strong><\/p>\n<ul>\n<li><strong>S\u00e9curit\u00e9<\/strong> : un espace ferm\u00e9 et herm\u00e9tique, contr\u00f4lable de l\u2019ext\u00e9rieur. Il peut \u00eatre plac\u00e9 \u00e0 c\u00f4t\u00e9 des marchandises entrantes et \u00e0 distance des employ\u00e9s, r\u00e9duisant ainsi le risque de contamination \u00e0 un minimum absolu. La solution de nettoyage Nocolyse est biod\u00e9gradable et non toxique.<\/li>\n<li><strong>Efficacit\u00e9<\/strong> : la solution Nocolyse (\u00e0 base de peroxyde d\u2019hydrog\u00e8ne) est mortelle pour les virus, bact\u00e9ries, champignons, spores et levures. Gr\u00e2ce \u00e0 la n\u00e9bulisation, une d\u00e9contamination optimale est assur\u00e9e \u00e0 l\u2019int\u00e9rieur de l\u2019unit\u00e9. L\u2019\u00e9tanch\u00e9it\u00e9 garantit une infiltration d\u2019air ext\u00e9rieure minimale.<\/li>\n<li><strong>Facilit\u00e9<\/strong> : un d\u00e9lai de livraison rapide et une installation tout aussi rapide permettent une mise en service en un rien de temps. Le pack complet (panneaux muraux, porte de salle blanche de haute qualit\u00e9 et \u00e9quipement de nettoyage) peut \u00eatre facilement compl\u00e9t\u00e9 par une gamme d\u2019accessoires (\u00e9tag\u00e8res, \u00e9clairage, rampes, etc.).<\/li>\n<\/ul>\n<p>L\u2019unit\u00e9 est disponible en trois tailles standards (Small, Medium &amp; Large \u2014 respectivement 13,83, 36,5 et 73 m\u00b3). Des solutions sur mesure sont \u00e9galement possibles si n\u00e9cessaire.<\/p>\n<p><strong>Oxy\u2019Pharm<\/strong>, l\u2019entreprise derri\u00e8re cette technologie, poss\u00e8de plus de 15 ans d\u2019exp\u00e9rience dans la production et la distribution de solutions \u00e9cologiques pour lutter contre les virus et d\u00e9sinfecter automatiquement les surfaces dans de nombreux secteurs (transport, soins de sant\u00e9, espaces publics). Le r\u00e9sultat ? Une solide r\u00e9putation (reconnue par des experts et des \u00e9tudes) qui peut sans aucun doute rendre votre activit\u00e9 plus s\u00fbre et plus efficace.<\/p>\n<p>&nbsp;<\/p>\n<div class=\"content_video iframe auto-wh\"><iframe style=\"\" class=\"scale-with-grid mcb-video\" src=\"https:\/\/www.youtube.com\/embed\/d8kZAf94iAM?wmode=opaque&amp;rel=0&amp;enablejsapi=1\" allowfullscreen><\/iframe>\n<\/div>\n\n","protected":false},"excerpt":{"rendered":"<p>&nbsp;<\/p>\n<p>&nbsp;<\/p>\n","protected":false},"featured_media":3096,"template":"","meta":[],"product_brand":[554],"product_cat":[610,611,622,590],"product_tag":[616],"class_list":{"0":"post-3617","1":"product","2":"type-product","3":"status-publish","4":"has-post-thumbnail","6":"product_brand-oxypharm","7":"product_cat-industrie-fr","8":"product_cat-prevention-des-infections","9":"product_cat-food-fr","10":"product_cat-medical","11":"product_tag-nettoyage-desinfection","13":"first","14":"instock","15":"shipping-taxable","16":"product-type-simple"},"_links":{"self":[{"href":"https:\/\/medtradex.com\/fr\/wp-json\/wp\/v2\/product\/3617","targetHints":{"allow":["GET"]}}],"collection":[{"href":"https:\/\/medtradex.com\/fr\/wp-json\/wp\/v2\/product"}],"about":[{"href":"https:\/\/medtradex.com\/fr\/wp-json\/wp\/v2\/types\/product"}],"wp:featuredmedia":[{"embeddable":true,"href":"https:\/\/medtradex.com\/fr\/wp-json\/wp\/v2\/media\/3096"}],"wp:attachment":[{"href":"https:\/\/medtradex.com\/fr\/wp-json\/wp\/v2\/media?parent=3617"}],"wp:term":[{"taxonomy":"product_brand","embeddable":true,"href":"https:\/\/medtradex.com\/fr\/wp-json\/wp\/v2\/product_brand?post=3617"},{"taxonomy":"product_cat","embeddable":true,"href":"https:\/\/medtradex.com\/fr\/wp-json\/wp\/v2\/product_cat?post=3617"},{"taxonomy":"product_tag","embeddable":true,"href":"https:\/\/medtradex.com\/fr\/wp-json\/wp\/v2\/product_tag?post=3617"}],"curies":[{"name":"wp","href":"https:\/\/api.w.org\/{rel}","templated":true}]}}