{"id":3615,"date":"2025-07-24T14:17:20","date_gmt":"2025-07-24T12:17:20","guid":{"rendered":"https:\/\/medtradex.com\/product\/nocomax-mural\/"},"modified":"2025-11-05T15:52:26","modified_gmt":"2025-11-05T13:52:26","slug":"nocomax-mural","status":"publish","type":"product","link":"https:\/\/medtradex.com\/fr\/produit\/nocomax-mural\/","title":{"rendered":"Nocomax Mural"},"content":{"rendered":"<h3><strong>Efficacit\u00e9 sur mesure de votre production<\/strong><\/h3>\n<p>Le\u00a0<strong>Concept Nocotech<sup>\u00ae<\/sup><\/strong>\u00a0se base sur la\u00a0<strong>pulv\u00e9risation<\/strong>\u00a0-par l&rsquo;<strong>appareil<\/strong>\u00a0de\u00a0<b>n\u00e9bulisation Nocomax (Easy<\/b><sup><b>\u00ae<\/b><\/sup><strong> &#8211; Inox &#8211; Mural) <\/strong>d\u2019un\u00a0<strong>d\u00e9sinfectant bio-d\u00e9gradable<\/strong>\u00a0\u00e0 base de\u00a0<strong>H<sub>2<\/sub>O<sub>2<\/sub><\/strong>\u00a0(<strong>peroxyde d&rsquo;hydrog\u00e8ne<\/strong>). Durant cette pulv\u00e9risation,\u00a0les\u00a0<strong>particules<\/strong>\u00a0sont\u00a0<strong>charg\u00e9es positivement<\/strong>\u00a0gr\u00e2ce \u00e0 l\u2019<strong>ionisation<\/strong>\u00a0du\u00a0<strong>d\u00e9sinfectant<\/strong>.\u00a0Un\u00a0<strong>gaz sec<\/strong>\u00a0est cr\u00e9\u00e9 dont ces\u00a0<strong>particules positives<\/strong>\u00a0seront\u00a0<strong>attir\u00e9es<\/strong>\u00a0par les\u00a0<strong>surfaces<\/strong>\u00a0charg\u00e9es\u00a0<strong>n\u00e9gativement<\/strong>. Ce concept permet alors de\u00a0<strong>d\u00e9sinfecter automatiquement\u00a0toutes les surfaces<\/strong>\u00a0d\u2019une pi\u00e8ce.<\/p>\n<p>Le concept est efficace contre les:<\/p>\n<ul>\n<li><strong>Bact\u00e9ries<\/strong>: Listeria, Salmonelle, E. coli<\/li>\n<li><strong>Virus<\/strong>:\u00a0<em>Norovirus<\/em>, Rotavirus<\/li>\n<li><strong>Moisissures<\/strong><\/li>\n<li><strong>Spores<\/strong><\/li>\n<\/ul>\n<p>Ceci est \u00e9galement fait d\u2019une mani\u00e8re\u00a0<strong>respectueuse<\/strong>\u00a0de l\u2019<strong>environnement<\/strong>: le produit\u00a0est d\u00e9compos\u00e9 en eau et oxyg\u00e8ne (<strong>100% biod\u00e9gradable<\/strong>) et ne contient pas\u00a0d\u2019allerg\u00e8nes ou d\u2019autres dangers pour les humains.\u00a0De plus, ce concept porte le\u00a0<strong>num\u00e9ro d\u2019admission belge<\/strong>\u00a0(<strong>9017B<\/strong>).<\/p>\n<p>Il existe trois appareils diff\u00e9rents dans la gamme <strong>Nocomax<\/strong>. D\u00e9couvrez \u00e9galement les deux autres mod\u00e8les ci-dessous. Vous souhaitez savoir quel appareil convient le mieux \u00e0 votre situation ? <strong>N&rsquo;h\u00e9sitez pas \u00e0 nous contacter.<\/strong><\/p>\n<h3><strong>Nocomax Mural<\/strong><\/h3>\n<ul>\n<li>volumes de\u00a0\u00a010 m\u00b3 \u00e0 20 000 m\u00b3<\/li>\n<li>1 ml = 1 m\u00b3 de d\u00e9sinfection<\/li>\n<li>Mesurable et validable<\/li>\n<li>Con\u00e7u pour une fixation murale<\/li>\n<li>R\u00e9sistant \u00e0 l\u2019eau (peut \u00eatre suspendu dans la pi\u00e8ce)<\/li>\n<li>Arr\u00eat automatique, d\u00e9marrage diff\u00e9r\u00e9<\/li>\n<li>Programme hebdomadaire r\u00e9glable (16 cr\u00e9neaux)<\/li>\n<li>2 t\u00eates de n\u00e9bulisation rotatives<\/li>\n<li>LED indiquant le seuil de 5L<\/li>\n<li>Signal sonore 5 min avant la d\u00e9sinfection<\/li>\n<li>Garantie de 2 ans<\/li>\n<\/ul>\n<div class=\"content_video iframe auto-wh\"><iframe style=\"\" class=\"scale-with-grid mcb-video\" src=\"https:\/\/www.youtube.com\/embed\/vYZ2VJnRM2s?wmode=opaque&amp;rel=0&amp;enablejsapi=1\" allowfullscreen><\/iframe>\n<\/div>\n\n<p>&nbsp;<\/p>\n","protected":false},"excerpt":{"rendered":"<a class=\"button  button_full_width button_size_2\" href=\"\/wp-content\/uploads\/2025\/11\/Nocotech_brochure_A4_16p_V4.pdf\"     target=\"_blank\"    title=\"\"><span class=\"button_label\">Brochure<\/span><\/a>\n\n","protected":false},"featured_media":3091,"template":"","meta":[],"product_brand":[554],"product_cat":[610,612,622],"product_tag":[616,615],"class_list":{"0":"post-3615","1":"product","2":"type-product","3":"status-publish","4":"has-post-thumbnail","6":"product_brand-oxypharm","7":"product_cat-industrie-fr","8":"product_cat-pharmaceutique-laboratoires","9":"product_cat-food-fr","10":"product_tag-nettoyage-desinfection","11":"product_tag-surfaces","13":"first","14":"instock","15":"shipping-taxable","16":"product-type-simple"},"_links":{"self":[{"href":"https:\/\/medtradex.com\/fr\/wp-json\/wp\/v2\/product\/3615","targetHints":{"allow":["GET"]}}],"collection":[{"href":"https:\/\/medtradex.com\/fr\/wp-json\/wp\/v2\/product"}],"about":[{"href":"https:\/\/medtradex.com\/fr\/wp-json\/wp\/v2\/types\/product"}],"wp:featuredmedia":[{"embeddable":true,"href":"https:\/\/medtradex.com\/fr\/wp-json\/wp\/v2\/media\/3091"}],"wp:attachment":[{"href":"https:\/\/medtradex.com\/fr\/wp-json\/wp\/v2\/media?parent=3615"}],"wp:term":[{"taxonomy":"product_brand","embeddable":true,"href":"https:\/\/medtradex.com\/fr\/wp-json\/wp\/v2\/product_brand?post=3615"},{"taxonomy":"product_cat","embeddable":true,"href":"https:\/\/medtradex.com\/fr\/wp-json\/wp\/v2\/product_cat?post=3615"},{"taxonomy":"product_tag","embeddable":true,"href":"https:\/\/medtradex.com\/fr\/wp-json\/wp\/v2\/product_tag?post=3615"}],"curies":[{"name":"wp","href":"https:\/\/api.w.org\/{rel}","templated":true}]}}