{"id":3586,"date":"2025-07-24T12:37:29","date_gmt":"2025-07-24T10:37:29","guid":{"rendered":"https:\/\/medtradex.com\/product\/nocolyse-food\/"},"modified":"2025-11-04T17:34:07","modified_gmt":"2025-11-04T15:34:07","slug":"nocolyse-food","status":"publish","type":"product","link":"https:\/\/medtradex.com\/fr\/produit\/nocolyse-food\/","title":{"rendered":"Nocolyse Food"},"content":{"rendered":"<h2><strong>Deuxi\u00e8me partie\u00a0cruciale du Concept Nocotech<sup>\u00ae<\/sup><\/strong><\/h2>\n<p>Nocolyse Food est un\u00a0<strong>bio-d\u00e9sinfectant<\/strong>\u00a0liquide contenant\u00a0<strong>7,9%<\/strong>\u00a0de\u00a0<strong>peroxyde\u00a0d\u2019hydrog\u00e8ne<\/strong>\u00a0et a \u00e9t\u00e9 d\u00e9velopp\u00e9 pour\u00a0l\u2019<strong>industrie alimentaire<\/strong>.\u00a0Le Nocolyse est\u00a0<strong>efficace contre<\/strong>:<\/p>\n<ul>\n<li>les spores<\/li>\n<li>les bact\u00e9ries<\/li>\n<li>les virus<\/li>\n<li>les champignons<\/li>\n<\/ul>\n<p>Exemples: Listeria, Salmonelle, E. coli, &#8230;<br \/>\nNocolyse Food porte le\u00a0<strong>num\u00e9ro d\u2019admission belge<\/strong>\u00a0(<strong>9017B<\/strong>).<\/p>\n<h3><strong>Vos atouts en un coup d\u2019oeil<\/strong><\/h3>\n<ul>\n<li><strong>Ecologique<\/strong><\/li>\n<li>Pas d\u2019<strong>effet allerg\u00e9nique<\/strong><\/li>\n<li>Pas de\u00a0<strong>corrosion<\/strong>\u00a0ou d\u2019<strong>oxydation<\/strong><\/li>\n<li>La Nocolyse est\u00a0<strong>100% bio-d\u00e9gradable<\/strong><\/li>\n<li>Ne laisse\u00a0<strong>pas de r\u00e9sidu<\/strong>\u00a0&#8211;\u00a0<strong>rin\u00e7age inutile<\/strong><\/li>\n<\/ul>\n<div class=\"content_video iframe auto-wh\"><iframe style=\"\" class=\"scale-with-grid mcb-video\" src=\"https:\/\/www.youtube.com\/embed\/vYZ2VJnRM2s?wmode=opaque&amp;rel=0&amp;enablejsapi=1\" allowfullscreen><\/iframe>\n<\/div>\n\n","protected":false},"excerpt":{"rendered":"<a class=\"button  button_full_width button_size_2\" href=\"\/wp-content\/uploads\/2025\/11\/FDS-NOCOLYSE-FOOD-FRv5.pdf\"     target=\"_blank\"    title=\"\"><span class=\"button_label\">Fiche de donn\u00e9es de s\u00e9curit\u00e9<\/span><\/a>\n\n<a class=\"button  button_full_width button_size_2\" href=\"\/wp-content\/uploads\/2025\/11\/FLY_fiche_technique_nocotech_fr_nocolyse_food.pdf\"     target=\"_blank\"    title=\"\"><span class=\"button_label\">Sp\u00e9cifications<\/span><\/a>\n\n","protected":false},"featured_media":3047,"template":"","meta":[],"product_brand":[554],"product_cat":[610,622],"product_tag":[616,615],"class_list":{"0":"post-3586","1":"product","2":"type-product","3":"status-publish","4":"has-post-thumbnail","6":"product_brand-oxypharm","7":"product_cat-industrie-fr","8":"product_cat-food-fr","9":"product_tag-nettoyage-desinfection","10":"product_tag-surfaces","12":"first","13":"instock","14":"shipping-taxable","15":"product-type-simple"},"_links":{"self":[{"href":"https:\/\/medtradex.com\/fr\/wp-json\/wp\/v2\/product\/3586","targetHints":{"allow":["GET"]}}],"collection":[{"href":"https:\/\/medtradex.com\/fr\/wp-json\/wp\/v2\/product"}],"about":[{"href":"https:\/\/medtradex.com\/fr\/wp-json\/wp\/v2\/types\/product"}],"wp:featuredmedia":[{"embeddable":true,"href":"https:\/\/medtradex.com\/fr\/wp-json\/wp\/v2\/media\/3047"}],"wp:attachment":[{"href":"https:\/\/medtradex.com\/fr\/wp-json\/wp\/v2\/media?parent=3586"}],"wp:term":[{"taxonomy":"product_brand","embeddable":true,"href":"https:\/\/medtradex.com\/fr\/wp-json\/wp\/v2\/product_brand?post=3586"},{"taxonomy":"product_cat","embeddable":true,"href":"https:\/\/medtradex.com\/fr\/wp-json\/wp\/v2\/product_cat?post=3586"},{"taxonomy":"product_tag","embeddable":true,"href":"https:\/\/medtradex.com\/fr\/wp-json\/wp\/v2\/product_tag?post=3586"}],"curies":[{"name":"wp","href":"https:\/\/api.w.org\/{rel}","templated":true}]}}