{"id":3585,"date":"2025-07-24T12:23:29","date_gmt":"2025-07-24T10:23:29","guid":{"rendered":"https:\/\/medtradex.com\/product\/afstandsbediening-nocospray\/"},"modified":"2025-11-05T15:25:01","modified_gmt":"2025-11-05T13:25:01","slug":"afstandsbediening-nocospray","status":"publish","type":"product","link":"https:\/\/medtradex.com\/fr\/produit\/afstandsbediening-nocospray\/","title":{"rendered":"T\u00e9l\u00e9commande Nocospray"},"content":{"rendered":"<p>Commandez le <strong>Nocospray<\/strong> \u00e0 distance gr\u00e2ce \u00e0 la t\u00e9l\u00e9commande. Gr\u00e2ce \u00e0 celle-ci, vous pouvez quitter la pi\u00e8ce en toute tranquillit\u00e9 et la fermer avant de lancer le processus de d\u00e9sinfection.<\/p>\n","protected":false},"excerpt":{"rendered":"<p>&nbsp;<\/p>\n<p>&nbsp;<\/p>\n","protected":false},"featured_media":3040,"template":"","meta":[],"product_brand":[554],"product_cat":[610,614,612,611,613,622,590],"product_tag":[],"class_list":{"0":"post-3585","1":"product","2":"type-product","3":"status-publish","4":"has-post-thumbnail","6":"product_brand-oxypharm","7":"product_cat-industrie-fr","8":"product_cat-institutions-publiques","9":"product_cat-pharmaceutique-laboratoires","10":"product_cat-prevention-des-infections","11":"product_cat-transport-fr","12":"product_cat-food-fr","13":"product_cat-medical","15":"first","16":"instock","17":"shipping-taxable","18":"product-type-simple"},"_links":{"self":[{"href":"https:\/\/medtradex.com\/fr\/wp-json\/wp\/v2\/product\/3585","targetHints":{"allow":["GET"]}}],"collection":[{"href":"https:\/\/medtradex.com\/fr\/wp-json\/wp\/v2\/product"}],"about":[{"href":"https:\/\/medtradex.com\/fr\/wp-json\/wp\/v2\/types\/product"}],"wp:featuredmedia":[{"embeddable":true,"href":"https:\/\/medtradex.com\/fr\/wp-json\/wp\/v2\/media\/3040"}],"wp:attachment":[{"href":"https:\/\/medtradex.com\/fr\/wp-json\/wp\/v2\/media?parent=3585"}],"wp:term":[{"taxonomy":"product_brand","embeddable":true,"href":"https:\/\/medtradex.com\/fr\/wp-json\/wp\/v2\/product_brand?post=3585"},{"taxonomy":"product_cat","embeddable":true,"href":"https:\/\/medtradex.com\/fr\/wp-json\/wp\/v2\/product_cat?post=3585"},{"taxonomy":"product_tag","embeddable":true,"href":"https:\/\/medtradex.com\/fr\/wp-json\/wp\/v2\/product_tag?post=3585"}],"curies":[{"name":"wp","href":"https:\/\/api.w.org\/{rel}","templated":true}]}}