{"id":3584,"date":"2025-07-24T12:13:49","date_gmt":"2025-07-24T10:13:49","guid":{"rendered":"https:\/\/medtradex.com\/product\/nocobox\/"},"modified":"2025-11-04T17:18:21","modified_gmt":"2025-11-04T15:18:21","slug":"nocobox","status":"publish","type":"product","link":"https:\/\/medtradex.com\/fr\/produit\/nocobox\/","title":{"rendered":"Nocobox"},"content":{"rendered":"<p>Les\u00a0<strong>Nocobox<\/strong>\u00a0sont des\u00a0<strong>bo\u00eetes de culture<\/strong>\u00a0avec nutriments destin\u00e9es \u00e0\u00a0<strong>mettre en \u00e9vidence<\/strong>\u00a0la\u00a0<strong>pr\u00e9sence<\/strong>\u00a0de\u00a0<strong>germes<\/strong>\u00a0sur les surfaces. Elles petrmettent de v\u00e9rifier notamment le r\u00e9sultat obtenu par le Concept Nocospray\/Nocolyse.<\/p>\n<h3><strong>Caract\u00e9ristiques<\/strong><\/h3>\n<ul>\n<li><strong>Tra\u00e7abilit\u00e9<\/strong>\u00a0compl\u00e8te de la d\u00e9sinfection avec la datation<\/li>\n<li><strong>Mettre en \u00e9vidence<\/strong>\u00a0la pr\u00e9sence de micro-organismes sur les surfaces<\/li>\n<li><strong>R\u00e9sultats<\/strong>\u00a0apr\u00e8s 48h (\u00e0 temp\u00e9rature ambiante)<\/li>\n<\/ul>\n<h3><strong>Application<\/strong><\/h3>\n<p>\u00c0 utiliser avec le\u00a0<strong>Nocospray<\/strong>.<\/p>\n","protected":false},"excerpt":{"rendered":"<a class=\"button  button_full_width button_size_2\" href=\"\/wp-content\/uploads\/2025\/11\/FLY_fiche_technique_nocotech_fr_nocobox-6.pdf\"     target=\"_blank\"    title=\"\"><span class=\"button_label\">Sp\u00e9cifications<\/span><\/a>\n\n","protected":false},"featured_media":3036,"template":"","meta":[],"product_brand":[554],"product_cat":[610,612,611,622,590],"product_tag":[616,635],"class_list":{"0":"post-3584","1":"product","2":"type-product","3":"status-publish","4":"has-post-thumbnail","6":"product_brand-oxypharm","7":"product_cat-industrie-fr","8":"product_cat-pharmaceutique-laboratoires","9":"product_cat-prevention-des-infections","10":"product_cat-food-fr","11":"product_cat-medical","12":"product_tag-nettoyage-desinfection","13":"product_tag-validation","15":"first","16":"instock","17":"shipping-taxable","18":"product-type-simple"},"_links":{"self":[{"href":"https:\/\/medtradex.com\/fr\/wp-json\/wp\/v2\/product\/3584","targetHints":{"allow":["GET"]}}],"collection":[{"href":"https:\/\/medtradex.com\/fr\/wp-json\/wp\/v2\/product"}],"about":[{"href":"https:\/\/medtradex.com\/fr\/wp-json\/wp\/v2\/types\/product"}],"wp:featuredmedia":[{"embeddable":true,"href":"https:\/\/medtradex.com\/fr\/wp-json\/wp\/v2\/media\/3036"}],"wp:attachment":[{"href":"https:\/\/medtradex.com\/fr\/wp-json\/wp\/v2\/media?parent=3584"}],"wp:term":[{"taxonomy":"product_brand","embeddable":true,"href":"https:\/\/medtradex.com\/fr\/wp-json\/wp\/v2\/product_brand?post=3584"},{"taxonomy":"product_cat","embeddable":true,"href":"https:\/\/medtradex.com\/fr\/wp-json\/wp\/v2\/product_cat?post=3584"},{"taxonomy":"product_tag","embeddable":true,"href":"https:\/\/medtradex.com\/fr\/wp-json\/wp\/v2\/product_tag?post=3584"}],"curies":[{"name":"wp","href":"https:\/\/api.w.org\/{rel}","templated":true}]}}