{"id":3583,"date":"2025-07-24T12:07:59","date_gmt":"2025-07-24T10:07:59","guid":{"rendered":"https:\/\/medtradex.com\/product\/nocotest\/"},"modified":"2025-11-04T17:06:18","modified_gmt":"2025-11-04T15:06:18","slug":"nocotest","status":"publish","type":"product","link":"https:\/\/medtradex.com\/fr\/produit\/nocotest\/","title":{"rendered":"Nocotest"},"content":{"rendered":"<p>Les\u00a0<strong>Nocotests<\/strong>\u00a0sont des\u00a0<strong>bandelettes colorim\u00e9triques<\/strong>\u00a0destin\u00e9es \u00e0 la mise en\u00a0<strong>\u00e9vidence s\u00e9mi-quantitative<\/strong>\u00a0de\u00a0<strong>peroxides d&rsquo;hydrog\u00e8ne<\/strong>\u00a0(H<sub>2<\/sub>O<sub>2<\/sub>). Elles permettent de\u00a0<strong>v\u00e9rifier<\/strong>\u00a0notamment que la\u00a0<strong>diffusion<\/strong>\u00a0obtenue par le Concept Nocospray\/Nocolyse est bien\u00a0<strong>homog\u00e8ne<\/strong>.<\/p>\n<p>Le Nocotest contient un\u00a0<strong>indicateur<\/strong>\u00a0<strong>redox organique<\/strong>\u00a0qui r\u00e9agit avec le peroxyde d&rsquo;hydrog\u00e8ne pour former un compos\u00e9 d&rsquo;oxydations bleut\u00e9es.<\/p>\n<h3><strong>Caract\u00e9ristiques<\/strong><\/h3>\n<ul>\n<li><strong>V\u00e9rification<\/strong>\u00a0de la r\u00e9partition uniforme du Nocolyse sur chaque cm\u00b2<\/li>\n<li><strong>Tra\u00e7abilit\u00e9<\/strong>\u00a0compl\u00e8te de la d\u00e9sinfection avec la datation<\/li>\n<li><strong>Mettre en \u00e9vidence<\/strong>\u00a0la pr\u00e9sence de\u00a0peroxyde d&rsquo;hydrog\u00e8ne sur les surfaces<\/li>\n<li><strong>R\u00e9sultats<\/strong>\u00a0apr\u00e8s 1h<\/li>\n<\/ul>\n<h3><strong>Application<\/strong><\/h3>\n<p>\u00c0 utiliser avec le\u00a0<strong>Nocospray<\/strong>.<\/p>\n<p>&nbsp;<\/p>\n","protected":false},"excerpt":{"rendered":"<a class=\"button  button_full_width button_size_2\" href=\"\/wp-content\/uploads\/2025\/11\/Data-Sheet-Oxypharm-Nocotest-FR.pdf\"     target=\"_blank\"    title=\"\"><span class=\"button_label\">Sp\u00e9cifications<\/span><\/a>\n\n","protected":false},"featured_media":3032,"template":"","meta":[],"product_brand":[554],"product_cat":[610,612,611,622,590],"product_tag":[616,635],"class_list":{"0":"post-3583","1":"product","2":"type-product","3":"status-publish","4":"has-post-thumbnail","6":"product_brand-oxypharm","7":"product_cat-industrie-fr","8":"product_cat-pharmaceutique-laboratoires","9":"product_cat-prevention-des-infections","10":"product_cat-food-fr","11":"product_cat-medical","12":"product_tag-nettoyage-desinfection","13":"product_tag-validation","15":"first","16":"instock","17":"shipping-taxable","18":"product-type-simple"},"_links":{"self":[{"href":"https:\/\/medtradex.com\/fr\/wp-json\/wp\/v2\/product\/3583","targetHints":{"allow":["GET"]}}],"collection":[{"href":"https:\/\/medtradex.com\/fr\/wp-json\/wp\/v2\/product"}],"about":[{"href":"https:\/\/medtradex.com\/fr\/wp-json\/wp\/v2\/types\/product"}],"wp:featuredmedia":[{"embeddable":true,"href":"https:\/\/medtradex.com\/fr\/wp-json\/wp\/v2\/media\/3032"}],"wp:attachment":[{"href":"https:\/\/medtradex.com\/fr\/wp-json\/wp\/v2\/media?parent=3583"}],"wp:term":[{"taxonomy":"product_brand","embeddable":true,"href":"https:\/\/medtradex.com\/fr\/wp-json\/wp\/v2\/product_brand?post=3583"},{"taxonomy":"product_cat","embeddable":true,"href":"https:\/\/medtradex.com\/fr\/wp-json\/wp\/v2\/product_cat?post=3583"},{"taxonomy":"product_tag","embeddable":true,"href":"https:\/\/medtradex.com\/fr\/wp-json\/wp\/v2\/product_tag?post=3583"}],"curies":[{"name":"wp","href":"https:\/\/api.w.org\/{rel}","templated":true}]}}