{"id":3581,"date":"2025-07-24T11:25:45","date_gmt":"2025-07-24T09:25:45","guid":{"rendered":"https:\/\/medtradex.com\/product\/nocodor\/"},"modified":"2025-11-04T16:57:04","modified_gmt":"2025-11-04T14:57:04","slug":"nocodor","status":"publish","type":"product","link":"https:\/\/medtradex.com\/fr\/produit\/nocodor\/","title":{"rendered":"Nocodor"},"content":{"rendered":"<p>Nocodor est une\u00a0<strong>nouvelle g\u00e9n\u00e9ration<\/strong>\u00a0de\u00a0<strong>bio-d\u00e9sinfectant<\/strong>, \u00e0 base de peroxyde d&rsquo;hydrog\u00e8ne stabilis\u00e9 par un complexe d&rsquo;argent collo\u00efdal (30 ppm) et des huiles essentielles.<\/p>\n<h3><strong>Caract\u00e9ristiques<\/strong><\/h3>\n<ul>\n<li>D\u00e9sinfectant et\u00a0<strong>destructeur d&rsquo;odeurs<\/strong>\u00a0biologiques<\/li>\n<li>Solution aqueuse pr\u00eate \u00e0 l&#8217;emploi<\/li>\n<li>Activit\u00e9 bact\u00e9ricide, virucide, sporicide, fongicide et d\u00e9sodorisante<\/li>\n<li>Actif sur les principales odeurs d&rsquo;<strong>origine organique<\/strong>\u00a0ou\u00a0<strong>bact\u00e9rienne<\/strong>: tabac, urine, poubelle, animaux, industrie, &#8230;<\/li>\n<\/ul>\n<h3><strong>Application<\/strong><\/h3>\n<p>\u00c0 utiliser avec le\u00a0<strong>Nocospray<\/strong>.<\/p>\n","protected":false},"excerpt":{"rendered":"<a class=\"button  button_full_width button_size_2\" href=\"\/wp-content\/uploads\/2025\/11\/FDS-NOCOLYSE-NOCODOR-FRv5.pdf\"     target=\"_blank\"    title=\"\"><span class=\"button_label\">Fiche de donn\u00e9es de s\u00e9curit\u00e9<\/span><\/a>\n\n","protected":false},"featured_media":2999,"template":"","meta":[],"product_brand":[554],"product_cat":[611,590],"product_tag":[616,615],"class_list":{"0":"post-3581","1":"product","2":"type-product","3":"status-publish","4":"has-post-thumbnail","6":"product_brand-oxypharm","7":"product_cat-prevention-des-infections","8":"product_cat-medical","9":"product_tag-nettoyage-desinfection","10":"product_tag-surfaces","12":"first","13":"instock","14":"shipping-taxable","15":"product-type-simple"},"_links":{"self":[{"href":"https:\/\/medtradex.com\/fr\/wp-json\/wp\/v2\/product\/3581","targetHints":{"allow":["GET"]}}],"collection":[{"href":"https:\/\/medtradex.com\/fr\/wp-json\/wp\/v2\/product"}],"about":[{"href":"https:\/\/medtradex.com\/fr\/wp-json\/wp\/v2\/types\/product"}],"wp:featuredmedia":[{"embeddable":true,"href":"https:\/\/medtradex.com\/fr\/wp-json\/wp\/v2\/media\/2999"}],"wp:attachment":[{"href":"https:\/\/medtradex.com\/fr\/wp-json\/wp\/v2\/media?parent=3581"}],"wp:term":[{"taxonomy":"product_brand","embeddable":true,"href":"https:\/\/medtradex.com\/fr\/wp-json\/wp\/v2\/product_brand?post=3581"},{"taxonomy":"product_cat","embeddable":true,"href":"https:\/\/medtradex.com\/fr\/wp-json\/wp\/v2\/product_cat?post=3581"},{"taxonomy":"product_tag","embeddable":true,"href":"https:\/\/medtradex.com\/fr\/wp-json\/wp\/v2\/product_tag?post=3581"}],"curies":[{"name":"wp","href":"https:\/\/api.w.org\/{rel}","templated":true}]}}