{"id":3567,"date":"2025-07-07T16:14:31","date_gmt":"2025-07-07T14:14:31","guid":{"rendered":"https:\/\/medtradex.com\/product\/nocospray-2\/"},"modified":"2025-11-04T15:54:30","modified_gmt":"2025-11-04T13:54:30","slug":"nocospray-2","status":"publish","type":"product","link":"https:\/\/medtradex.com\/fr\/produit\/nocospray-2\/","title":{"rendered":"Nocospray\u00ae 2"},"content":{"rendered":"<h3><strong>Efficace contre les spores, les bact\u00e9ries, les virus et les champignons!<\/strong><\/h3>\n<p>Spores, virus, bact\u00e9ries et champignons, sont invisibles, mais pourtant ils sont partout.<\/p>\n<p>Une\u00a0<strong>turbine \u00e0 chaleur ionis\u00e9e<\/strong>\u00a0distribue le liquide Nocolyse\u00a0&#8211;<strong>d\u00e9sinfectant bio-d\u00e9gradable<\/strong>\u00a0\u00e0 base de\u00a0<strong>H<sub>2<\/sub>O<sub>2<\/sub><\/strong>&#8211; sous forme de\u00a0<strong>pluie fine s\u00e8che<\/strong>.\u00a0Le Concept Nocospray permet de\u00a0<strong>d\u00e9sinfecter<\/strong>\u00a0<strong>automatiquement<\/strong>\u00a0<strong>toutes les surfaces<\/strong>\u00a0d\u2019une pi\u00e8ce. Le Nocospray est \u00e0 conseiller pour\u00a0la lutte contre le\u00a0<strong>MRSA\/Corona<\/strong>, le\u00a0<strong>CPE<\/strong>, les\u00a0<em><strong>Norovirus<\/strong><\/em>, le\u00a0<strong>VRE<\/strong>, le\u00a0<em><strong>C. diff.<\/strong><\/em>,\u00a0\u2026<\/p>\n<p>La d\u00e9sinfection se fait d&rsquo;une mani\u00e8re\u00a0<strong>respectueuse de l&rsquo;environnement<\/strong>: le produit se d\u00e9compose en eau en oxyg\u00e8ne et ne contient\u00a0<strong>aucun allerg\u00e8ne<\/strong>\u00a0ou autres produits dangereux pour l&rsquo;homme. Toutes les surfaces sont d\u00e9sinfect\u00e9es\u00a0<strong>sans risques de corrosion<\/strong>\u00a0ou d&rsquo;<strong>oxydation<\/strong>.\u00a0Le syst\u00e8me est rapide, pratique et efficace: seulement 1 ml Nocolyse\u00ae pour d\u00e9sinfecter 1 m\u00b3.\u00a0Ce produit a \u00e9t\u00e9 d\u00e9velopp\u00e9 conform\u00e9ment aux normes\u00a0<strong>ISO 9001\/13485<\/strong>.<\/p>\n<h3><strong>Caract\u00e9ristiques<\/strong><\/h3>\n<ul>\n<li>D\u00e9sinfection\u00a0<strong>automatique<\/strong><\/li>\n<li>Volumes de\u00a0<strong>10 jusque 1.000 m\u00b3<\/strong><\/li>\n<li>D\u00e9sinfection \u00e0 sec,\u00a0<strong>sans r\u00e9sidus<\/strong><\/li>\n<li>Commande intuitive via un\u00a0<strong>touchpad<\/strong><\/li>\n<li><strong>T\u00e9l\u00e9commande<\/strong>\u00a0(en option)<\/li>\n<li>Reproductible<\/li>\n<li>Validable<\/li>\n<li><strong>Compatibilit\u00e9 mat\u00e9riel<\/strong>\u00a0\u00e0 100%<\/li>\n<li>Pas d\u2019effet allerg\u00e9nique<\/li>\n<li>ISO 9001\/13485<\/li>\n<\/ul>\n<div class=\"content_video iframe auto-wh\"><iframe style=\"\" class=\"scale-with-grid mcb-video\" src=\"https:\/\/www.youtube.com\/embed\/vYZ2VJnRM2s?wmode=opaque&amp;rel=0&amp;enablejsapi=1\" allowfullscreen><\/iframe>\n<\/div>\n\n","protected":false},"excerpt":{"rendered":"<a class=\"button  button_full_width button_size_2\" href=\"\/wp-content\/uploads\/2025\/11\/Nocotech_brochure_A4_16p_V4.pdf\"     target=\"_blank\"    title=\"\"><span class=\"button_label\">Brochure<\/span><\/a>\n\n","protected":false},"featured_media":2975,"template":"","meta":[],"product_brand":[554],"product_cat":[610,614,612,611,613,622,590],"product_tag":[627,616,615],"class_list":{"0":"post-3567","1":"product","2":"type-product","3":"status-publish","4":"has-post-thumbnail","6":"product_brand-oxypharm","7":"product_cat-industrie-fr","8":"product_cat-institutions-publiques","9":"product_cat-pharmaceutique-laboratoires","10":"product_cat-prevention-des-infections","11":"product_cat-transport-fr","12":"product_cat-food-fr","13":"product_cat-medical","14":"product_tag-lutte-antiparasitaire","15":"product_tag-nettoyage-desinfection","16":"product_tag-surfaces","18":"first","19":"instock","20":"featured","21":"shipping-taxable","22":"product-type-simple"},"_links":{"self":[{"href":"https:\/\/medtradex.com\/fr\/wp-json\/wp\/v2\/product\/3567","targetHints":{"allow":["GET"]}}],"collection":[{"href":"https:\/\/medtradex.com\/fr\/wp-json\/wp\/v2\/product"}],"about":[{"href":"https:\/\/medtradex.com\/fr\/wp-json\/wp\/v2\/types\/product"}],"wp:featuredmedia":[{"embeddable":true,"href":"https:\/\/medtradex.com\/fr\/wp-json\/wp\/v2\/media\/2975"}],"wp:attachment":[{"href":"https:\/\/medtradex.com\/fr\/wp-json\/wp\/v2\/media?parent=3567"}],"wp:term":[{"taxonomy":"product_brand","embeddable":true,"href":"https:\/\/medtradex.com\/fr\/wp-json\/wp\/v2\/product_brand?post=3567"},{"taxonomy":"product_cat","embeddable":true,"href":"https:\/\/medtradex.com\/fr\/wp-json\/wp\/v2\/product_cat?post=3567"},{"taxonomy":"product_tag","embeddable":true,"href":"https:\/\/medtradex.com\/fr\/wp-json\/wp\/v2\/product_tag?post=3567"}],"curies":[{"name":"wp","href":"https:\/\/api.w.org\/{rel}","templated":true}]}}