{"id":3510,"date":"2025-07-22T16:30:32","date_gmt":"2025-07-22T14:30:32","guid":{"rendered":"https:\/\/medtradex.com\/product\/nocolyse-neutral-6\/"},"modified":"2025-11-04T16:22:58","modified_gmt":"2025-11-04T14:22:58","slug":"nocolyse-neutral-6","status":"publish","type":"product","link":"https:\/\/medtradex.com\/fr\/produit\/nocolyse-neutral-6\/","title":{"rendered":"Nocolyse Neutral 6%"},"content":{"rendered":"<p>Le produit d\u00e9sinfectant\u00a0<strong>Nocolyse Neutral<\/strong>\u00a0est un\u00a0<strong>bio-d\u00e9sinfectant<\/strong>\u00a0liquide contenant\u00a0<strong>6% de peroxyde d\u2019hydrog\u00e8ne<\/strong>\u00a0(H<sub>2<\/sub>O<sub>2<\/sub>) dans de l\u2019eau distill\u00e9e stabilis\u00e9 par un complexe d\u2019argent collo\u00efdal.<\/p>\n<p>Le double effet du Nocospray d\u2019un c\u00f4t\u00e9 et de l\u2019autre la\u00a0Nocolyse permettent de\u00a0<strong>d\u00e9sinfecter automatiquement<\/strong>\u00a0les\u00a0<strong>surfaces<\/strong>\u00a0d\u2019une pi\u00e8ce. Le Nocolyse est efficace contre les\u00a0<strong>spores<\/strong>, les\u00a0<strong>bact\u00e9ries<\/strong>, les\u00a0<strong>virus<\/strong>\u00a0et les\u00a0<strong>champignons<\/strong>\u00a0et est\u00a0<strong>\u00e0 conseiller<\/strong>\u00a0pour la\u00a0lutte contre le\u00a0<strong>MRSA<\/strong>, le\u00a0<strong>CPE<\/strong>, le\u00a0<strong>ESBL<\/strong>, les\u00a0<strong>Norovirus<\/strong>, le\u00a0<strong>VRE<\/strong>, le\u00a0<strong>Clostridium difficile<\/strong>, \u2026<\/p>\n<p>Ce biocide est reconnu en Belgique sous le num\u00e9ro\u00a0<strong>9117B\u00a0<\/strong>et aux Pays-Bas sous le num\u00e9ro\u00a0<strong>14227N<\/strong>.<\/p>\n<h3><strong>Caract\u00e9ristiques<\/strong><\/h3>\n<ul>\n<li>Nouvelle g\u00e9n\u00e9ration de bio-d\u00e9sinfectant, \u00e0 base de peroxyde d&rsquo;hydrog\u00e8ne stabilis\u00e9 par\u00a0un complexe d&rsquo;argent collo\u00efdal<\/li>\n<li>Solution aqueuse pr\u00eate \u00e0 l&#8217;emploi<\/li>\n<li>Activit\u00e9 bact\u00e9ricide, virucide, sporicide et fongicide<\/li>\n<li>Parfums\u00a0<strong>neutre<\/strong>\u00a0et\u00a0<strong>menthe<\/strong><\/li>\n<\/ul>\n<h3><strong>Application<\/strong><\/h3>\n<p>\u00c0 utiliser avec le <strong>Nocospray<\/strong>.<\/p>\n<div class=\"content_video iframe auto-wh\"><iframe style=\"\" class=\"scale-with-grid mcb-video\" src=\"https:\/\/www.youtube.com\/embed\/JSXf5NlZr3o?wmode=opaque&amp;rel=0&amp;enablejsapi=1\" allowfullscreen><\/iframe>\n<\/div>\n\n","protected":false},"excerpt":{"rendered":"<a class=\"button  button_full_width button_size_2\" href=\"\/wp-content\/uploads\/2025\/09\/FDS_Nocolyse_neutre_FR_v1.pdf\"     target=\"_blank\"    title=\"\"><span class=\"button_label\">Fiche de Donn\u00e9es de S\u00e9curit\u00e9<\/span><\/a>\n\n","protected":false},"featured_media":2999,"template":"","meta":[],"product_brand":[554],"product_cat":[610,614,612,611,613,590],"product_tag":[616,615],"class_list":{"0":"post-3510","1":"product","2":"type-product","3":"status-publish","4":"has-post-thumbnail","6":"product_brand-oxypharm","7":"product_cat-industrie-fr","8":"product_cat-institutions-publiques","9":"product_cat-pharmaceutique-laboratoires","10":"product_cat-prevention-des-infections","11":"product_cat-transport-fr","12":"product_cat-medical","13":"product_tag-nettoyage-desinfection","14":"product_tag-surfaces","16":"first","17":"instock","18":"shipping-taxable","19":"product-type-simple"},"_links":{"self":[{"href":"https:\/\/medtradex.com\/fr\/wp-json\/wp\/v2\/product\/3510","targetHints":{"allow":["GET"]}}],"collection":[{"href":"https:\/\/medtradex.com\/fr\/wp-json\/wp\/v2\/product"}],"about":[{"href":"https:\/\/medtradex.com\/fr\/wp-json\/wp\/v2\/types\/product"}],"wp:featuredmedia":[{"embeddable":true,"href":"https:\/\/medtradex.com\/fr\/wp-json\/wp\/v2\/media\/2999"}],"wp:attachment":[{"href":"https:\/\/medtradex.com\/fr\/wp-json\/wp\/v2\/media?parent=3510"}],"wp:term":[{"taxonomy":"product_brand","embeddable":true,"href":"https:\/\/medtradex.com\/fr\/wp-json\/wp\/v2\/product_brand?post=3510"},{"taxonomy":"product_cat","embeddable":true,"href":"https:\/\/medtradex.com\/fr\/wp-json\/wp\/v2\/product_cat?post=3510"},{"taxonomy":"product_tag","embeddable":true,"href":"https:\/\/medtradex.com\/fr\/wp-json\/wp\/v2\/product_tag?post=3510"}],"curies":[{"name":"wp","href":"https:\/\/api.w.org\/{rel}","templated":true}]}}